{"id":182,"date":"2026-02-27T11:04:45","date_gmt":"2026-02-27T11:04:45","guid":{"rendered":"https:\/\/lydaily.qweb.com.vn\/?post_type=product&#038;p=182"},"modified":"2026-03-13T04:40:19","modified_gmt":"2026-03-13T04:40:19","slug":"hop-nuoc-hong-sam-6-nam-tuoi-han-quoc-korean-red-ginseng-extract-health-time","status":"publish","type":"product","link":"https:\/\/lydaily.vn\/jp\/san-pham\/hop-nuoc-hong-sam-6-nam-tuoi-han-quoc-korean-red-ginseng-extract-health-time\/","title":{"rendered":"H\u1ed9p n\u01b0\u1edbc h\u1ed3ng s\u00e2m 6 n\u0103m tu\u1ed5i H\u00e0n Qu\u1ed1c Korean Red Ginseng Extract Health Time"},"content":{"rendered":"<p class=\"QN2lPu\">H\u1ed9p n\u01b0\u1edbc h\u1ed3ng s\u00e2m 6 n\u0103m tu\u1ed5i H\u00e0n Qu\u1ed1c Korean Red Ginseng Extract Health Time. S\u1ea3n ph\u1ea9m ph\u00f9 h\u1ee3p cho nh\u1eefng ng\u01b0\u1eddi b\u1eadn r\u1ed9n, n\u0103ng \u0111\u1ed9ng, c\u1ea7n c\u1ea3i thi\u1ec7n s\u1ee9c kh\u1ecfe v\u00e0 tinh th\u1ea7n: Gi\u1ea3m m\u1ec7t m\u1ecfi, gi\u1ea3m b\u1edbt nh\u1eefng c\u0103ng th\u1eb3ng, m\u1ec7t m\u1ecfi, stress v\u00e0 \u00e1p l\u1ef1c trong cu\u1ed9c s\u1ed1ng cho nh\u1eefng ng\u01b0\u1eddi b\u1eadn r\u1ed9n v\u00e0 y\u00eau th\u00edch, \u0111am m\u00ea c\u00f4ng vi\u1ec7c, \u0111\u1eb7c bi\u1ec7t cho ng\u01b0\u1eddi m\u1edbi \u1ed1m d\u1eady,&#8230; c\u00f9ng v\u00f4 v\u00e0n nh\u1eefng t\u00e1c d\u1ee5ng tuy\u1ec7t v\u1eddi kh\u00e1c m\u00e0 h\u1ed3ng s\u00e2m \u0111em l\u1ea1i cho s\u1ee9c kh\u1ecfe c\u1ee7a ch\u00fang m\u00e0 ai c\u0169ng bi\u1ebft. N\u01b0\u1edbc h\u1ed3ng s\u00e2m 6 n\u0103m tu\u1ed5i d\u1ea1ng g\u00f3i 15ml l\u00e0 s\u1ea3n ph\u1ea9m ch\u1ea5t l\u01b0\u1ee3ng cao, \u0111\u01b0\u1ee3c chi\u1ebft xu\u1ea5t t\u1eeb 100% h\u1ed3ng s\u00e2m 6 n\u0103m tu\u1ed5i \u0111\u01b0\u1ee3c tr\u1ed3ng t\u1ea1i H\u00e0n Qu\u1ed1c, v\u00e0 th\u00e0nh ph\u1ea7n \u0111\u01b0\u1ee3c b\u1ed5 sung th\u00eam c\u00e1c chi\u1ebft xu\u1ea5t d\u01b0\u1ee3c li\u1ec7u qu\u00fd nh\u01b0: b\u1ea1ch tru\u1eadt, \u0111\u01b0\u01a1ng quy, linh chi, t\u00e1o \u0111\u1ecf cho h\u01b0\u01a1ng v\u1ecb h\u1ed3ng s\u00e2m \u0111\u1eadm v\u1ecb nh\u01b0ng kh\u00f4ng h\u1ec1 \u0111\u1eafng v\u00e0 b\u1ed5 d\u01b0\u1ee1ng. HDSD: Ng\u01b0\u1eddi l\u1edbn ng\u00e0y d\u00f9ng 1 l\u1ea7n, m\u1ed7i l\u1ea7n 1 g\u00f3i. Ng\u01b0\u1eddi d\u01b0\u1edbi 15 tu\u1ed5i d\u00f9ng l\u01b0\u1ee3ng b\u1eb1ng 1\/2 ng\u01b0\u1eddi l\u1edbn\/ ng\u00e0y.<\/p>\n","protected":false},"excerpt":{"rendered":"<p>S\u1ea3n ph\u1ea9m ph\u00f9 h\u1ee3p cho nh\u1eefng ng\u01b0\u1eddi b\u1eadn r\u1ed9n, n\u0103ng \u0111\u1ed9ng, c\u1ea7n c\u1ea3i thi\u1ec7n s\u1ee9c kh\u1ecfe v\u00e0 tinh th\u1ea7n: Gi\u1ea3m m\u1ec7t m\u1ecfi, gi\u1ea3m b\u1edbt nh\u1eefng c\u0103ng th\u1eb3ng, m\u1ec7t m\u1ecfi, stress v\u00e0 \u00e1p l\u1ef1c trong cu\u1ed9c s\u1ed1ng cho nh\u1eefng ng\u01b0\u1eddi b\u1eadn r\u1ed9n v\u00e0 y\u00eau th\u00edch, \u0111am m\u00ea c\u00f4ng vi\u1ec7c, \u0111\u1eb7c bi\u1ec7t cho ng\u01b0\u1eddi m\u1edbi \u1ed1m d\u1eady,&#8230; c\u00f9ng v\u00f4 v\u00e0n nh\u1eefng t\u00e1c d\u1ee5ng tuy\u1ec7t v\u1eddi kh\u00e1c m\u00e0 h\u1ed3ng s\u00e2m \u0111em l\u1ea1i cho s\u1ee9c kh\u1ecfe c\u1ee7a ch\u00fang m\u00e0 ai c\u0169ng bi\u1ebft<\/p>\n","protected":false},"featured_media":183,"comment_status":"open","ping_status":"closed","template":"","meta":[],"product_brand":[],"product_cat":[21],"product_tag":[],"class_list":{"0":"post-182","1":"product","2":"type-product","3":"status-publish","4":"has-post-thumbnail","6":"product_cat-thuc-pham-chuc-nang","8":"first","9":"instock","10":"shipping-taxable","11":"purchasable","12":"product-type-simple"},"yoast_head":"<!-- This site is optimized with the Yoast SEO Premium plugin v22.3 (Yoast SEO v27.1.1) - https:\/\/yoast.com\/product\/yoast-seo-premium-wordpress\/ -->\n<title>H\u1ed9p n\u01b0\u1edbc h\u1ed3ng s\u00e2m 6 n\u0103m tu\u1ed5i H\u00e0n Qu\u1ed1c Korean Red Ginseng Extract Health Time - Ly Daily<\/title>\n<meta name=\"robots\" content=\"index, follow, max-snippet:-1, max-image-preview:large, max-video-preview:-1\" \/>\n<link rel=\"canonical\" href=\"https:\/\/lydaily.vn\/jp\/san-pham\/hop-nuoc-hong-sam-6-nam-tuoi-han-quoc-korean-red-ginseng-extract-health-time\/\" \/>\n<meta property=\"og:locale\" content=\"vi_VN\" \/>\n<meta property=\"og:type\" content=\"article\" \/>\n<meta property=\"og:title\" content=\"H\u1ed9p n\u01b0\u1edbc h\u1ed3ng s\u00e2m 6 n\u0103m tu\u1ed5i H\u00e0n Qu\u1ed1c Korean Red Ginseng Extract Health Time\" \/>\n<meta property=\"og:description\" content=\"S\u1ea3n ph\u1ea9m ph\u00f9 h\u1ee3p cho nh\u1eefng ng\u01b0\u1eddi b\u1eadn r\u1ed9n, n\u0103ng \u0111\u1ed9ng, c\u1ea7n c\u1ea3i thi\u1ec7n s\u1ee9c kh\u1ecfe v\u00e0 tinh th\u1ea7n: Gi\u1ea3m m\u1ec7t m\u1ecfi, gi\u1ea3m b\u1edbt nh\u1eefng c\u0103ng th\u1eb3ng, m\u1ec7t m\u1ecfi, stress v\u00e0 \u00e1p l\u1ef1c trong cu\u1ed9c s\u1ed1ng cho nh\u1eefng ng\u01b0\u1eddi b\u1eadn r\u1ed9n v\u00e0 y\u00eau th\u00edch, \u0111am m\u00ea c\u00f4ng vi\u1ec7c, \u0111\u1eb7c bi\u1ec7t cho ng\u01b0\u1eddi m\u1edbi \u1ed1m d\u1eady,... c\u00f9ng v\u00f4 v\u00e0n nh\u1eefng t\u00e1c d\u1ee5ng tuy\u1ec7t v\u1eddi kh\u00e1c m\u00e0 h\u1ed3ng s\u00e2m \u0111em l\u1ea1i cho s\u1ee9c kh\u1ecfe c\u1ee7a ch\u00fang m\u00e0 ai c\u0169ng bi\u1ebft\" \/>\n<meta property=\"og:url\" content=\"https:\/\/lydaily.vn\/jp\/san-pham\/hop-nuoc-hong-sam-6-nam-tuoi-han-quoc-korean-red-ginseng-extract-health-time\/\" \/>\n<meta property=\"og:site_name\" content=\"Ly Daily\" \/>\n<meta property=\"article:modified_time\" content=\"2026-03-13T04:40:19+00:00\" \/>\n<meta property=\"og:image\" content=\"https:\/\/lydaily.vn\/jp\/wp-content\/uploads\/2026\/02\/Hop-nuoc-hong-sam-6-nam-tuoi-Han-Quoc-Korean-Red-Ginseng-Extract-Health-Time-15mlx30-goi.webp\" \/>\n\t<meta property=\"og:image:width\" content=\"900\" \/>\n\t<meta property=\"og:image:height\" content=\"900\" \/>\n\t<meta property=\"og:image:type\" content=\"image\/webp\" \/>\n<meta name=\"twitter:card\" content=\"summary_large_image\" \/>\n<meta name=\"twitter:label1\" content=\"\u01af\u1edbc t\u00ednh th\u1eddi gian \u0111\u1ecdc\" \/>\n\t<meta name=\"twitter:data1\" content=\"2 ph\u00fat\" \/>\n<script type=\"application\/ld+json\" class=\"yoast-schema-graph\">{\"@context\":\"https:\/\/schema.org\",\"@graph\":[{\"@type\":\"WebPage\",\"@id\":\"https:\/\/lydaily.vn\/jp\/san-pham\/hop-nuoc-hong-sam-6-nam-tuoi-han-quoc-korean-red-ginseng-extract-health-time\/\",\"url\":\"https:\/\/lydaily.vn\/jp\/san-pham\/hop-nuoc-hong-sam-6-nam-tuoi-han-quoc-korean-red-ginseng-extract-health-time\/\",\"name\":\"H\u1ed9p n\u01b0\u1edbc h\u1ed3ng s\u00e2m 6 n\u0103m tu\u1ed5i H\u00e0n Qu\u1ed1c Korean Red Ginseng Extract Health Time - Ly Daily\",\"isPartOf\":{\"@id\":\"https:\/\/lydaily.vn\/jp\/#website\"},\"primaryImageOfPage\":{\"@id\":\"https:\/\/lydaily.vn\/jp\/san-pham\/hop-nuoc-hong-sam-6-nam-tuoi-han-quoc-korean-red-ginseng-extract-health-time\/#primaryimage\"},\"image\":{\"@id\":\"https:\/\/lydaily.vn\/jp\/san-pham\/hop-nuoc-hong-sam-6-nam-tuoi-han-quoc-korean-red-ginseng-extract-health-time\/#primaryimage\"},\"thumbnailUrl\":\"https:\/\/lydaily.vn\/jp\/wp-content\/uploads\/2026\/02\/Hop-nuoc-hong-sam-6-nam-tuoi-Han-Quoc-Korean-Red-Ginseng-Extract-Health-Time-15mlx30-goi.webp\",\"datePublished\":\"2026-02-27T11:04:45+00:00\",\"dateModified\":\"2026-03-13T04:40:19+00:00\",\"breadcrumb\":{\"@id\":\"https:\/\/lydaily.vn\/jp\/san-pham\/hop-nuoc-hong-sam-6-nam-tuoi-han-quoc-korean-red-ginseng-extract-health-time\/#breadcrumb\"},\"inLanguage\":\"vi\",\"potentialAction\":[{\"@type\":\"ReadAction\",\"target\":[\"https:\/\/lydaily.vn\/jp\/san-pham\/hop-nuoc-hong-sam-6-nam-tuoi-han-quoc-korean-red-ginseng-extract-health-time\/\"]}]},{\"@type\":\"ImageObject\",\"inLanguage\":\"vi\",\"@id\":\"https:\/\/lydaily.vn\/jp\/san-pham\/hop-nuoc-hong-sam-6-nam-tuoi-han-quoc-korean-red-ginseng-extract-health-time\/#primaryimage\",\"url\":\"https:\/\/lydaily.vn\/jp\/wp-content\/uploads\/2026\/02\/Hop-nuoc-hong-sam-6-nam-tuoi-Han-Quoc-Korean-Red-Ginseng-Extract-Health-Time-15mlx30-goi.webp\",\"contentUrl\":\"https:\/\/lydaily.vn\/jp\/wp-content\/uploads\/2026\/02\/Hop-nuoc-hong-sam-6-nam-tuoi-Han-Quoc-Korean-Red-Ginseng-Extract-Health-Time-15mlx30-goi.webp\",\"width\":900,\"height\":900},{\"@type\":\"BreadcrumbList\",\"@id\":\"https:\/\/lydaily.vn\/jp\/san-pham\/hop-nuoc-hong-sam-6-nam-tuoi-han-quoc-korean-red-ginseng-extract-health-time\/#breadcrumb\",\"itemListElement\":[{\"@type\":\"ListItem\",\"position\":1,\"name\":\"Home\",\"item\":\"https:\/\/lydaily.vn\/jp\/\"},{\"@type\":\"ListItem\",\"position\":2,\"name\":\"S\u1ea3n ph\u1ea9m\",\"item\":\"https:\/\/lydaily.vn\/jp\/san-pham\/\"},{\"@type\":\"ListItem\",\"position\":3,\"name\":\"H\u1ed9p n\u01b0\u1edbc h\u1ed3ng s\u00e2m 6 n\u0103m tu\u1ed5i H\u00e0n Qu\u1ed1c Korean Red Ginseng Extract Health Time\"}]},{\"@type\":\"WebSite\",\"@id\":\"https:\/\/lydaily.vn\/jp\/#website\",\"url\":\"https:\/\/lydaily.vn\/jp\/\",\"name\":\"Ly Daily\",\"description\":\"Th\u1ef1c Ph\u1ea9m Ch\u1ee9c N\u0103ng &amp; M\u1ef9 Ph\u1ea9m t\u1ea1i Nh\u1eadt B\u1ea3n v\u00e0 Vi\u1ec7t Nam\",\"potentialAction\":[{\"@type\":\"SearchAction\",\"target\":{\"@type\":\"EntryPoint\",\"urlTemplate\":\"https:\/\/lydaily.vn\/jp\/?s={search_term_string}\"},\"query-input\":{\"@type\":\"PropertyValueSpecification\",\"valueRequired\":true,\"valueName\":\"search_term_string\"}}],\"inLanguage\":\"vi\"}]}<\/script>\n<!-- \/ Yoast SEO Premium plugin. -->","yoast_head_json":{"title":"H\u1ed9p n\u01b0\u1edbc h\u1ed3ng s\u00e2m 6 n\u0103m tu\u1ed5i H\u00e0n Qu\u1ed1c Korean Red Ginseng Extract Health Time - Ly Daily","robots":{"index":"index","follow":"follow","max-snippet":"max-snippet:-1","max-image-preview":"max-image-preview:large","max-video-preview":"max-video-preview:-1"},"canonical":"https:\/\/lydaily.vn\/jp\/san-pham\/hop-nuoc-hong-sam-6-nam-tuoi-han-quoc-korean-red-ginseng-extract-health-time\/","og_locale":"vi_VN","og_type":"article","og_title":"H\u1ed9p n\u01b0\u1edbc h\u1ed3ng s\u00e2m 6 n\u0103m tu\u1ed5i H\u00e0n Qu\u1ed1c Korean Red Ginseng Extract Health Time","og_description":"S\u1ea3n ph\u1ea9m ph\u00f9 h\u1ee3p cho nh\u1eefng ng\u01b0\u1eddi b\u1eadn r\u1ed9n, n\u0103ng \u0111\u1ed9ng, c\u1ea7n c\u1ea3i thi\u1ec7n s\u1ee9c kh\u1ecfe v\u00e0 tinh th\u1ea7n: Gi\u1ea3m m\u1ec7t m\u1ecfi, gi\u1ea3m b\u1edbt nh\u1eefng c\u0103ng th\u1eb3ng, m\u1ec7t m\u1ecfi, stress v\u00e0 \u00e1p l\u1ef1c trong cu\u1ed9c s\u1ed1ng cho nh\u1eefng ng\u01b0\u1eddi b\u1eadn r\u1ed9n v\u00e0 y\u00eau th\u00edch, \u0111am m\u00ea c\u00f4ng vi\u1ec7c, \u0111\u1eb7c bi\u1ec7t cho ng\u01b0\u1eddi m\u1edbi \u1ed1m d\u1eady,... c\u00f9ng v\u00f4 v\u00e0n nh\u1eefng t\u00e1c d\u1ee5ng tuy\u1ec7t v\u1eddi kh\u00e1c m\u00e0 h\u1ed3ng s\u00e2m \u0111em l\u1ea1i cho s\u1ee9c kh\u1ecfe c\u1ee7a ch\u00fang m\u00e0 ai c\u0169ng bi\u1ebft","og_url":"https:\/\/lydaily.vn\/jp\/san-pham\/hop-nuoc-hong-sam-6-nam-tuoi-han-quoc-korean-red-ginseng-extract-health-time\/","og_site_name":"Ly Daily","article_modified_time":"2026-03-13T04:40:19+00:00","og_image":[{"width":900,"height":900,"url":"https:\/\/lydaily.vn\/jp\/wp-content\/uploads\/2026\/02\/Hop-nuoc-hong-sam-6-nam-tuoi-Han-Quoc-Korean-Red-Ginseng-Extract-Health-Time-15mlx30-goi.webp","type":"image\/webp"}],"twitter_card":"summary_large_image","twitter_misc":{"\u01af\u1edbc t\u00ednh th\u1eddi gian \u0111\u1ecdc":"2 ph\u00fat"},"schema":{"@context":"https:\/\/schema.org","@graph":[{"@type":"WebPage","@id":"https:\/\/lydaily.vn\/jp\/san-pham\/hop-nuoc-hong-sam-6-nam-tuoi-han-quoc-korean-red-ginseng-extract-health-time\/","url":"https:\/\/lydaily.vn\/jp\/san-pham\/hop-nuoc-hong-sam-6-nam-tuoi-han-quoc-korean-red-ginseng-extract-health-time\/","name":"H\u1ed9p n\u01b0\u1edbc h\u1ed3ng s\u00e2m 6 n\u0103m tu\u1ed5i H\u00e0n Qu\u1ed1c Korean Red Ginseng Extract Health Time - Ly Daily","isPartOf":{"@id":"https:\/\/lydaily.vn\/jp\/#website"},"primaryImageOfPage":{"@id":"https:\/\/lydaily.vn\/jp\/san-pham\/hop-nuoc-hong-sam-6-nam-tuoi-han-quoc-korean-red-ginseng-extract-health-time\/#primaryimage"},"image":{"@id":"https:\/\/lydaily.vn\/jp\/san-pham\/hop-nuoc-hong-sam-6-nam-tuoi-han-quoc-korean-red-ginseng-extract-health-time\/#primaryimage"},"thumbnailUrl":"https:\/\/lydaily.vn\/jp\/wp-content\/uploads\/2026\/02\/Hop-nuoc-hong-sam-6-nam-tuoi-Han-Quoc-Korean-Red-Ginseng-Extract-Health-Time-15mlx30-goi.webp","datePublished":"2026-02-27T11:04:45+00:00","dateModified":"2026-03-13T04:40:19+00:00","breadcrumb":{"@id":"https:\/\/lydaily.vn\/jp\/san-pham\/hop-nuoc-hong-sam-6-nam-tuoi-han-quoc-korean-red-ginseng-extract-health-time\/#breadcrumb"},"inLanguage":"vi","potentialAction":[{"@type":"ReadAction","target":["https:\/\/lydaily.vn\/jp\/san-pham\/hop-nuoc-hong-sam-6-nam-tuoi-han-quoc-korean-red-ginseng-extract-health-time\/"]}]},{"@type":"ImageObject","inLanguage":"vi","@id":"https:\/\/lydaily.vn\/jp\/san-pham\/hop-nuoc-hong-sam-6-nam-tuoi-han-quoc-korean-red-ginseng-extract-health-time\/#primaryimage","url":"https:\/\/lydaily.vn\/jp\/wp-content\/uploads\/2026\/02\/Hop-nuoc-hong-sam-6-nam-tuoi-Han-Quoc-Korean-Red-Ginseng-Extract-Health-Time-15mlx30-goi.webp","contentUrl":"https:\/\/lydaily.vn\/jp\/wp-content\/uploads\/2026\/02\/Hop-nuoc-hong-sam-6-nam-tuoi-Han-Quoc-Korean-Red-Ginseng-Extract-Health-Time-15mlx30-goi.webp","width":900,"height":900},{"@type":"BreadcrumbList","@id":"https:\/\/lydaily.vn\/jp\/san-pham\/hop-nuoc-hong-sam-6-nam-tuoi-han-quoc-korean-red-ginseng-extract-health-time\/#breadcrumb","itemListElement":[{"@type":"ListItem","position":1,"name":"Home","item":"https:\/\/lydaily.vn\/jp\/"},{"@type":"ListItem","position":2,"name":"S\u1ea3n ph\u1ea9m","item":"https:\/\/lydaily.vn\/jp\/san-pham\/"},{"@type":"ListItem","position":3,"name":"H\u1ed9p n\u01b0\u1edbc h\u1ed3ng s\u00e2m 6 n\u0103m tu\u1ed5i H\u00e0n Qu\u1ed1c Korean Red Ginseng Extract Health Time"}]},{"@type":"WebSite","@id":"https:\/\/lydaily.vn\/jp\/#website","url":"https:\/\/lydaily.vn\/jp\/","name":"Ly Daily","description":"Th\u1ef1c Ph\u1ea9m Ch\u1ee9c N\u0103ng &amp; M\u1ef9 Ph\u1ea9m t\u1ea1i Nh\u1eadt B\u1ea3n v\u00e0 Vi\u1ec7t Nam","potentialAction":[{"@type":"SearchAction","target":{"@type":"EntryPoint","urlTemplate":"https:\/\/lydaily.vn\/jp\/?s={search_term_string}"},"query-input":{"@type":"PropertyValueSpecification","valueRequired":true,"valueName":"search_term_string"}}],"inLanguage":"vi"}]}},"_links":{"self":[{"href":"https:\/\/lydaily.vn\/jp\/wp-json\/wp\/v2\/product\/182","targetHints":{"allow":["GET"]}}],"collection":[{"href":"https:\/\/lydaily.vn\/jp\/wp-json\/wp\/v2\/product"}],"about":[{"href":"https:\/\/lydaily.vn\/jp\/wp-json\/wp\/v2\/types\/product"}],"replies":[{"embeddable":true,"href":"https:\/\/lydaily.vn\/jp\/wp-json\/wp\/v2\/comments?post=182"}],"wp:featuredmedia":[{"embeddable":true,"href":"https:\/\/lydaily.vn\/jp\/wp-json\/wp\/v2\/media\/183"}],"wp:attachment":[{"href":"https:\/\/lydaily.vn\/jp\/wp-json\/wp\/v2\/media?parent=182"}],"wp:term":[{"taxonomy":"product_brand","embeddable":true,"href":"https:\/\/lydaily.vn\/jp\/wp-json\/wp\/v2\/product_brand?post=182"},{"taxonomy":"product_cat","embeddable":true,"href":"https:\/\/lydaily.vn\/jp\/wp-json\/wp\/v2\/product_cat?post=182"},{"taxonomy":"product_tag","embeddable":true,"href":"https:\/\/lydaily.vn\/jp\/wp-json\/wp\/v2\/product_tag?post=182"}],"curies":[{"name":"wp","href":"https:\/\/api.w.org\/{rel}","templated":true}]}}