{"id":180,"date":"2026-02-27T04:34:28","date_gmt":"2026-02-27T04:34:28","guid":{"rendered":"https:\/\/lydaily.qweb.com.vn\/?post_type=product&#038;p=180"},"modified":"2026-03-13T04:38:48","modified_gmt":"2026-03-13T04:38:48","slug":"kem-chong-nang-nang-tong-rohto-skin-aqua-tone-up-uv-spf-50-pa-tim","status":"publish","type":"product","link":"https:\/\/lydaily.vn\/jp\/san-pham\/kem-chong-nang-nang-tong-rohto-skin-aqua-tone-up-uv-spf-50-pa-tim\/","title":{"rendered":"Kem ch\u1ed1ng n\u1eafng n\u00e2ng t\u00f4ng Rohto Skin Aqua Tone Up UV SPF 50+\/PA++++ (t\u00edm)"},"content":{"rendered":"<p>Ch\u1ed1ng N\u1eafng Hi\u1ec7u Ch\u1ec9nh S\u1eafc Da Sunplay Skin Aqua Tone Up UV SPF50+ PA++++ l\u00e0 d\u00f2ng s\u1ea3n ph\u1ea9m ch\u1ed1ng n\u1eafng d\u00e0nh cho da m\u1eb7t n\u1ed5i ti\u1ebfng \u0111\u1ebfn t\u1eeb th\u01b0\u01a1ng hi\u1ec7u ch\u1ed1ng n\u1eafng Sunplay Skin Aqua &#8211; m\u1ed9t trong nh\u1eefng th\u01b0\u01a1ng hi\u1ec7u c\u1ee7a Rohto-Mentholatum c\u00f3 xu\u1ea5t x\u1ee9 t\u1ea1i Nh\u1eadt B\u1ea3n, \u0111\u01b0\u1ee3c nhi\u1ec1u kh\u00e1ch h\u00e0ng ng\u00e0y nay tin d\u00f9ng v\u00e0 s\u1eed d\u1ee5ng. S\u1ea3n ph\u1ea9m \u0111\u01b0\u1ee3c b\u00ecnh ch\u1ecdn #1 Kem ch\u1ed1ng n\u1eafng n\u0103m 2018 b\u1edfi Cosme (trang th\u00f4ng tin m\u1ef9 ph\u1ea9m h\u00e0ng \u0111\u1ea7u Nh\u1eadt B\u1ea3n).<\/p>\n<p>Sunplay Skin Aqua Tone Up UV c\u00f3 ch\u1ec9 s\u1ed1 ch\u1ed1ng n\u1eafng m\u1ea1nh m\u1ebd SPF50+, PA++++ gi\u00fap b\u1ea3o v\u1ec7 l\u00e0n da tr\u01b0\u1edbc tia UVA\/UVB hi\u1ec7u qu\u1ea3 su\u1ed1t nhi\u1ec1u gi\u1edd li\u1ec1n:<\/p>\n<ul>\n<li><strong>SPF50+<\/strong>: ng\u0103n tia UVB (ng\u0103n ch\u1eb7n c\u00e1c hi\u1ec7n t\u01b0\u1ee3ng r\u00e1t da, ch\u00e1y n\u1eafng,\u2026)<\/li>\n<li><strong>PA++++<\/strong>: t\u0103ng c\u01b0\u1eddng ch\u1ed1ng m\u1ecdi lo\u1ea1i tia UVA (gi\u00fap b\u1ea3o v\u1ec7 da, ng\u0103n ch\u1eb7n \u0111en s\u1ea1m, n\u00e1m, t\u00e0n nhang, n\u1ebfp nh\u0103n, \u0111\u1ed1m n\u00e2u,\u2026)<\/li>\n<\/ul>\n<p>\u0110\u1eb7c bi\u1ec7t, v\u1edbi c\u00f4ng th\u1ee9c \u0111\u1ed9c \u0111\u00e1o, s\u1ea3n ph\u1ea9m s\u1ebd hi\u1ec7u ch\u1ec9nh s\u1eafc da t\u00f9y theo t\u1eebng v\u1ea5n \u0111\u1ec1 ri\u00eang bi\u1ec7t v\u00e0 che ph\u1ee7 t\u1ef1 nhi\u00ean, n\u00e2ng t\u00f4ng da. C\u00e1c h\u1ea1t ng\u1ecdc trai si\u00eau m\u1ecbn ph\u1ea3n chi\u1ebfu \u00e1nh s\u00e1ng \u0111a chi\u1ec1u, t\u1ea1o hi\u1ec7u \u1ee9ng trong su\u1ed1t 3D, gi\u00fap da tr\u1edf n\u00ean trong su\u1ed1t v\u00e0 r\u1ea1ng r\u1ee1 h\u01a1n bao gi\u1edd h\u1ebft. B\u1ea1n c\u00f3 th\u1ec3 s\u1eed d\u1ee5ng kem ch\u1ed1ng n\u1eafng Tone Up UV nh\u01b0 l\u1edbp l\u00f3t tr\u01b0\u1edbc trang \u0111i\u1ec3m.<\/p>\n","protected":false},"excerpt":{"rendered":"<p>Ch\u1ed1ng N\u1eafng Hi\u1ec7u Ch\u1ec9nh S\u1eafc Da Sunplay Skin Aqua Tone Up UV SPF50+ PA++++ l\u00e0 d\u00f2ng s\u1ea3n ph\u1ea9m ch\u1ed1ng n\u1eafng d\u00e0nh cho da m\u1eb7t n\u1ed5i ti\u1ebfng \u0111\u1ebfn t\u1eeb th\u01b0\u01a1ng hi\u1ec7u ch\u1ed1ng n\u1eafng Sunplay Skin Aqua &#8211; m\u1ed9t trong nh\u1eefng th\u01b0\u01a1ng hi\u1ec7u c\u1ee7a Rohto-Mentholatum c\u00f3 xu\u1ea5t x\u1ee9 t\u1ea1i Nh\u1eadt B\u1ea3n, \u0111\u01b0\u1ee3c nhi\u1ec1u kh\u00e1ch h\u00e0ng ng\u00e0y nay tin d\u00f9ng v\u00e0 s\u1eed d\u1ee5ng. S\u1ea3n ph\u1ea9m \u0111\u01b0\u1ee3c b\u00ecnh ch\u1ecdn #1 Kem ch\u1ed1ng n\u1eafng n\u0103m 2018 b\u1edfi Cosme (trang th\u00f4ng tin m\u1ef9 ph\u1ea9m h\u00e0ng \u0111\u1ea7u Nh\u1eadt B\u1ea3n).<\/p>\n","protected":false},"featured_media":181,"comment_status":"open","ping_status":"closed","template":"","meta":[],"product_brand":[],"product_cat":[20],"product_tag":[],"class_list":{"0":"post-180","1":"product","2":"type-product","3":"status-publish","4":"has-post-thumbnail","6":"product_cat-my-pham","8":"first","9":"instock","10":"shipping-taxable","11":"purchasable","12":"product-type-simple"},"yoast_head":"<!-- This site is optimized with the Yoast SEO Premium plugin v22.3 (Yoast SEO v27.1.1) - https:\/\/yoast.com\/product\/yoast-seo-premium-wordpress\/ -->\n<title>Kem ch\u1ed1ng n\u1eafng n\u00e2ng t\u00f4ng Rohto Skin Aqua Tone Up UV SPF 50+\/PA++++ (t\u00edm) - Ly Daily<\/title>\n<meta name=\"robots\" content=\"index, follow, max-snippet:-1, max-image-preview:large, max-video-preview:-1\" \/>\n<link rel=\"canonical\" href=\"https:\/\/lydaily.vn\/jp\/san-pham\/kem-chong-nang-nang-tong-rohto-skin-aqua-tone-up-uv-spf-50-pa-tim\/\" \/>\n<meta property=\"og:locale\" content=\"vi_VN\" \/>\n<meta property=\"og:type\" content=\"article\" \/>\n<meta property=\"og:title\" content=\"Kem ch\u1ed1ng n\u1eafng n\u00e2ng t\u00f4ng Rohto Skin Aqua Tone Up UV SPF 50+\/PA++++ (t\u00edm)\" \/>\n<meta property=\"og:description\" content=\"Ch\u1ed1ng N\u1eafng Hi\u1ec7u Ch\u1ec9nh S\u1eafc Da Sunplay Skin Aqua Tone Up UV SPF50+ PA++++ l\u00e0 d\u00f2ng s\u1ea3n ph\u1ea9m ch\u1ed1ng n\u1eafng d\u00e0nh cho da m\u1eb7t n\u1ed5i ti\u1ebfng \u0111\u1ebfn t\u1eeb th\u01b0\u01a1ng hi\u1ec7u ch\u1ed1ng n\u1eafng Sunplay Skin Aqua - m\u1ed9t trong nh\u1eefng th\u01b0\u01a1ng hi\u1ec7u c\u1ee7a Rohto-Mentholatum c\u00f3 xu\u1ea5t x\u1ee9 t\u1ea1i Nh\u1eadt B\u1ea3n, \u0111\u01b0\u1ee3c nhi\u1ec1u kh\u00e1ch h\u00e0ng ng\u00e0y nay tin d\u00f9ng v\u00e0 s\u1eed d\u1ee5ng. S\u1ea3n ph\u1ea9m \u0111\u01b0\u1ee3c b\u00ecnh ch\u1ecdn #1 Kem ch\u1ed1ng n\u1eafng n\u0103m 2018 b\u1edfi Cosme (trang th\u00f4ng tin m\u1ef9 ph\u1ea9m h\u00e0ng \u0111\u1ea7u Nh\u1eadt B\u1ea3n).\" \/>\n<meta property=\"og:url\" content=\"https:\/\/lydaily.vn\/jp\/san-pham\/kem-chong-nang-nang-tong-rohto-skin-aqua-tone-up-uv-spf-50-pa-tim\/\" \/>\n<meta property=\"og:site_name\" content=\"Ly Daily\" \/>\n<meta property=\"article:modified_time\" content=\"2026-03-13T04:38:48+00:00\" \/>\n<meta property=\"og:image\" content=\"https:\/\/lydaily.vn\/jp\/wp-content\/uploads\/2026\/02\/Kem-chong-nang-nang-tong-Rohto-Skin-Aqua-Tone-Up-UV-SPF.jpg\" \/>\n\t<meta property=\"og:image:width\" content=\"450\" \/>\n\t<meta property=\"og:image:height\" content=\"450\" \/>\n\t<meta property=\"og:image:type\" content=\"image\/jpeg\" \/>\n<meta name=\"twitter:card\" content=\"summary_large_image\" \/>\n<meta name=\"twitter:label1\" content=\"\u01af\u1edbc t\u00ednh th\u1eddi gian \u0111\u1ecdc\" \/>\n\t<meta name=\"twitter:data1\" content=\"2 ph\u00fat\" \/>\n<script type=\"application\/ld+json\" class=\"yoast-schema-graph\">{\"@context\":\"https:\/\/schema.org\",\"@graph\":[{\"@type\":\"WebPage\",\"@id\":\"https:\/\/lydaily.vn\/jp\/san-pham\/kem-chong-nang-nang-tong-rohto-skin-aqua-tone-up-uv-spf-50-pa-tim\/\",\"url\":\"https:\/\/lydaily.vn\/jp\/san-pham\/kem-chong-nang-nang-tong-rohto-skin-aqua-tone-up-uv-spf-50-pa-tim\/\",\"name\":\"Kem ch\u1ed1ng n\u1eafng n\u00e2ng t\u00f4ng Rohto Skin Aqua Tone Up UV SPF 50+\/PA++++ (t\u00edm) - Ly Daily\",\"isPartOf\":{\"@id\":\"https:\/\/lydaily.vn\/jp\/#website\"},\"primaryImageOfPage\":{\"@id\":\"https:\/\/lydaily.vn\/jp\/san-pham\/kem-chong-nang-nang-tong-rohto-skin-aqua-tone-up-uv-spf-50-pa-tim\/#primaryimage\"},\"image\":{\"@id\":\"https:\/\/lydaily.vn\/jp\/san-pham\/kem-chong-nang-nang-tong-rohto-skin-aqua-tone-up-uv-spf-50-pa-tim\/#primaryimage\"},\"thumbnailUrl\":\"https:\/\/lydaily.vn\/jp\/wp-content\/uploads\/2026\/02\/Kem-chong-nang-nang-tong-Rohto-Skin-Aqua-Tone-Up-UV-SPF.jpg\",\"datePublished\":\"2026-02-27T04:34:28+00:00\",\"dateModified\":\"2026-03-13T04:38:48+00:00\",\"breadcrumb\":{\"@id\":\"https:\/\/lydaily.vn\/jp\/san-pham\/kem-chong-nang-nang-tong-rohto-skin-aqua-tone-up-uv-spf-50-pa-tim\/#breadcrumb\"},\"inLanguage\":\"vi\",\"potentialAction\":[{\"@type\":\"ReadAction\",\"target\":[\"https:\/\/lydaily.vn\/jp\/san-pham\/kem-chong-nang-nang-tong-rohto-skin-aqua-tone-up-uv-spf-50-pa-tim\/\"]}]},{\"@type\":\"ImageObject\",\"inLanguage\":\"vi\",\"@id\":\"https:\/\/lydaily.vn\/jp\/san-pham\/kem-chong-nang-nang-tong-rohto-skin-aqua-tone-up-uv-spf-50-pa-tim\/#primaryimage\",\"url\":\"https:\/\/lydaily.vn\/jp\/wp-content\/uploads\/2026\/02\/Kem-chong-nang-nang-tong-Rohto-Skin-Aqua-Tone-Up-UV-SPF.jpg\",\"contentUrl\":\"https:\/\/lydaily.vn\/jp\/wp-content\/uploads\/2026\/02\/Kem-chong-nang-nang-tong-Rohto-Skin-Aqua-Tone-Up-UV-SPF.jpg\",\"width\":450,\"height\":450},{\"@type\":\"BreadcrumbList\",\"@id\":\"https:\/\/lydaily.vn\/jp\/san-pham\/kem-chong-nang-nang-tong-rohto-skin-aqua-tone-up-uv-spf-50-pa-tim\/#breadcrumb\",\"itemListElement\":[{\"@type\":\"ListItem\",\"position\":1,\"name\":\"Home\",\"item\":\"https:\/\/lydaily.vn\/jp\/\"},{\"@type\":\"ListItem\",\"position\":2,\"name\":\"S\u1ea3n ph\u1ea9m\",\"item\":\"https:\/\/lydaily.vn\/jp\/san-pham\/\"},{\"@type\":\"ListItem\",\"position\":3,\"name\":\"Kem ch\u1ed1ng n\u1eafng n\u00e2ng t\u00f4ng Rohto Skin Aqua Tone Up UV SPF 50+\/PA++++ (t\u00edm)\"}]},{\"@type\":\"WebSite\",\"@id\":\"https:\/\/lydaily.vn\/jp\/#website\",\"url\":\"https:\/\/lydaily.vn\/jp\/\",\"name\":\"Ly Daily\",\"description\":\"Th\u1ef1c Ph\u1ea9m Ch\u1ee9c N\u0103ng &amp; M\u1ef9 Ph\u1ea9m t\u1ea1i Nh\u1eadt B\u1ea3n v\u00e0 Vi\u1ec7t Nam\",\"potentialAction\":[{\"@type\":\"SearchAction\",\"target\":{\"@type\":\"EntryPoint\",\"urlTemplate\":\"https:\/\/lydaily.vn\/jp\/?s={search_term_string}\"},\"query-input\":{\"@type\":\"PropertyValueSpecification\",\"valueRequired\":true,\"valueName\":\"search_term_string\"}}],\"inLanguage\":\"vi\"}]}<\/script>\n<!-- \/ Yoast SEO Premium plugin. -->","yoast_head_json":{"title":"Kem ch\u1ed1ng n\u1eafng n\u00e2ng t\u00f4ng Rohto Skin Aqua Tone Up UV SPF 50+\/PA++++ (t\u00edm) - Ly Daily","robots":{"index":"index","follow":"follow","max-snippet":"max-snippet:-1","max-image-preview":"max-image-preview:large","max-video-preview":"max-video-preview:-1"},"canonical":"https:\/\/lydaily.vn\/jp\/san-pham\/kem-chong-nang-nang-tong-rohto-skin-aqua-tone-up-uv-spf-50-pa-tim\/","og_locale":"vi_VN","og_type":"article","og_title":"Kem ch\u1ed1ng n\u1eafng n\u00e2ng t\u00f4ng Rohto Skin Aqua Tone Up UV SPF 50+\/PA++++ (t\u00edm)","og_description":"Ch\u1ed1ng N\u1eafng Hi\u1ec7u Ch\u1ec9nh S\u1eafc Da Sunplay Skin Aqua Tone Up UV SPF50+ PA++++ l\u00e0 d\u00f2ng s\u1ea3n ph\u1ea9m ch\u1ed1ng n\u1eafng d\u00e0nh cho da m\u1eb7t n\u1ed5i ti\u1ebfng \u0111\u1ebfn t\u1eeb th\u01b0\u01a1ng hi\u1ec7u ch\u1ed1ng n\u1eafng Sunplay Skin Aqua - m\u1ed9t trong nh\u1eefng th\u01b0\u01a1ng hi\u1ec7u c\u1ee7a Rohto-Mentholatum c\u00f3 xu\u1ea5t x\u1ee9 t\u1ea1i Nh\u1eadt B\u1ea3n, \u0111\u01b0\u1ee3c nhi\u1ec1u kh\u00e1ch h\u00e0ng ng\u00e0y nay tin d\u00f9ng v\u00e0 s\u1eed d\u1ee5ng. S\u1ea3n ph\u1ea9m \u0111\u01b0\u1ee3c b\u00ecnh ch\u1ecdn #1 Kem ch\u1ed1ng n\u1eafng n\u0103m 2018 b\u1edfi Cosme (trang th\u00f4ng tin m\u1ef9 ph\u1ea9m h\u00e0ng \u0111\u1ea7u Nh\u1eadt B\u1ea3n).","og_url":"https:\/\/lydaily.vn\/jp\/san-pham\/kem-chong-nang-nang-tong-rohto-skin-aqua-tone-up-uv-spf-50-pa-tim\/","og_site_name":"Ly Daily","article_modified_time":"2026-03-13T04:38:48+00:00","og_image":[{"width":450,"height":450,"url":"https:\/\/lydaily.vn\/jp\/wp-content\/uploads\/2026\/02\/Kem-chong-nang-nang-tong-Rohto-Skin-Aqua-Tone-Up-UV-SPF.jpg","type":"image\/jpeg"}],"twitter_card":"summary_large_image","twitter_misc":{"\u01af\u1edbc t\u00ednh th\u1eddi gian \u0111\u1ecdc":"2 ph\u00fat"},"schema":{"@context":"https:\/\/schema.org","@graph":[{"@type":"WebPage","@id":"https:\/\/lydaily.vn\/jp\/san-pham\/kem-chong-nang-nang-tong-rohto-skin-aqua-tone-up-uv-spf-50-pa-tim\/","url":"https:\/\/lydaily.vn\/jp\/san-pham\/kem-chong-nang-nang-tong-rohto-skin-aqua-tone-up-uv-spf-50-pa-tim\/","name":"Kem ch\u1ed1ng n\u1eafng n\u00e2ng t\u00f4ng Rohto Skin Aqua Tone Up UV SPF 50+\/PA++++ (t\u00edm) - Ly Daily","isPartOf":{"@id":"https:\/\/lydaily.vn\/jp\/#website"},"primaryImageOfPage":{"@id":"https:\/\/lydaily.vn\/jp\/san-pham\/kem-chong-nang-nang-tong-rohto-skin-aqua-tone-up-uv-spf-50-pa-tim\/#primaryimage"},"image":{"@id":"https:\/\/lydaily.vn\/jp\/san-pham\/kem-chong-nang-nang-tong-rohto-skin-aqua-tone-up-uv-spf-50-pa-tim\/#primaryimage"},"thumbnailUrl":"https:\/\/lydaily.vn\/jp\/wp-content\/uploads\/2026\/02\/Kem-chong-nang-nang-tong-Rohto-Skin-Aqua-Tone-Up-UV-SPF.jpg","datePublished":"2026-02-27T04:34:28+00:00","dateModified":"2026-03-13T04:38:48+00:00","breadcrumb":{"@id":"https:\/\/lydaily.vn\/jp\/san-pham\/kem-chong-nang-nang-tong-rohto-skin-aqua-tone-up-uv-spf-50-pa-tim\/#breadcrumb"},"inLanguage":"vi","potentialAction":[{"@type":"ReadAction","target":["https:\/\/lydaily.vn\/jp\/san-pham\/kem-chong-nang-nang-tong-rohto-skin-aqua-tone-up-uv-spf-50-pa-tim\/"]}]},{"@type":"ImageObject","inLanguage":"vi","@id":"https:\/\/lydaily.vn\/jp\/san-pham\/kem-chong-nang-nang-tong-rohto-skin-aqua-tone-up-uv-spf-50-pa-tim\/#primaryimage","url":"https:\/\/lydaily.vn\/jp\/wp-content\/uploads\/2026\/02\/Kem-chong-nang-nang-tong-Rohto-Skin-Aqua-Tone-Up-UV-SPF.jpg","contentUrl":"https:\/\/lydaily.vn\/jp\/wp-content\/uploads\/2026\/02\/Kem-chong-nang-nang-tong-Rohto-Skin-Aqua-Tone-Up-UV-SPF.jpg","width":450,"height":450},{"@type":"BreadcrumbList","@id":"https:\/\/lydaily.vn\/jp\/san-pham\/kem-chong-nang-nang-tong-rohto-skin-aqua-tone-up-uv-spf-50-pa-tim\/#breadcrumb","itemListElement":[{"@type":"ListItem","position":1,"name":"Home","item":"https:\/\/lydaily.vn\/jp\/"},{"@type":"ListItem","position":2,"name":"S\u1ea3n ph\u1ea9m","item":"https:\/\/lydaily.vn\/jp\/san-pham\/"},{"@type":"ListItem","position":3,"name":"Kem ch\u1ed1ng n\u1eafng n\u00e2ng t\u00f4ng Rohto Skin Aqua Tone Up UV SPF 50+\/PA++++ (t\u00edm)"}]},{"@type":"WebSite","@id":"https:\/\/lydaily.vn\/jp\/#website","url":"https:\/\/lydaily.vn\/jp\/","name":"Ly Daily","description":"Th\u1ef1c Ph\u1ea9m Ch\u1ee9c N\u0103ng &amp; M\u1ef9 Ph\u1ea9m t\u1ea1i Nh\u1eadt B\u1ea3n v\u00e0 Vi\u1ec7t Nam","potentialAction":[{"@type":"SearchAction","target":{"@type":"EntryPoint","urlTemplate":"https:\/\/lydaily.vn\/jp\/?s={search_term_string}"},"query-input":{"@type":"PropertyValueSpecification","valueRequired":true,"valueName":"search_term_string"}}],"inLanguage":"vi"}]}},"_links":{"self":[{"href":"https:\/\/lydaily.vn\/jp\/wp-json\/wp\/v2\/product\/180","targetHints":{"allow":["GET"]}}],"collection":[{"href":"https:\/\/lydaily.vn\/jp\/wp-json\/wp\/v2\/product"}],"about":[{"href":"https:\/\/lydaily.vn\/jp\/wp-json\/wp\/v2\/types\/product"}],"replies":[{"embeddable":true,"href":"https:\/\/lydaily.vn\/jp\/wp-json\/wp\/v2\/comments?post=180"}],"wp:featuredmedia":[{"embeddable":true,"href":"https:\/\/lydaily.vn\/jp\/wp-json\/wp\/v2\/media\/181"}],"wp:attachment":[{"href":"https:\/\/lydaily.vn\/jp\/wp-json\/wp\/v2\/media?parent=180"}],"wp:term":[{"taxonomy":"product_brand","embeddable":true,"href":"https:\/\/lydaily.vn\/jp\/wp-json\/wp\/v2\/product_brand?post=180"},{"taxonomy":"product_cat","embeddable":true,"href":"https:\/\/lydaily.vn\/jp\/wp-json\/wp\/v2\/product_cat?post=180"},{"taxonomy":"product_tag","embeddable":true,"href":"https:\/\/lydaily.vn\/jp\/wp-json\/wp\/v2\/product_tag?post=180"}],"curies":[{"name":"wp","href":"https:\/\/api.w.org\/{rel}","templated":true}]}}