{"id":172,"date":"2026-02-27T04:10:26","date_gmt":"2026-02-27T04:10:26","guid":{"rendered":"https:\/\/lydaily.qweb.com.vn\/?post_type=product&#038;p=172"},"modified":"2026-03-13T04:35:05","modified_gmt":"2026-03-13T04:35:05","slug":"nmn-aishodo-12000-nhat-ban-vien-uong-tre-hoa-da","status":"publish","type":"product","link":"https:\/\/lydaily.vn\/jp\/san-pham\/nmn-aishodo-12000-nhat-ban-vien-uong-tre-hoa-da\/","title":{"rendered":"NMN Aishodo 12000 Nh\u1eadt B\u1ea3n &#8211; Vi\u00ean u\u1ed1ng tr\u1ebb h\u00f3a da"},"content":{"rendered":"<h3>Gi\u1edbi thi\u1ec7u vi\u00ean u\u1ed1ng NMN<\/h3>\n<p><strong>HM Medical NMN 12000+<\/strong>\u00a0l\u00e0 th\u1ef1c ph\u1ea9m ch\u1ee9c n\u0103ng \u0111\u01b0\u1ee3c nghi\u00ean c\u1ee9u k\u1ef9 l\u01b0\u1ee1ng b\u1edfi c\u00e1c chuy\u00ean gia Nh\u1eadt. S\u1ea3n ph\u1ea9m c\u00f3 ch\u1ee9a NMN qu\u00fd gi\u00e1 c\u00f9ng v\u1edbi tinh ch\u1ea5t nhau thai, Coq10, Hyaluronic Acid,&#8230; v\u1eeba gi\u00fap tr\u1ebb h\u00f3a c\u01a1 th\u1ec3, b\u1ea3o v\u1ec7 s\u1ee9c kh\u1ecfe, ph\u00f2ng ng\u1eeba b\u1ec7nh t\u1eadt, v\u1eeba h\u1ed7 tr\u1ee3 l\u00e0m \u0111\u1eb9p da t\u1eeb b\u00ean trong, l\u00e0m ch\u1eadm qu\u00e1 tr\u00ecnh\u00a0l\u00e3o h\u00f3a.<\/p>\n<p>V\u1edbi nh\u1eefng th\u00e0nh ph\u1ea7n \u0111\u1eaft \u0111\u1ecf v\u00e0 c\u00f4ng d\u1ee5ng v\u00f4 c\u00f9ng tuy\u1ec7t v\u1eddi, vi\u00ean u\u1ed1ng\u00a0<strong>NMN Nh\u1eadt<\/strong>\u00a0c\u00f3 gi\u00e1 th\u00e0nh kh\u00f4ng h\u1ec1 r\u1ebb. Nh\u01b0ng n\u00f3 v\u1eabn l\u00e0 m\u1ed9t s\u1ea3n ph\u1ea9m HOT \u0111\u01b0\u1ee3c nhi\u1ec1u ng\u01b0\u1eddi s\u0103n \u0111\u00f3n.<\/p>\n<h3>Th\u00e0nh ph\u1ea7n \u0111\u1eaft gi\u00e1 c\u1ee7a vi\u00ean u\u1ed1ng Aishodo:<\/h3>\n<p>\u25cf NMN: V\u00f4 c\u00f9ng qu\u00fd gi\u00e1, c\u00f3 t\u00e1c d\u1ee5ng t\u0103ng n\u0103ng l\u01b0\u1ee3ng cho t\u1ebf b\u00e0o, th\u00fac \u0111\u1ea9y s\u1ef1 trao \u0111\u1ed5i ch\u1ea5t, t\u0103ng l\u01b0u l\u01b0\u1ee3ng m\u00e1u, duy tr\u00ec s\u1ef1 ho\u1ea1t \u0111\u1ed9ng c\u1ee7a c\u00e1c c\u01a1 quan trong c\u01a1 th\u1ec3. \u0110\u1eb7c bi\u1ec7t, khi b\u1ed5 sung NMN s\u1ebd gi\u00fap ch\u1ed1ng oxy h\u00f3a, l\u00e0m ch\u1eadm qu\u00e1 tr\u00ecnh l\u00e3o h\u00f3a, ph\u00f2ng ng\u1eeba b\u1ec7nh tim m\u1ea1ch, b\u1ec7nh th\u1ea7n kinh,&#8230;<\/p>\n<p>\u25cf Chi\u1ebft xu\u1ea5t\u00a0nhau thai ng\u1ef1a\u00a0(3000) R\u1ea5t gi\u00e0u acid amin, vi kho\u00e1ng ch\u1ea5t,&#8230; th\u00fac \u0111\u1ea9y t\u00e1i t\u1ea1o t\u1ebf b\u00e0o, t\u0103ng c\u01b0\u1eddng s\u1ee9c kh\u1ecfe, \u1ed5n \u0111\u1ecbnh n\u1ed9i ti\u1ebft t\u1ed1, l\u00e0m gi\u1ea3m s\u1ea1m t\u00e0n nhang, gi\u1ea3m n\u1ebfp nh\u0103n l\u00e3o h\u00f3a.<\/p>\n<p>\u25cf Chi\u1ebft xu\u1ea5t nhau thai th\u1ef1c v\u1eadt: R\u1ea5t gi\u00e0u enzyme, k\u00edch ho\u1ea1t c\u00e1c qu\u00e1 tr\u00ecnh trao \u0111\u1ed5i ch\u1ea5t, th\u00fac \u0111\u1ea9y tu\u1ea7n ho\u00e0n, s\u1ea3n sinh n\u0103ng l\u01b0\u1ee3ng v\u00e0 thanh l\u1ecdc c\u01a1 th\u1ec3.<\/p>\n<p>\u25cf Coenzyme Q10 (1500mg): T\u0103ng n\u0103ng l\u01b0\u1ee3ng, gi\u1ea3m nguy c\u01a1 m\u1eafc b\u1ec7nh suy tim, \u0111\u1ed9t qu\u1ef5, gi\u1ea3m m\u1ec7t m\u1ecfi stress. Coq10 ch\u1ed1ng oxy h\u00f3a, b\u1ea3o v\u1ec7 c\u01a1 th\u1ec3 tr\u01b0\u1edbc c\u00e1c t\u00e1c nh\u00e2n b\u00ean ngo\u00e0i.<\/p>\n<p>\u25cf Hyaluronic Acid (1500mg): C\u1ef1c k\u1ef3 t\u1ed1t cho kh\u1edbp, \u0111\u1ec3 b\u00f4i tr\u01a1n c\u00e1c kh\u1edbp, ch\u1ed1ng kh\u00f4 c\u1ee9ng kh\u1edbp, \u0111au, vi\u00eam kh\u1edbp,&#8230; Ngo\u00e0i ra, HA c\u00f2n gi\u00fap da c\u0103ng m\u1ecdng, gi\u1ea3m kh\u00f4 s\u1ea1m, gi\u1ea3m n\u1ebfp nh\u0103n v\u00e0 l\u00e3o h\u00f3a.<\/p>\n<h3>C\u00f4ng d\u1ee5ng c\u1ee7a vi\u00ean u\u1ed1ng NMN Aishodo 12000 Nh\u1eadt B\u1ea3n:<\/h3>\n<p><strong>\u2714 Vi\u00ean u\u1ed1ng NMN 12000+<\/strong>\u00a0b\u1ed5 sung nhi\u1ec1u d\u01b0\u1ee1ng ch\u1ea5t qu\u00fd gi\u00e1 cho c\u01a1 th\u1ec3<\/p>\n<p><strong>\u2714\u00a0<\/strong>T\u0103ng c\u01b0\u1eddng s\u1ee9c kh\u1ecfe, t\u0103ng n\u0103ng l\u01b0\u1ee3ng v\u00e0 c\u1ee7ng c\u1ed1 h\u1ec7 mi\u1ec5n d\u1ecbch<\/p>\n<p><strong>\u2714\u00a0<\/strong>H\u1ed7 tr\u1ee3 ph\u00f2ng v\u00e0 gi\u1ea3m vi\u00eam: bao g\u1ed3m c\u1ea3 vi\u00eam kh\u1edbp<\/p>\n<p><strong>\u2714\u00a0<\/strong>C\u1ea3i thi\u1ec7n l\u01b0u th\u00f4ng m\u00e1u, \u1ed5n \u0111\u1ecbnh huy\u1ebft \u00e1p<\/p>\n<p><strong>\u2714\u00a0<\/strong>Gi\u1ea3m nguy c\u01a1 \u0111\u1ed9t qu\u1ef5, \u0111au tim, tai bi\u1ebfn<\/p>\n<p><strong>\u2714\u00a0<\/strong>Duy tr\u00ec \u0111\u1ed9 b\u1ec1n c\u1ee7a c\u00e1c c\u01a1,\u00a0x\u01b0\u01a1ng kh\u1edbp, m\u1ea1ch m\u00e1u\u2026<\/p>\n<p><strong>\u2714\u00a0<\/strong>Th\u00fac \u0111\u1ea9y qu\u00e1 tr\u00ecnh v\u1eadn chuy\u1ec3n m\u00e1u v\u00e0 oxy \u0111\u1ebfn c\u00e1c t\u1ebf b\u00e0o trong c\u01a1 th\u1ec3<\/p>\n<p><strong>\u2714\u00a0<\/strong>H\u1ed7 tr\u1ee3 ch\u1ee9c n\u0103ng n\u00e3o, gi\u1ea3m nguy c\u01a1 m\u1eafc b\u1ec7nh Alzheimer, l\u00fa l\u1eabn<\/p>\n<p><strong>\u2714\u00a0<\/strong>Th\u1ea3i \u0111\u1ed9c c\u01a1 th\u1ec3, gi\u00fap gan kh\u1ecfe m\u1ea1nh<\/p>\n<p><strong>\u2714 NMN 12000+\u00a0<\/strong>c\u00f3 l\u1ee3i cho ng\u01b0\u1eddi b\u1ecb ti\u1ec3u \u0111\u01b0\u1eddng, n\u00f3 h\u1ed7 tr\u1ee3 c\u1ea3i thi\u1ec7n ch\u1ee9c n\u0103ng c\u1ee7a insulin<\/p>\n<p><strong>\u2714\u00a0<\/strong>Tr\u1ebb h\u00f3a t\u1ebf b\u00e0o, ch\u1ed1ng oxy h\u00f3a m\u1ea1nh m\u1ebd<\/p>\n<p>&nbsp;<\/p>\n","protected":false},"excerpt":{"rendered":"<div class=\"rowl\">\n<p class=\"intro\">NMN Aishodo 12000 l\u00e0 ch\u00eca kh\u00f3a v\u00e0ng \u0111\u1ec3 duy tr\u00ec v\u00e0 l\u00e0m tr\u1ebb h\u00f3a c\u01a1 th\u1ec3, tr\u1ebb h\u00f3a da, ph\u00f2ng ng\u1eeba b\u1ec7nh t\u1eadt, b\u1ea3o v\u1ec7 s\u1ee9c kh\u1ecfe. V\u1edbi th\u00e0nh ph\u1ea7n NMN qu\u00fd gi\u00e1, c\u00f9ng tinh ch\u1ea5t nhau thai, Coq10, Hyaluronic Acid,&#8230;<\/p>\n<\/div>\n<div class=\"rowr\"><\/div>\n","protected":false},"featured_media":173,"comment_status":"open","ping_status":"closed","template":"","meta":[],"product_brand":[],"product_cat":[21],"product_tag":[],"class_list":{"0":"post-172","1":"product","2":"type-product","3":"status-publish","4":"has-post-thumbnail","6":"product_cat-thuc-pham-chuc-nang","8":"first","9":"instock","10":"shipping-taxable","11":"purchasable","12":"product-type-simple"},"yoast_head":"<!-- This site is optimized with the Yoast SEO Premium plugin v22.3 (Yoast SEO v27.1.1) - https:\/\/yoast.com\/product\/yoast-seo-premium-wordpress\/ -->\n<title>NMN Aishodo 12000 Nh\u1eadt B\u1ea3n - Vi\u00ean u\u1ed1ng tr\u1ebb h\u00f3a da - Ly Daily<\/title>\n<meta name=\"robots\" content=\"index, follow, max-snippet:-1, max-image-preview:large, max-video-preview:-1\" \/>\n<link rel=\"canonical\" href=\"https:\/\/lydaily.vn\/jp\/san-pham\/nmn-aishodo-12000-nhat-ban-vien-uong-tre-hoa-da\/\" \/>\n<meta property=\"og:locale\" content=\"vi_VN\" \/>\n<meta property=\"og:type\" content=\"article\" \/>\n<meta property=\"og:title\" content=\"NMN Aishodo 12000 Nh\u1eadt B\u1ea3n - Vi\u00ean u\u1ed1ng tr\u1ebb h\u00f3a da\" \/>\n<meta property=\"og:description\" content=\"NMN Aishodo 12000 l\u00e0 ch\u00eca kh\u00f3a v\u00e0ng \u0111\u1ec3 duy tr\u00ec v\u00e0 l\u00e0m tr\u1ebb h\u00f3a c\u01a1 th\u1ec3, tr\u1ebb h\u00f3a da, ph\u00f2ng ng\u1eeba b\u1ec7nh t\u1eadt, b\u1ea3o v\u1ec7 s\u1ee9c kh\u1ecfe. V\u1edbi th\u00e0nh ph\u1ea7n NMN qu\u00fd gi\u00e1, c\u00f9ng tinh ch\u1ea5t nhau thai, Coq10, Hyaluronic Acid,...\" \/>\n<meta property=\"og:url\" content=\"https:\/\/lydaily.vn\/jp\/san-pham\/nmn-aishodo-12000-nhat-ban-vien-uong-tre-hoa-da\/\" \/>\n<meta property=\"og:site_name\" content=\"Ly Daily\" \/>\n<meta property=\"article:modified_time\" content=\"2026-03-13T04:35:05+00:00\" \/>\n<meta property=\"og:image\" content=\"https:\/\/lydaily.vn\/jp\/wp-content\/uploads\/2026\/02\/NMN-Aishodo-12000-Nhat-Ban-Vien-uong-tre-hoa-da.jpg\" \/>\n\t<meta property=\"og:image:width\" content=\"800\" \/>\n\t<meta property=\"og:image:height\" content=\"800\" \/>\n\t<meta property=\"og:image:type\" content=\"image\/jpeg\" \/>\n<meta name=\"twitter:card\" content=\"summary_large_image\" \/>\n<meta name=\"twitter:label1\" content=\"\u01af\u1edbc t\u00ednh th\u1eddi gian \u0111\u1ecdc\" \/>\n\t<meta name=\"twitter:data1\" content=\"3 ph\u00fat\" \/>\n<script type=\"application\/ld+json\" class=\"yoast-schema-graph\">{\"@context\":\"https:\/\/schema.org\",\"@graph\":[{\"@type\":\"WebPage\",\"@id\":\"https:\/\/lydaily.vn\/jp\/san-pham\/nmn-aishodo-12000-nhat-ban-vien-uong-tre-hoa-da\/\",\"url\":\"https:\/\/lydaily.vn\/jp\/san-pham\/nmn-aishodo-12000-nhat-ban-vien-uong-tre-hoa-da\/\",\"name\":\"NMN Aishodo 12000 Nh\u1eadt B\u1ea3n - Vi\u00ean u\u1ed1ng tr\u1ebb h\u00f3a da - Ly Daily\",\"isPartOf\":{\"@id\":\"https:\/\/lydaily.vn\/jp\/#website\"},\"primaryImageOfPage\":{\"@id\":\"https:\/\/lydaily.vn\/jp\/san-pham\/nmn-aishodo-12000-nhat-ban-vien-uong-tre-hoa-da\/#primaryimage\"},\"image\":{\"@id\":\"https:\/\/lydaily.vn\/jp\/san-pham\/nmn-aishodo-12000-nhat-ban-vien-uong-tre-hoa-da\/#primaryimage\"},\"thumbnailUrl\":\"https:\/\/lydaily.vn\/jp\/wp-content\/uploads\/2026\/02\/NMN-Aishodo-12000-Nhat-Ban-Vien-uong-tre-hoa-da.jpg\",\"datePublished\":\"2026-02-27T04:10:26+00:00\",\"dateModified\":\"2026-03-13T04:35:05+00:00\",\"breadcrumb\":{\"@id\":\"https:\/\/lydaily.vn\/jp\/san-pham\/nmn-aishodo-12000-nhat-ban-vien-uong-tre-hoa-da\/#breadcrumb\"},\"inLanguage\":\"vi\",\"potentialAction\":[{\"@type\":\"ReadAction\",\"target\":[\"https:\/\/lydaily.vn\/jp\/san-pham\/nmn-aishodo-12000-nhat-ban-vien-uong-tre-hoa-da\/\"]}]},{\"@type\":\"ImageObject\",\"inLanguage\":\"vi\",\"@id\":\"https:\/\/lydaily.vn\/jp\/san-pham\/nmn-aishodo-12000-nhat-ban-vien-uong-tre-hoa-da\/#primaryimage\",\"url\":\"https:\/\/lydaily.vn\/jp\/wp-content\/uploads\/2026\/02\/NMN-Aishodo-12000-Nhat-Ban-Vien-uong-tre-hoa-da.jpg\",\"contentUrl\":\"https:\/\/lydaily.vn\/jp\/wp-content\/uploads\/2026\/02\/NMN-Aishodo-12000-Nhat-Ban-Vien-uong-tre-hoa-da.jpg\",\"width\":800,\"height\":800},{\"@type\":\"BreadcrumbList\",\"@id\":\"https:\/\/lydaily.vn\/jp\/san-pham\/nmn-aishodo-12000-nhat-ban-vien-uong-tre-hoa-da\/#breadcrumb\",\"itemListElement\":[{\"@type\":\"ListItem\",\"position\":1,\"name\":\"Home\",\"item\":\"https:\/\/lydaily.vn\/jp\/\"},{\"@type\":\"ListItem\",\"position\":2,\"name\":\"S\u1ea3n ph\u1ea9m\",\"item\":\"https:\/\/lydaily.vn\/jp\/san-pham\/\"},{\"@type\":\"ListItem\",\"position\":3,\"name\":\"NMN Aishodo 12000 Nh\u1eadt B\u1ea3n &#8211; Vi\u00ean u\u1ed1ng tr\u1ebb h\u00f3a da\"}]},{\"@type\":\"WebSite\",\"@id\":\"https:\/\/lydaily.vn\/jp\/#website\",\"url\":\"https:\/\/lydaily.vn\/jp\/\",\"name\":\"Ly Daily\",\"description\":\"Th\u1ef1c Ph\u1ea9m Ch\u1ee9c N\u0103ng &amp; M\u1ef9 Ph\u1ea9m t\u1ea1i Nh\u1eadt B\u1ea3n v\u00e0 Vi\u1ec7t Nam\",\"potentialAction\":[{\"@type\":\"SearchAction\",\"target\":{\"@type\":\"EntryPoint\",\"urlTemplate\":\"https:\/\/lydaily.vn\/jp\/?s={search_term_string}\"},\"query-input\":{\"@type\":\"PropertyValueSpecification\",\"valueRequired\":true,\"valueName\":\"search_term_string\"}}],\"inLanguage\":\"vi\"}]}<\/script>\n<!-- \/ Yoast SEO Premium plugin. -->","yoast_head_json":{"title":"NMN Aishodo 12000 Nh\u1eadt B\u1ea3n - Vi\u00ean u\u1ed1ng tr\u1ebb h\u00f3a da - Ly Daily","robots":{"index":"index","follow":"follow","max-snippet":"max-snippet:-1","max-image-preview":"max-image-preview:large","max-video-preview":"max-video-preview:-1"},"canonical":"https:\/\/lydaily.vn\/jp\/san-pham\/nmn-aishodo-12000-nhat-ban-vien-uong-tre-hoa-da\/","og_locale":"vi_VN","og_type":"article","og_title":"NMN Aishodo 12000 Nh\u1eadt B\u1ea3n - Vi\u00ean u\u1ed1ng tr\u1ebb h\u00f3a da","og_description":"NMN Aishodo 12000 l\u00e0 ch\u00eca kh\u00f3a v\u00e0ng \u0111\u1ec3 duy tr\u00ec v\u00e0 l\u00e0m tr\u1ebb h\u00f3a c\u01a1 th\u1ec3, tr\u1ebb h\u00f3a da, ph\u00f2ng ng\u1eeba b\u1ec7nh t\u1eadt, b\u1ea3o v\u1ec7 s\u1ee9c kh\u1ecfe. V\u1edbi th\u00e0nh ph\u1ea7n NMN qu\u00fd gi\u00e1, c\u00f9ng tinh ch\u1ea5t nhau thai, Coq10, Hyaluronic Acid,...","og_url":"https:\/\/lydaily.vn\/jp\/san-pham\/nmn-aishodo-12000-nhat-ban-vien-uong-tre-hoa-da\/","og_site_name":"Ly Daily","article_modified_time":"2026-03-13T04:35:05+00:00","og_image":[{"width":800,"height":800,"url":"https:\/\/lydaily.vn\/jp\/wp-content\/uploads\/2026\/02\/NMN-Aishodo-12000-Nhat-Ban-Vien-uong-tre-hoa-da.jpg","type":"image\/jpeg"}],"twitter_card":"summary_large_image","twitter_misc":{"\u01af\u1edbc t\u00ednh th\u1eddi gian \u0111\u1ecdc":"3 ph\u00fat"},"schema":{"@context":"https:\/\/schema.org","@graph":[{"@type":"WebPage","@id":"https:\/\/lydaily.vn\/jp\/san-pham\/nmn-aishodo-12000-nhat-ban-vien-uong-tre-hoa-da\/","url":"https:\/\/lydaily.vn\/jp\/san-pham\/nmn-aishodo-12000-nhat-ban-vien-uong-tre-hoa-da\/","name":"NMN Aishodo 12000 Nh\u1eadt B\u1ea3n - Vi\u00ean u\u1ed1ng tr\u1ebb h\u00f3a da - Ly Daily","isPartOf":{"@id":"https:\/\/lydaily.vn\/jp\/#website"},"primaryImageOfPage":{"@id":"https:\/\/lydaily.vn\/jp\/san-pham\/nmn-aishodo-12000-nhat-ban-vien-uong-tre-hoa-da\/#primaryimage"},"image":{"@id":"https:\/\/lydaily.vn\/jp\/san-pham\/nmn-aishodo-12000-nhat-ban-vien-uong-tre-hoa-da\/#primaryimage"},"thumbnailUrl":"https:\/\/lydaily.vn\/jp\/wp-content\/uploads\/2026\/02\/NMN-Aishodo-12000-Nhat-Ban-Vien-uong-tre-hoa-da.jpg","datePublished":"2026-02-27T04:10:26+00:00","dateModified":"2026-03-13T04:35:05+00:00","breadcrumb":{"@id":"https:\/\/lydaily.vn\/jp\/san-pham\/nmn-aishodo-12000-nhat-ban-vien-uong-tre-hoa-da\/#breadcrumb"},"inLanguage":"vi","potentialAction":[{"@type":"ReadAction","target":["https:\/\/lydaily.vn\/jp\/san-pham\/nmn-aishodo-12000-nhat-ban-vien-uong-tre-hoa-da\/"]}]},{"@type":"ImageObject","inLanguage":"vi","@id":"https:\/\/lydaily.vn\/jp\/san-pham\/nmn-aishodo-12000-nhat-ban-vien-uong-tre-hoa-da\/#primaryimage","url":"https:\/\/lydaily.vn\/jp\/wp-content\/uploads\/2026\/02\/NMN-Aishodo-12000-Nhat-Ban-Vien-uong-tre-hoa-da.jpg","contentUrl":"https:\/\/lydaily.vn\/jp\/wp-content\/uploads\/2026\/02\/NMN-Aishodo-12000-Nhat-Ban-Vien-uong-tre-hoa-da.jpg","width":800,"height":800},{"@type":"BreadcrumbList","@id":"https:\/\/lydaily.vn\/jp\/san-pham\/nmn-aishodo-12000-nhat-ban-vien-uong-tre-hoa-da\/#breadcrumb","itemListElement":[{"@type":"ListItem","position":1,"name":"Home","item":"https:\/\/lydaily.vn\/jp\/"},{"@type":"ListItem","position":2,"name":"S\u1ea3n ph\u1ea9m","item":"https:\/\/lydaily.vn\/jp\/san-pham\/"},{"@type":"ListItem","position":3,"name":"NMN Aishodo 12000 Nh\u1eadt B\u1ea3n &#8211; Vi\u00ean u\u1ed1ng tr\u1ebb h\u00f3a da"}]},{"@type":"WebSite","@id":"https:\/\/lydaily.vn\/jp\/#website","url":"https:\/\/lydaily.vn\/jp\/","name":"Ly Daily","description":"Th\u1ef1c Ph\u1ea9m Ch\u1ee9c N\u0103ng &amp; M\u1ef9 Ph\u1ea9m t\u1ea1i Nh\u1eadt B\u1ea3n v\u00e0 Vi\u1ec7t Nam","potentialAction":[{"@type":"SearchAction","target":{"@type":"EntryPoint","urlTemplate":"https:\/\/lydaily.vn\/jp\/?s={search_term_string}"},"query-input":{"@type":"PropertyValueSpecification","valueRequired":true,"valueName":"search_term_string"}}],"inLanguage":"vi"}]}},"_links":{"self":[{"href":"https:\/\/lydaily.vn\/jp\/wp-json\/wp\/v2\/product\/172","targetHints":{"allow":["GET"]}}],"collection":[{"href":"https:\/\/lydaily.vn\/jp\/wp-json\/wp\/v2\/product"}],"about":[{"href":"https:\/\/lydaily.vn\/jp\/wp-json\/wp\/v2\/types\/product"}],"replies":[{"embeddable":true,"href":"https:\/\/lydaily.vn\/jp\/wp-json\/wp\/v2\/comments?post=172"}],"wp:featuredmedia":[{"embeddable":true,"href":"https:\/\/lydaily.vn\/jp\/wp-json\/wp\/v2\/media\/173"}],"wp:attachment":[{"href":"https:\/\/lydaily.vn\/jp\/wp-json\/wp\/v2\/media?parent=172"}],"wp:term":[{"taxonomy":"product_brand","embeddable":true,"href":"https:\/\/lydaily.vn\/jp\/wp-json\/wp\/v2\/product_brand?post=172"},{"taxonomy":"product_cat","embeddable":true,"href":"https:\/\/lydaily.vn\/jp\/wp-json\/wp\/v2\/product_cat?post=172"},{"taxonomy":"product_tag","embeddable":true,"href":"https:\/\/lydaily.vn\/jp\/wp-json\/wp\/v2\/product_tag?post=172"}],"curies":[{"name":"wp","href":"https:\/\/api.w.org\/{rel}","templated":true}]}}