{"id":170,"date":"2026-02-27T04:07:42","date_gmt":"2026-02-27T04:07:42","guid":{"rendered":"https:\/\/lydaily.qweb.com.vn\/?post_type=product&#038;p=170"},"modified":"2026-03-13T04:33:18","modified_gmt":"2026-03-13T04:33:18","slug":"vien-uong-nmn-18000-aishodo-90-vien-cua-nhat-ban","status":"publish","type":"product","link":"https:\/\/lydaily.vn\/jp\/san-pham\/vien-uong-nmn-18000-aishodo-90-vien-cua-nhat-ban\/","title":{"rendered":"Vi\u00ean u\u1ed1ng NMN 18000 Aishodo 90 vi\u00ean c\u1ee7a Nh\u1eadt B\u1ea3n"},"content":{"rendered":"<h3>Th\u00e0nh ph\u1ea7n ch\u00ednh c\u1ee7a NMN 18000:<\/h3>\n<p>\u25cf NMN 18000: NMN k\u00edch ho\u1ea1t gen tr\u01b0\u1eddng th\u1ecd, gi\u00fap tr\u1ebb h\u00f3a c\u01a1 th\u1ec3, l\u00e0m ch\u1eadm qu\u00e1 tr\u00ecnh l\u00e3o h\u00f3a. N\u00f3 c\u0169ng gi\u00fap h\u1ec7 th\u1ea7n kinh, tim m\u1ea1ch kh\u1ecfe m\u1ea1nh v\u00e0 ho\u1ea1t \u0111\u1ed9ng \u0111\u00fang ch\u1ee9c n\u0103ng v\u1ed1n c\u00f3.<\/p>\n<p>\u25cf Coq10 (2250mg): Ch\u1ea5t ch\u1ed1ng oxy h\u00f3a m\u1ea1nh m\u1ebd, b\u1ea3o v\u1ec7 c\u01a1 th\u1ec3. Coenzyme Q10 t\u0103ng n\u0103ng l\u01b0\u1ee3ng, ng\u0103n ch\u1eb7n b\u1ec7nh suy tim, l\u00e0m ch\u1eadm l\u00e3o h\u00f3a.<\/p>\n<p>\u25cf T\u1ebf b\u00e0o g\u1ed1c nhau thai (4500mg): Ch\u1ee9a nhi\u1ec1u vi kho\u00e1ng ch\u1ea5t, acid amin gi\u00fap c\u01a1 th\u1ec3 kh\u1ecfe m\u1ea1nh. Th\u00fac \u0111\u1ea9y t\u00e1i t\u1ea1o t\u1ebf b\u00e0o m\u1edbi, \u0111\u1ea9y l\u00f9i g\u1ed1c t\u1ef1 do. Nhau thai ng\u1ef1a c\u00f2n l\u00e0m tr\u1eafng da, h\u1ed7 tr\u1ee3 tr\u1ecb n\u00e1m t\u00e0n nhang, gi\u00fap da \u0111\u1ec1u m\u00e0u.<\/p>\n<p>\u25cf Hyaluronic acid (2250mg): Gi\u1eef \u1ea9m si\u00eau \u0111\u1ec9nh, gi\u00fap da c\u0103ng m\u1ecdng, gi\u1ea3m n\u1ebfp nh\u0103n v\u00e0 ch\u1ea3y x\u1ec7 &#8211; d\u1ea5u hi\u1ec7u tu\u1ed5i t\u00e1c. ngo\u00e0i ra, HA c\u0169ng t\u1ed1t cho\u00a0x\u01b0\u01a1ng kh\u1edbp.<\/p>\n<p>\u25cf Dextrin: Gi\u1ea3m m\u1ee1 m\u00e1u,\u00a0gi\u1ea3m cholesterol, c\u1ea3i thi\u1ec7n \u0111\u1ed9 nh\u1ea1y insulin, ph\u00f2ng ng\u1eeba ung th\u01b0,&#8230;<\/p>\n<h3>NMN l\u00e0 g\u00ec?<\/h3>\n<p>NMN l\u00e0 vi\u1ebft t\u1eaft c\u1ee7a Nicotinamide mononucleotide. N\u00f3 c\u00f3 m\u1eb7t trong c\u01a1 th\u1ec3 ch\u00fang ta, nh\u01b0ng b\u1ecb suy gi\u1ea3m theo tu\u1ed5i t\u00e1c.<\/p>\n<p>NMN th\u00fac \u0111\u1ea9y t\u0103ng c\u01b0\u1eddng n\u0103ng l\u01b0\u1ee3ng cho ty th\u1ec3. \u0110\u1eb7c bi\u1ec7t l\u00e0m t\u0103ng NAD+, k\u00edch th\u00edch gen Sirtuin (gen tr\u01b0\u1eddng th\u1ecd) ho\u1ea1t \u0111\u1ed9ng. N\u00f3 s\u1ebd c\u00f3 t\u00e1c d\u1ee5ng th\u00fac \u0111\u1ea9y qu\u00e1 tr\u00ecnh trao \u0111\u1ed5i ch\u1ea5t, t\u00e1i t\u1ea1o t\u1ebf b\u00e0o m\u1edbi, s\u1eeda ch\u1eefa, ph\u1ee5c h\u1ed3i t\u1ebf b\u00e0o c\u0169, ch\u1ed1ng oxy h\u00f3a, ch\u1ed1ng l\u1ea1i t\u00e1c nh\u00e2n g\u00e2y l\u00e3o h\u00f3a.<\/p>\n<h3>C\u00f4ng d\u1ee5ng c\u1ee7a vi\u00ean u\u1ed1ng NMN 18000 Aishodo:<\/h3>\n<p><strong>\u27a4 Vi\u00ean u\u1ed1ng NMN 18000+<\/strong>\u00a0b\u1ed5 sung nhi\u1ec1u d\u01b0\u1ee1ng ch\u1ea5t t\u1ed1t cho c\u01a1 th\u1ec3<\/p>\n<p><strong>\u27a4\u00a0<\/strong>C\u1ea3i thi\u1ec7n n\u0103ng l\u01b0\u1ee3ng, gi\u1ea3m m\u1ec7t m\u1ecfi, ph\u1ee5c h\u1ed3i s\u1ee9c kh\u1ecfe<\/p>\n<p><strong>\u27a4\u00a0<\/strong>H\u1ed7 tr\u1ee3 ch\u1ed1ng vi\u00eam, \u0111\u1eb7c bi\u1ec7t l\u00e0 vi\u00eam kh\u1edbp<\/p>\n<p><strong>\u27a4\u00a0<\/strong>Duy tr\u00ec h\u1ec7 th\u1ea7n kinh kh\u1ecfe m\u1ea1nh, ng\u1eeba ch\u1ee9ng Alzheimer, l\u00fa l\u1eabn<\/p>\n<p><strong>\u27a4\u00a0<\/strong>B\u1ea3o v\u1ec7\u00a0tim m\u1ea1ch, ng\u1eeba \u0111au tim, t\u1eafc m\u1ea1ch m\u00e1u<\/p>\n<p><strong>\u27a4\u00a0<\/strong>T\u0103ng c\u01b0\u1eddng mi\u1ec5n d\u1ecbch, ph\u00f2ng ng\u1eeba ung th\u01b0<\/p>\n<p><strong>\u27a4\u00a0<\/strong>Tr\u1ebb h\u00f3a da, l\u00e0m c\u0103ng da, gi\u1ea3m c\u00e1c n\u1ebfp nh\u0103n, n\u1ebfp g\u1ea5p<\/p>\n<p><strong>\u27a4\u00a0<\/strong>Gi\u1ea3m kh\u00f4 s\u1ea1m, t\u00e0n nhang \u0111\u1ed3i m\u1ed3i<\/p>\n<p><strong>\u27a4\u00a0<\/strong>K\u00edch th\u00edch t\u00e1i t\u1ea1o da, ph\u1ee5c h\u1ed3i t\u1ed5n th\u01b0\u01a1ng<\/p>\n<p><strong>\u27a4 Vi\u00ean u\u1ed1ng NMN 18000<\/strong>\u00a0l\u00e0m ch\u1eadm qu\u00e1 tr\u00ecnh l\u00e3o h\u00f3a<\/p>\n","protected":false},"excerpt":{"rendered":"<div class=\"rowl\">\n<p class=\"intro\">Vi\u00ean u\u1ed1ng NMN 18000 Aishodo \u0111\u01b0\u1ee3c m\u1ec7nh danh l\u00e0 \u201cthu\u1ed1c tr\u01b0\u1eddng th\u1ecd\u201d b\u1edfi kh\u1ea3 n\u0103ng tr\u1ebb h\u00f3a c\u01a1 th\u1ec3, t\u00e1i t\u1ea1o t\u1ebf b\u00e0o m\u1edbi, t\u0103ng c\u01b0\u1eddng n\u0103ng l\u01b0\u1ee3ng v\u00e0 s\u1ee9c s\u1ed1ng, ph\u00f2ng b\u1ec7nh, ch\u1ed1ng l\u00e3o h\u00f3a,&#8230; \u00a0S\u1ea3n ph\u1ea9m cao c\u1ea5p c\u1ee7a Nh\u1eadt B\u1ea3n<\/p>\n<\/div>\n<div class=\"rowr\"><\/div>\n","protected":false},"featured_media":171,"comment_status":"open","ping_status":"closed","template":"","meta":[],"product_brand":[],"product_cat":[21],"product_tag":[],"class_list":{"0":"post-170","1":"product","2":"type-product","3":"status-publish","4":"has-post-thumbnail","6":"product_cat-thuc-pham-chuc-nang","8":"first","9":"instock","10":"shipping-taxable","11":"purchasable","12":"product-type-simple"},"yoast_head":"<!-- This site is optimized with the Yoast SEO Premium plugin v22.3 (Yoast SEO v27.1.1) - https:\/\/yoast.com\/product\/yoast-seo-premium-wordpress\/ -->\n<title>Vi\u00ean u\u1ed1ng NMN 18000 Aishodo 90 vi\u00ean c\u1ee7a Nh\u1eadt B\u1ea3n - Ly Daily<\/title>\n<meta name=\"robots\" content=\"index, follow, max-snippet:-1, max-image-preview:large, max-video-preview:-1\" \/>\n<link rel=\"canonical\" href=\"https:\/\/lydaily.vn\/jp\/san-pham\/vien-uong-nmn-18000-aishodo-90-vien-cua-nhat-ban\/\" \/>\n<meta property=\"og:locale\" content=\"vi_VN\" \/>\n<meta property=\"og:type\" content=\"article\" \/>\n<meta property=\"og:title\" content=\"Vi\u00ean u\u1ed1ng NMN 18000 Aishodo 90 vi\u00ean c\u1ee7a Nh\u1eadt B\u1ea3n\" \/>\n<meta property=\"og:description\" content=\"Vi\u00ean u\u1ed1ng NMN 18000 Aishodo \u0111\u01b0\u1ee3c m\u1ec7nh danh l\u00e0 \u201cthu\u1ed1c tr\u01b0\u1eddng th\u1ecd\u201d b\u1edfi kh\u1ea3 n\u0103ng tr\u1ebb h\u00f3a c\u01a1 th\u1ec3, t\u00e1i t\u1ea1o t\u1ebf b\u00e0o m\u1edbi, t\u0103ng c\u01b0\u1eddng n\u0103ng l\u01b0\u1ee3ng v\u00e0 s\u1ee9c s\u1ed1ng, ph\u00f2ng b\u1ec7nh, ch\u1ed1ng l\u00e3o h\u00f3a,... \u00a0S\u1ea3n ph\u1ea9m cao c\u1ea5p c\u1ee7a Nh\u1eadt B\u1ea3n\" \/>\n<meta property=\"og:url\" content=\"https:\/\/lydaily.vn\/jp\/san-pham\/vien-uong-nmn-18000-aishodo-90-vien-cua-nhat-ban\/\" \/>\n<meta property=\"og:site_name\" content=\"Ly Daily\" \/>\n<meta property=\"article:modified_time\" content=\"2026-03-13T04:33:18+00:00\" \/>\n<meta property=\"og:image\" content=\"https:\/\/lydaily.vn\/jp\/wp-content\/uploads\/2026\/02\/Vien-uong-NMN-18000-Aishodo-90-vien-cua-Nhat-Ban.jpg\" \/>\n\t<meta property=\"og:image:width\" content=\"200\" \/>\n\t<meta property=\"og:image:height\" content=\"200\" \/>\n\t<meta property=\"og:image:type\" content=\"image\/jpeg\" \/>\n<meta name=\"twitter:card\" content=\"summary_large_image\" \/>\n<meta name=\"twitter:label1\" content=\"\u01af\u1edbc t\u00ednh th\u1eddi gian \u0111\u1ecdc\" \/>\n\t<meta name=\"twitter:data1\" content=\"3 ph\u00fat\" \/>\n<script type=\"application\/ld+json\" class=\"yoast-schema-graph\">{\"@context\":\"https:\/\/schema.org\",\"@graph\":[{\"@type\":\"WebPage\",\"@id\":\"https:\/\/lydaily.vn\/jp\/san-pham\/vien-uong-nmn-18000-aishodo-90-vien-cua-nhat-ban\/\",\"url\":\"https:\/\/lydaily.vn\/jp\/san-pham\/vien-uong-nmn-18000-aishodo-90-vien-cua-nhat-ban\/\",\"name\":\"Vi\u00ean u\u1ed1ng NMN 18000 Aishodo 90 vi\u00ean c\u1ee7a Nh\u1eadt B\u1ea3n - Ly Daily\",\"isPartOf\":{\"@id\":\"https:\/\/lydaily.vn\/jp\/#website\"},\"primaryImageOfPage\":{\"@id\":\"https:\/\/lydaily.vn\/jp\/san-pham\/vien-uong-nmn-18000-aishodo-90-vien-cua-nhat-ban\/#primaryimage\"},\"image\":{\"@id\":\"https:\/\/lydaily.vn\/jp\/san-pham\/vien-uong-nmn-18000-aishodo-90-vien-cua-nhat-ban\/#primaryimage\"},\"thumbnailUrl\":\"https:\/\/lydaily.vn\/jp\/wp-content\/uploads\/2026\/02\/Vien-uong-NMN-18000-Aishodo-90-vien-cua-Nhat-Ban.jpg\",\"datePublished\":\"2026-02-27T04:07:42+00:00\",\"dateModified\":\"2026-03-13T04:33:18+00:00\",\"breadcrumb\":{\"@id\":\"https:\/\/lydaily.vn\/jp\/san-pham\/vien-uong-nmn-18000-aishodo-90-vien-cua-nhat-ban\/#breadcrumb\"},\"inLanguage\":\"vi\",\"potentialAction\":[{\"@type\":\"ReadAction\",\"target\":[\"https:\/\/lydaily.vn\/jp\/san-pham\/vien-uong-nmn-18000-aishodo-90-vien-cua-nhat-ban\/\"]}]},{\"@type\":\"ImageObject\",\"inLanguage\":\"vi\",\"@id\":\"https:\/\/lydaily.vn\/jp\/san-pham\/vien-uong-nmn-18000-aishodo-90-vien-cua-nhat-ban\/#primaryimage\",\"url\":\"https:\/\/lydaily.vn\/jp\/wp-content\/uploads\/2026\/02\/Vien-uong-NMN-18000-Aishodo-90-vien-cua-Nhat-Ban.jpg\",\"contentUrl\":\"https:\/\/lydaily.vn\/jp\/wp-content\/uploads\/2026\/02\/Vien-uong-NMN-18000-Aishodo-90-vien-cua-Nhat-Ban.jpg\",\"width\":200,\"height\":200},{\"@type\":\"BreadcrumbList\",\"@id\":\"https:\/\/lydaily.vn\/jp\/san-pham\/vien-uong-nmn-18000-aishodo-90-vien-cua-nhat-ban\/#breadcrumb\",\"itemListElement\":[{\"@type\":\"ListItem\",\"position\":1,\"name\":\"Home\",\"item\":\"https:\/\/lydaily.vn\/jp\/\"},{\"@type\":\"ListItem\",\"position\":2,\"name\":\"S\u1ea3n ph\u1ea9m\",\"item\":\"https:\/\/lydaily.vn\/jp\/san-pham\/\"},{\"@type\":\"ListItem\",\"position\":3,\"name\":\"Vi\u00ean u\u1ed1ng NMN 18000 Aishodo 90 vi\u00ean c\u1ee7a Nh\u1eadt B\u1ea3n\"}]},{\"@type\":\"WebSite\",\"@id\":\"https:\/\/lydaily.vn\/jp\/#website\",\"url\":\"https:\/\/lydaily.vn\/jp\/\",\"name\":\"Ly Daily\",\"description\":\"Th\u1ef1c Ph\u1ea9m Ch\u1ee9c N\u0103ng &amp; M\u1ef9 Ph\u1ea9m t\u1ea1i Nh\u1eadt B\u1ea3n v\u00e0 Vi\u1ec7t Nam\",\"potentialAction\":[{\"@type\":\"SearchAction\",\"target\":{\"@type\":\"EntryPoint\",\"urlTemplate\":\"https:\/\/lydaily.vn\/jp\/?s={search_term_string}\"},\"query-input\":{\"@type\":\"PropertyValueSpecification\",\"valueRequired\":true,\"valueName\":\"search_term_string\"}}],\"inLanguage\":\"vi\"}]}<\/script>\n<!-- \/ Yoast SEO Premium plugin. -->","yoast_head_json":{"title":"Vi\u00ean u\u1ed1ng NMN 18000 Aishodo 90 vi\u00ean c\u1ee7a Nh\u1eadt B\u1ea3n - Ly Daily","robots":{"index":"index","follow":"follow","max-snippet":"max-snippet:-1","max-image-preview":"max-image-preview:large","max-video-preview":"max-video-preview:-1"},"canonical":"https:\/\/lydaily.vn\/jp\/san-pham\/vien-uong-nmn-18000-aishodo-90-vien-cua-nhat-ban\/","og_locale":"vi_VN","og_type":"article","og_title":"Vi\u00ean u\u1ed1ng NMN 18000 Aishodo 90 vi\u00ean c\u1ee7a Nh\u1eadt B\u1ea3n","og_description":"Vi\u00ean u\u1ed1ng NMN 18000 Aishodo \u0111\u01b0\u1ee3c m\u1ec7nh danh l\u00e0 \u201cthu\u1ed1c tr\u01b0\u1eddng th\u1ecd\u201d b\u1edfi kh\u1ea3 n\u0103ng tr\u1ebb h\u00f3a c\u01a1 th\u1ec3, t\u00e1i t\u1ea1o t\u1ebf b\u00e0o m\u1edbi, t\u0103ng c\u01b0\u1eddng n\u0103ng l\u01b0\u1ee3ng v\u00e0 s\u1ee9c s\u1ed1ng, ph\u00f2ng b\u1ec7nh, ch\u1ed1ng l\u00e3o h\u00f3a,... \u00a0S\u1ea3n ph\u1ea9m cao c\u1ea5p c\u1ee7a Nh\u1eadt B\u1ea3n","og_url":"https:\/\/lydaily.vn\/jp\/san-pham\/vien-uong-nmn-18000-aishodo-90-vien-cua-nhat-ban\/","og_site_name":"Ly Daily","article_modified_time":"2026-03-13T04:33:18+00:00","og_image":[{"width":200,"height":200,"url":"https:\/\/lydaily.vn\/jp\/wp-content\/uploads\/2026\/02\/Vien-uong-NMN-18000-Aishodo-90-vien-cua-Nhat-Ban.jpg","type":"image\/jpeg"}],"twitter_card":"summary_large_image","twitter_misc":{"\u01af\u1edbc t\u00ednh th\u1eddi gian \u0111\u1ecdc":"3 ph\u00fat"},"schema":{"@context":"https:\/\/schema.org","@graph":[{"@type":"WebPage","@id":"https:\/\/lydaily.vn\/jp\/san-pham\/vien-uong-nmn-18000-aishodo-90-vien-cua-nhat-ban\/","url":"https:\/\/lydaily.vn\/jp\/san-pham\/vien-uong-nmn-18000-aishodo-90-vien-cua-nhat-ban\/","name":"Vi\u00ean u\u1ed1ng NMN 18000 Aishodo 90 vi\u00ean c\u1ee7a Nh\u1eadt B\u1ea3n - Ly Daily","isPartOf":{"@id":"https:\/\/lydaily.vn\/jp\/#website"},"primaryImageOfPage":{"@id":"https:\/\/lydaily.vn\/jp\/san-pham\/vien-uong-nmn-18000-aishodo-90-vien-cua-nhat-ban\/#primaryimage"},"image":{"@id":"https:\/\/lydaily.vn\/jp\/san-pham\/vien-uong-nmn-18000-aishodo-90-vien-cua-nhat-ban\/#primaryimage"},"thumbnailUrl":"https:\/\/lydaily.vn\/jp\/wp-content\/uploads\/2026\/02\/Vien-uong-NMN-18000-Aishodo-90-vien-cua-Nhat-Ban.jpg","datePublished":"2026-02-27T04:07:42+00:00","dateModified":"2026-03-13T04:33:18+00:00","breadcrumb":{"@id":"https:\/\/lydaily.vn\/jp\/san-pham\/vien-uong-nmn-18000-aishodo-90-vien-cua-nhat-ban\/#breadcrumb"},"inLanguage":"vi","potentialAction":[{"@type":"ReadAction","target":["https:\/\/lydaily.vn\/jp\/san-pham\/vien-uong-nmn-18000-aishodo-90-vien-cua-nhat-ban\/"]}]},{"@type":"ImageObject","inLanguage":"vi","@id":"https:\/\/lydaily.vn\/jp\/san-pham\/vien-uong-nmn-18000-aishodo-90-vien-cua-nhat-ban\/#primaryimage","url":"https:\/\/lydaily.vn\/jp\/wp-content\/uploads\/2026\/02\/Vien-uong-NMN-18000-Aishodo-90-vien-cua-Nhat-Ban.jpg","contentUrl":"https:\/\/lydaily.vn\/jp\/wp-content\/uploads\/2026\/02\/Vien-uong-NMN-18000-Aishodo-90-vien-cua-Nhat-Ban.jpg","width":200,"height":200},{"@type":"BreadcrumbList","@id":"https:\/\/lydaily.vn\/jp\/san-pham\/vien-uong-nmn-18000-aishodo-90-vien-cua-nhat-ban\/#breadcrumb","itemListElement":[{"@type":"ListItem","position":1,"name":"Home","item":"https:\/\/lydaily.vn\/jp\/"},{"@type":"ListItem","position":2,"name":"S\u1ea3n ph\u1ea9m","item":"https:\/\/lydaily.vn\/jp\/san-pham\/"},{"@type":"ListItem","position":3,"name":"Vi\u00ean u\u1ed1ng NMN 18000 Aishodo 90 vi\u00ean c\u1ee7a Nh\u1eadt B\u1ea3n"}]},{"@type":"WebSite","@id":"https:\/\/lydaily.vn\/jp\/#website","url":"https:\/\/lydaily.vn\/jp\/","name":"Ly Daily","description":"Th\u1ef1c Ph\u1ea9m Ch\u1ee9c N\u0103ng &amp; M\u1ef9 Ph\u1ea9m t\u1ea1i Nh\u1eadt B\u1ea3n v\u00e0 Vi\u1ec7t Nam","potentialAction":[{"@type":"SearchAction","target":{"@type":"EntryPoint","urlTemplate":"https:\/\/lydaily.vn\/jp\/?s={search_term_string}"},"query-input":{"@type":"PropertyValueSpecification","valueRequired":true,"valueName":"search_term_string"}}],"inLanguage":"vi"}]}},"_links":{"self":[{"href":"https:\/\/lydaily.vn\/jp\/wp-json\/wp\/v2\/product\/170","targetHints":{"allow":["GET"]}}],"collection":[{"href":"https:\/\/lydaily.vn\/jp\/wp-json\/wp\/v2\/product"}],"about":[{"href":"https:\/\/lydaily.vn\/jp\/wp-json\/wp\/v2\/types\/product"}],"replies":[{"embeddable":true,"href":"https:\/\/lydaily.vn\/jp\/wp-json\/wp\/v2\/comments?post=170"}],"wp:featuredmedia":[{"embeddable":true,"href":"https:\/\/lydaily.vn\/jp\/wp-json\/wp\/v2\/media\/171"}],"wp:attachment":[{"href":"https:\/\/lydaily.vn\/jp\/wp-json\/wp\/v2\/media?parent=170"}],"wp:term":[{"taxonomy":"product_brand","embeddable":true,"href":"https:\/\/lydaily.vn\/jp\/wp-json\/wp\/v2\/product_brand?post=170"},{"taxonomy":"product_cat","embeddable":true,"href":"https:\/\/lydaily.vn\/jp\/wp-json\/wp\/v2\/product_cat?post=170"},{"taxonomy":"product_tag","embeddable":true,"href":"https:\/\/lydaily.vn\/jp\/wp-json\/wp\/v2\/product_tag?post=170"}],"curies":[{"name":"wp","href":"https:\/\/api.w.org\/{rel}","templated":true}]}}