{"id":160,"date":"2026-02-27T03:57:18","date_gmt":"2026-02-27T03:57:18","guid":{"rendered":"https:\/\/lydaily.qweb.com.vn\/?post_type=product&#038;p=160"},"modified":"2026-03-13T04:27:31","modified_gmt":"2026-03-13T04:27:31","slug":"thuoc-boi-ngoai-da-muhi-hd-30ml","status":"publish","type":"product","link":"https:\/\/lydaily.vn\/jp\/san-pham\/thuoc-boi-ngoai-da-muhi-hd-30ml\/","title":{"rendered":"Thu\u1ed1c b\u00f4i ngo\u00e0i da Muhi HD 30ml"},"content":{"rendered":"","protected":false},"excerpt":{"rendered":"<ul data-hveid=\"CBQQAQ\" data-ved=\"2ahUKEwjNsvWn4_iSAxWrePUHHbXaDDMQm_YKegQIFBAB\">\n<li><span data-huuid=\"7675310535100845488\"><strong>C\u00f4ng d\u1ee5ng:<\/strong>\u00a0Gi\u1ea3m nhanh c\u1ea3m gi\u00e1c ng\u1ee9a, d\u1ecbu vi\u00eam, v\u00e0 \u0111i\u1ec1u tr\u1ecb ch\u00e0m da \u0111\u1ea7u.<span class=\"pjBG2e\" data-cid=\"8a1550a2-353c-4d7c-ad8b-971977c91cae\"><span class=\"UV3uM\">\u00a0<\/span><\/span><\/span>\n<div class=\"NPrrbc\" data-cid=\"8a1550a2-353c-4d7c-ad8b-971977c91cae\" data-uuids=\"7675310535100845488\">\n<div class=\"BMebGe btku5b FR7ZSc OJeuxf\" tabindex=\"0\" role=\"button\" aria-label=\"Xem c\u00e1c \u0111\u01b0\u1eddng li\u00ean k\u1ebft c\u00f3 li\u00ean quan\" data-hveid=\"CAYQAQ\" data-ved=\"2ahUKEwjNsvWn4_iSAxWrePUHHbXaDDMQ3fYKegQIBhAB\">\n<div class=\"niO4u B6OMee\"><\/div>\n<\/div>\n<\/div>\n<\/li>\n<li><span data-huuid=\"7675310535100842934\"><strong>Thi\u1ebft k\u1ebf:<\/strong>\u00a0Chai nh\u1ecf 30ml v\u1edbi \u0111\u1ea7u b\u00f4i &#8220;pinpoint&#8221; cho ph\u00e9p b\u00f4i tr\u1ef1c ti\u1ebfp v\u00e0 ch\u00ednh x\u00e1c l\u00ean v\u00f9ng da b\u1ecb ng\u1ee9a ho\u1eb7c vi\u00eam.<span class=\"pjBG2e\" data-cid=\"36990eef-a59c-4723-9d00-193006801ee1\"><span class=\"UV3uM\">\u00a0<\/span><\/span><\/span>\n<div class=\"NPrrbc\" data-cid=\"36990eef-a59c-4723-9d00-193006801ee1\" data-uuids=\"7675310535100842934\">\n<div class=\"BMebGe btku5b FR7ZSc OJeuxf\" tabindex=\"0\" role=\"button\" aria-label=\"Xem c\u00e1c \u0111\u01b0\u1eddng li\u00ean k\u1ebft c\u00f3 li\u00ean quan\" data-hveid=\"CBAQAQ\" data-ved=\"2ahUKEwjNsvWn4_iSAxWrePUHHbXaDDMQ3fYKegQIEBAB\">\n<div class=\"niO4u B6OMee\"><\/div>\n<\/div>\n<\/div>\n<\/li>\n<li><span data-huuid=\"7675310535100844476\"><strong>\u0110\u1eb7c \u0111i\u1ec3m:<\/strong>\u00a0Dung d\u1ecbch trong su\u1ed1t, kh\u00f3 b\u1ecb ch\u1ea3y tr\u00e0n.<span class=\"pjBG2e\" data-cid=\"eb97d4b3-d3a1-464d-833b-6c8072f8d070\"><span class=\"UV3uM\">\u00a0<\/span><\/span><\/span>\n<div class=\"NPrrbc\" data-cid=\"eb97d4b3-d3a1-464d-833b-6c8072f8d070\" data-uuids=\"7675310535100844476\">\n<div class=\"BMebGe btku5b FR7ZSc OJeuxf\" tabindex=\"0\" role=\"button\" aria-label=\"Xem c\u00e1c \u0111\u01b0\u1eddng li\u00ean k\u1ebft c\u00f3 li\u00ean quan\" data-hveid=\"CA4QAQ\" data-ved=\"2ahUKEwjNsvWn4_iSAxWrePUHHbXaDDMQ3fYKegQIDhAB\">\n<div class=\"niO4u B6OMee\"><\/div>\n<\/div>\n<\/div>\n<\/li>\n<li><span data-huuid=\"7675310535100846018\"><strong>Th\u00e0nh ph\u1ea7n ch\u00ednh:<\/strong>\u00a0Ch\u1ee9a c\u00e1c ch\u1ea5t kh\u00e1ng vi\u00eam (nh\u01b0 Prednisolone valerate acetate), kh\u00e1ng histamine, s\u00e1t khu\u1ea9n v\u00e0 th\u00e0nh ph\u1ea7n l\u00e0m m\u00e1t (menthol).<span class=\"pjBG2e\" data-cid=\"4b3e8f46-3ac4-408b-bbfa-e184e7f2a94c\" aria-hidden=\"true\"><span class=\"UV3uM\">\u00a0<\/span><\/span><\/span><\/li>\n<\/ul>\n","protected":false},"featured_media":161,"comment_status":"open","ping_status":"closed","template":"","meta":[],"product_brand":[],"product_cat":[23],"product_tag":[],"class_list":{"0":"post-160","1":"product","2":"type-product","3":"status-publish","4":"has-post-thumbnail","6":"product_cat-khac","8":"first","9":"instock","10":"shipping-taxable","11":"purchasable","12":"product-type-simple"},"yoast_head":"<!-- This site is optimized with the Yoast SEO Premium plugin v22.3 (Yoast SEO v27.1.1) - https:\/\/yoast.com\/product\/yoast-seo-premium-wordpress\/ -->\n<title>Thu\u1ed1c b\u00f4i ngo\u00e0i da Muhi HD 30ml - Ly Daily<\/title>\n<meta name=\"robots\" content=\"index, follow, max-snippet:-1, max-image-preview:large, max-video-preview:-1\" \/>\n<link rel=\"canonical\" href=\"https:\/\/lydaily.vn\/jp\/san-pham\/thuoc-boi-ngoai-da-muhi-hd-30ml\/\" \/>\n<meta property=\"og:locale\" content=\"vi_VN\" \/>\n<meta property=\"og:type\" content=\"article\" \/>\n<meta property=\"og:title\" content=\"Thu\u1ed1c b\u00f4i ngo\u00e0i da Muhi HD 30ml\" \/>\n<meta property=\"og:description\" content=\"C\u00f4ng d\u1ee5ng:\u00a0Gi\u1ea3m nhanh c\u1ea3m gi\u00e1c ng\u1ee9a, d\u1ecbu vi\u00eam, v\u00e0 \u0111i\u1ec1u tr\u1ecb ch\u00e0m da \u0111\u1ea7u.\u00a0       Thi\u1ebft k\u1ebf:\u00a0Chai nh\u1ecf 30ml v\u1edbi \u0111\u1ea7u b\u00f4i &quot;pinpoint&quot; cho ph\u00e9p b\u00f4i tr\u1ef1c ti\u1ebfp v\u00e0 ch\u00ednh x\u00e1c l\u00ean v\u00f9ng da b\u1ecb ng\u1ee9a ho\u1eb7c vi\u00eam.\u00a0       \u0110\u1eb7c \u0111i\u1ec3m:\u00a0Dung d\u1ecbch trong su\u1ed1t, kh\u00f3 b\u1ecb ch\u1ea3y tr\u00e0n.\u00a0       Th\u00e0nh ph\u1ea7n ch\u00ednh:\u00a0Ch\u1ee9a c\u00e1c ch\u1ea5t kh\u00e1ng vi\u00eam (nh\u01b0 Prednisolone valerate acetate), kh\u00e1ng histamine, s\u00e1t khu\u1ea9n v\u00e0 th\u00e0nh ph\u1ea7n l\u00e0m m\u00e1t (menthol).\u00a0\" \/>\n<meta property=\"og:url\" content=\"https:\/\/lydaily.vn\/jp\/san-pham\/thuoc-boi-ngoai-da-muhi-hd-30ml\/\" \/>\n<meta property=\"og:site_name\" content=\"Ly Daily\" \/>\n<meta property=\"article:modified_time\" content=\"2026-03-13T04:27:31+00:00\" \/>\n<meta property=\"og:image\" content=\"https:\/\/lydaily.vn\/jp\/wp-content\/uploads\/2026\/02\/thuoc-boi-ngoai-da-Muhi-HD-30ml.jpg\" \/>\n\t<meta property=\"og:image:width\" content=\"260\" \/>\n\t<meta property=\"og:image:height\" content=\"293\" \/>\n\t<meta property=\"og:image:type\" content=\"image\/jpeg\" \/>\n<meta name=\"twitter:card\" content=\"summary_large_image\" \/>\n<meta name=\"twitter:label1\" content=\"\u01af\u1edbc t\u00ednh th\u1eddi gian \u0111\u1ecdc\" \/>\n\t<meta name=\"twitter:data1\" content=\"1 ph\u00fat\" \/>\n<script type=\"application\/ld+json\" class=\"yoast-schema-graph\">{\"@context\":\"https:\/\/schema.org\",\"@graph\":[{\"@type\":\"WebPage\",\"@id\":\"https:\/\/lydaily.vn\/jp\/san-pham\/thuoc-boi-ngoai-da-muhi-hd-30ml\/\",\"url\":\"https:\/\/lydaily.vn\/jp\/san-pham\/thuoc-boi-ngoai-da-muhi-hd-30ml\/\",\"name\":\"Thu\u1ed1c b\u00f4i ngo\u00e0i da Muhi HD 30ml - Ly Daily\",\"isPartOf\":{\"@id\":\"https:\/\/lydaily.vn\/jp\/#website\"},\"primaryImageOfPage\":{\"@id\":\"https:\/\/lydaily.vn\/jp\/san-pham\/thuoc-boi-ngoai-da-muhi-hd-30ml\/#primaryimage\"},\"image\":{\"@id\":\"https:\/\/lydaily.vn\/jp\/san-pham\/thuoc-boi-ngoai-da-muhi-hd-30ml\/#primaryimage\"},\"thumbnailUrl\":\"https:\/\/lydaily.vn\/jp\/wp-content\/uploads\/2026\/02\/thuoc-boi-ngoai-da-Muhi-HD-30ml.jpg\",\"datePublished\":\"2026-02-27T03:57:18+00:00\",\"dateModified\":\"2026-03-13T04:27:31+00:00\",\"breadcrumb\":{\"@id\":\"https:\/\/lydaily.vn\/jp\/san-pham\/thuoc-boi-ngoai-da-muhi-hd-30ml\/#breadcrumb\"},\"inLanguage\":\"vi\",\"potentialAction\":[{\"@type\":\"ReadAction\",\"target\":[\"https:\/\/lydaily.vn\/jp\/san-pham\/thuoc-boi-ngoai-da-muhi-hd-30ml\/\"]}]},{\"@type\":\"ImageObject\",\"inLanguage\":\"vi\",\"@id\":\"https:\/\/lydaily.vn\/jp\/san-pham\/thuoc-boi-ngoai-da-muhi-hd-30ml\/#primaryimage\",\"url\":\"https:\/\/lydaily.vn\/jp\/wp-content\/uploads\/2026\/02\/thuoc-boi-ngoai-da-Muhi-HD-30ml.jpg\",\"contentUrl\":\"https:\/\/lydaily.vn\/jp\/wp-content\/uploads\/2026\/02\/thuoc-boi-ngoai-da-Muhi-HD-30ml.jpg\",\"width\":260,\"height\":293},{\"@type\":\"BreadcrumbList\",\"@id\":\"https:\/\/lydaily.vn\/jp\/san-pham\/thuoc-boi-ngoai-da-muhi-hd-30ml\/#breadcrumb\",\"itemListElement\":[{\"@type\":\"ListItem\",\"position\":1,\"name\":\"Home\",\"item\":\"https:\/\/lydaily.vn\/jp\/\"},{\"@type\":\"ListItem\",\"position\":2,\"name\":\"S\u1ea3n ph\u1ea9m\",\"item\":\"https:\/\/lydaily.vn\/jp\/san-pham\/\"},{\"@type\":\"ListItem\",\"position\":3,\"name\":\"Thu\u1ed1c b\u00f4i ngo\u00e0i da Muhi HD 30ml\"}]},{\"@type\":\"WebSite\",\"@id\":\"https:\/\/lydaily.vn\/jp\/#website\",\"url\":\"https:\/\/lydaily.vn\/jp\/\",\"name\":\"Ly Daily\",\"description\":\"Th\u1ef1c Ph\u1ea9m Ch\u1ee9c N\u0103ng &amp; M\u1ef9 Ph\u1ea9m t\u1ea1i Nh\u1eadt B\u1ea3n v\u00e0 Vi\u1ec7t Nam\",\"potentialAction\":[{\"@type\":\"SearchAction\",\"target\":{\"@type\":\"EntryPoint\",\"urlTemplate\":\"https:\/\/lydaily.vn\/jp\/?s={search_term_string}\"},\"query-input\":{\"@type\":\"PropertyValueSpecification\",\"valueRequired\":true,\"valueName\":\"search_term_string\"}}],\"inLanguage\":\"vi\"}]}<\/script>\n<!-- \/ Yoast SEO Premium plugin. -->","yoast_head_json":{"title":"Thu\u1ed1c b\u00f4i ngo\u00e0i da Muhi HD 30ml - Ly Daily","robots":{"index":"index","follow":"follow","max-snippet":"max-snippet:-1","max-image-preview":"max-image-preview:large","max-video-preview":"max-video-preview:-1"},"canonical":"https:\/\/lydaily.vn\/jp\/san-pham\/thuoc-boi-ngoai-da-muhi-hd-30ml\/","og_locale":"vi_VN","og_type":"article","og_title":"Thu\u1ed1c b\u00f4i ngo\u00e0i da Muhi HD 30ml","og_description":"C\u00f4ng d\u1ee5ng:\u00a0Gi\u1ea3m nhanh c\u1ea3m gi\u00e1c ng\u1ee9a, d\u1ecbu vi\u00eam, v\u00e0 \u0111i\u1ec1u tr\u1ecb ch\u00e0m da \u0111\u1ea7u.\u00a0       Thi\u1ebft k\u1ebf:\u00a0Chai nh\u1ecf 30ml v\u1edbi \u0111\u1ea7u b\u00f4i \"pinpoint\" cho ph\u00e9p b\u00f4i tr\u1ef1c ti\u1ebfp v\u00e0 ch\u00ednh x\u00e1c l\u00ean v\u00f9ng da b\u1ecb ng\u1ee9a ho\u1eb7c vi\u00eam.\u00a0       \u0110\u1eb7c \u0111i\u1ec3m:\u00a0Dung d\u1ecbch trong su\u1ed1t, kh\u00f3 b\u1ecb ch\u1ea3y tr\u00e0n.\u00a0       Th\u00e0nh ph\u1ea7n ch\u00ednh:\u00a0Ch\u1ee9a c\u00e1c ch\u1ea5t kh\u00e1ng vi\u00eam (nh\u01b0 Prednisolone valerate acetate), kh\u00e1ng histamine, s\u00e1t khu\u1ea9n v\u00e0 th\u00e0nh ph\u1ea7n l\u00e0m m\u00e1t (menthol).\u00a0","og_url":"https:\/\/lydaily.vn\/jp\/san-pham\/thuoc-boi-ngoai-da-muhi-hd-30ml\/","og_site_name":"Ly Daily","article_modified_time":"2026-03-13T04:27:31+00:00","og_image":[{"width":260,"height":293,"url":"https:\/\/lydaily.vn\/jp\/wp-content\/uploads\/2026\/02\/thuoc-boi-ngoai-da-Muhi-HD-30ml.jpg","type":"image\/jpeg"}],"twitter_card":"summary_large_image","twitter_misc":{"\u01af\u1edbc t\u00ednh th\u1eddi gian \u0111\u1ecdc":"1 ph\u00fat"},"schema":{"@context":"https:\/\/schema.org","@graph":[{"@type":"WebPage","@id":"https:\/\/lydaily.vn\/jp\/san-pham\/thuoc-boi-ngoai-da-muhi-hd-30ml\/","url":"https:\/\/lydaily.vn\/jp\/san-pham\/thuoc-boi-ngoai-da-muhi-hd-30ml\/","name":"Thu\u1ed1c b\u00f4i ngo\u00e0i da Muhi HD 30ml - Ly Daily","isPartOf":{"@id":"https:\/\/lydaily.vn\/jp\/#website"},"primaryImageOfPage":{"@id":"https:\/\/lydaily.vn\/jp\/san-pham\/thuoc-boi-ngoai-da-muhi-hd-30ml\/#primaryimage"},"image":{"@id":"https:\/\/lydaily.vn\/jp\/san-pham\/thuoc-boi-ngoai-da-muhi-hd-30ml\/#primaryimage"},"thumbnailUrl":"https:\/\/lydaily.vn\/jp\/wp-content\/uploads\/2026\/02\/thuoc-boi-ngoai-da-Muhi-HD-30ml.jpg","datePublished":"2026-02-27T03:57:18+00:00","dateModified":"2026-03-13T04:27:31+00:00","breadcrumb":{"@id":"https:\/\/lydaily.vn\/jp\/san-pham\/thuoc-boi-ngoai-da-muhi-hd-30ml\/#breadcrumb"},"inLanguage":"vi","potentialAction":[{"@type":"ReadAction","target":["https:\/\/lydaily.vn\/jp\/san-pham\/thuoc-boi-ngoai-da-muhi-hd-30ml\/"]}]},{"@type":"ImageObject","inLanguage":"vi","@id":"https:\/\/lydaily.vn\/jp\/san-pham\/thuoc-boi-ngoai-da-muhi-hd-30ml\/#primaryimage","url":"https:\/\/lydaily.vn\/jp\/wp-content\/uploads\/2026\/02\/thuoc-boi-ngoai-da-Muhi-HD-30ml.jpg","contentUrl":"https:\/\/lydaily.vn\/jp\/wp-content\/uploads\/2026\/02\/thuoc-boi-ngoai-da-Muhi-HD-30ml.jpg","width":260,"height":293},{"@type":"BreadcrumbList","@id":"https:\/\/lydaily.vn\/jp\/san-pham\/thuoc-boi-ngoai-da-muhi-hd-30ml\/#breadcrumb","itemListElement":[{"@type":"ListItem","position":1,"name":"Home","item":"https:\/\/lydaily.vn\/jp\/"},{"@type":"ListItem","position":2,"name":"S\u1ea3n ph\u1ea9m","item":"https:\/\/lydaily.vn\/jp\/san-pham\/"},{"@type":"ListItem","position":3,"name":"Thu\u1ed1c b\u00f4i ngo\u00e0i da Muhi HD 30ml"}]},{"@type":"WebSite","@id":"https:\/\/lydaily.vn\/jp\/#website","url":"https:\/\/lydaily.vn\/jp\/","name":"Ly Daily","description":"Th\u1ef1c Ph\u1ea9m Ch\u1ee9c N\u0103ng &amp; M\u1ef9 Ph\u1ea9m t\u1ea1i Nh\u1eadt B\u1ea3n v\u00e0 Vi\u1ec7t Nam","potentialAction":[{"@type":"SearchAction","target":{"@type":"EntryPoint","urlTemplate":"https:\/\/lydaily.vn\/jp\/?s={search_term_string}"},"query-input":{"@type":"PropertyValueSpecification","valueRequired":true,"valueName":"search_term_string"}}],"inLanguage":"vi"}]}},"_links":{"self":[{"href":"https:\/\/lydaily.vn\/jp\/wp-json\/wp\/v2\/product\/160","targetHints":{"allow":["GET"]}}],"collection":[{"href":"https:\/\/lydaily.vn\/jp\/wp-json\/wp\/v2\/product"}],"about":[{"href":"https:\/\/lydaily.vn\/jp\/wp-json\/wp\/v2\/types\/product"}],"replies":[{"embeddable":true,"href":"https:\/\/lydaily.vn\/jp\/wp-json\/wp\/v2\/comments?post=160"}],"wp:featuredmedia":[{"embeddable":true,"href":"https:\/\/lydaily.vn\/jp\/wp-json\/wp\/v2\/media\/161"}],"wp:attachment":[{"href":"https:\/\/lydaily.vn\/jp\/wp-json\/wp\/v2\/media?parent=160"}],"wp:term":[{"taxonomy":"product_brand","embeddable":true,"href":"https:\/\/lydaily.vn\/jp\/wp-json\/wp\/v2\/product_brand?post=160"},{"taxonomy":"product_cat","embeddable":true,"href":"https:\/\/lydaily.vn\/jp\/wp-json\/wp\/v2\/product_cat?post=160"},{"taxonomy":"product_tag","embeddable":true,"href":"https:\/\/lydaily.vn\/jp\/wp-json\/wp\/v2\/product_tag?post=160"}],"curies":[{"name":"wp","href":"https:\/\/api.w.org\/{rel}","templated":true}]}}