{"id":147,"date":"2026-02-27T03:44:07","date_gmt":"2026-02-27T03:44:07","guid":{"rendered":"https:\/\/lydaily.qweb.com.vn\/?post_type=product&#038;p=147"},"modified":"2026-03-13T04:23:00","modified_gmt":"2026-03-13T04:23:00","slug":"vien-uong-levante-nmn-premium-22050-nhat-ban-90-vien","status":"publish","type":"product","link":"https:\/\/lydaily.vn\/jp\/san-pham\/vien-uong-levante-nmn-premium-22050-nhat-ban-90-vien\/","title":{"rendered":"Vi\u00ean u\u1ed1ng Levante NMN Premium 22050 Nh\u1eadt B\u1ea3n 90 vi\u00ean"},"content":{"rendered":"<h3><strong>Th\u00e0nh ph\u1ea7n vi\u00ean u\u1ed1ng NMN 22050 c\u1ee7a Nh\u1eadt<\/strong><\/h3>\n<ul>\n<li><em>NMN<\/em><\/li>\n<li><em>Resveratrol nho \u0111\u1ecf<\/em><\/li>\n<li><em>S\u1eefa ong ch\u00faa<\/em><\/li>\n<li><em>Coenzyme Q10<\/em><\/li>\n<li><em>11 lo\u1ea1i vitamin, 113 lo\u1ea1i rau c\u1ee7, tr\u00e1i c\u00e2y\u2026<\/em><\/li>\n<\/ul>\n<h3><strong>C\u00f4ng d\u1ee5ng NMN Premium<\/strong><\/h3>\n<p><strong>\u0110\u1ed1i v\u1edbi da:<\/strong><\/p>\n<ul>\n<li>L\u00e0m m\u1edd c\u00e1c n\u1ebfp nh\u0103n, r\u00e3nh nh\u0103n v\u00e0 v\u1ebft ch\u00e2n chim, gi\u00fap l\u00e0n da tr\u1edf n\u00ean m\u1ecbn m\u00e0ng h\u01a1n.<\/li>\n<li>C\u1ea3i thi\u1ec7n \u0111\u1ed9 s\u0103n ch\u1eafc cho da, ng\u0103n ng\u1eeba t\u00ecnh tr\u1ea1ng ch\u1ea3y x\u1ec7, gi\u00fap b\u1ea1n lu\u00f4n gi\u1eef \u0111\u01b0\u1ee3c v\u1ebb t\u01b0\u01a1i tr\u1ebb.<\/li>\n<li>M\u1edd c\u00e1c v\u1ebft th\u00e2m n\u00e1m v\u00e0 t\u00e0n nhang, mang l\u1ea1i l\u00e0n da \u0111\u1ec1u m\u00e0u v\u00e0 r\u1ea1ng r\u1ee1.<\/li>\n<li>Cung c\u1ea5p \u0111\u1ed9 \u1ea9m t\u1ef1 nhi\u00ean, gi\u00fap l\u00e0n da c\u0103ng m\u1ecdng, \u0111\u1ea7y s\u1ee9c s\u1ed1ng.<\/li>\n<\/ul>\n<p><strong>\u0110\u1ed1i v\u1edbi s\u1ee9c kho\u1ebb:<\/strong><\/p>\n<ul>\n<li>N\u00e2ng cao h\u1ec7 mi\u1ec5n d\u1ecbch, t\u0103ng c\u01b0\u1eddng kh\u1ea3 n\u0103ng ch\u1ed1ng l\u1ea1i b\u1ec7nh t\u1eadt.<\/li>\n<li>C\u1ea3i thi\u1ec7n ch\u1ee9c n\u0103ng n\u00e3o b\u1ed9, t\u0103ng kh\u1ea3 n\u0103ng t\u1eadp trung v\u00e0 gi\u1ea3m t\u00ecnh tr\u1ea1ng c\u0103ng th\u1eb3ng.<\/li>\n<li>Gi\u1ea3m m\u1ec7t m\u1ecfi, gi\u00fap b\u1ea1n lu\u00f4n tr\u00e0n \u0111\u1ea7y n\u0103ng l\u01b0\u1ee3ng trong c\u00f4ng vi\u1ec7c v\u00e0 cu\u1ed9c s\u1ed1ng.<\/li>\n<li>B\u1ea3o v\u1ec7 tim m\u1ea1ch, h\u1ea1n ch\u1ebf nguy c\u01a1 m\u1eafc c\u00e1c b\u1ec7nh v\u1ec1 tim m\u1ea1ch.<\/li>\n<li>H\u1ed7 tr\u1ee3 gi\u1ea5c ng\u1ee7 s\u00e2u v\u00e0 ch\u1ea5t l\u01b0\u1ee3ng h\u01a1n, gi\u1ea3m t\u00ecnh tr\u1ea1ng m\u1ea5t ng\u1ee7.<\/li>\n<\/ul>\n","protected":false},"excerpt":{"rendered":"<ul>\n<li>Th\u01b0\u01a1ng hi\u1ec7u: Levante<\/li>\n<li>Xu\u1ea5t x\u1ee9: Nh\u1eadt B\u1ea3n<\/li>\n<li>Quy c\u00e1ch: 90 vi\u00ean<\/li>\n<\/ul>\n","protected":false},"featured_media":148,"comment_status":"open","ping_status":"closed","template":"","meta":[],"product_brand":[],"product_cat":[21],"product_tag":[],"class_list":{"0":"post-147","1":"product","2":"type-product","3":"status-publish","4":"has-post-thumbnail","6":"product_cat-thuc-pham-chuc-nang","8":"first","9":"instock","10":"shipping-taxable","11":"purchasable","12":"product-type-simple"},"yoast_head":"<!-- This site is optimized with the Yoast SEO Premium plugin v22.3 (Yoast SEO v27.1.1) - https:\/\/yoast.com\/product\/yoast-seo-premium-wordpress\/ -->\n<title>Vi\u00ean u\u1ed1ng Levante NMN Premium 22050 Nh\u1eadt B\u1ea3n 90 vi\u00ean - Ly Daily<\/title>\n<meta name=\"robots\" content=\"index, follow, max-snippet:-1, max-image-preview:large, max-video-preview:-1\" \/>\n<link rel=\"canonical\" href=\"https:\/\/lydaily.vn\/jp\/san-pham\/vien-uong-levante-nmn-premium-22050-nhat-ban-90-vien\/\" \/>\n<meta property=\"og:locale\" content=\"vi_VN\" \/>\n<meta property=\"og:type\" content=\"article\" \/>\n<meta property=\"og:title\" content=\"Vi\u00ean u\u1ed1ng Levante NMN Premium 22050 Nh\u1eadt B\u1ea3n 90 vi\u00ean\" \/>\n<meta property=\"og:description\" content=\"Th\u01b0\u01a1ng hi\u1ec7u: Levante  Xu\u1ea5t x\u1ee9: Nh\u1eadt B\u1ea3n  Quy c\u00e1ch: 90 vi\u00ean\" \/>\n<meta property=\"og:url\" content=\"https:\/\/lydaily.vn\/jp\/san-pham\/vien-uong-levante-nmn-premium-22050-nhat-ban-90-vien\/\" \/>\n<meta property=\"og:site_name\" content=\"Ly Daily\" \/>\n<meta property=\"article:modified_time\" content=\"2026-03-13T04:23:00+00:00\" \/>\n<meta property=\"og:image\" content=\"https:\/\/lydaily.vn\/jp\/wp-content\/uploads\/2026\/02\/Vien-uong-Levante-NMN-Premium-22050-Nhat-Ban-90-vien.jpg\" \/>\n\t<meta property=\"og:image:width\" content=\"768\" \/>\n\t<meta property=\"og:image:height\" content=\"768\" \/>\n\t<meta property=\"og:image:type\" content=\"image\/jpeg\" \/>\n<meta name=\"twitter:card\" content=\"summary_large_image\" \/>\n<meta name=\"twitter:label1\" content=\"\u01af\u1edbc t\u00ednh th\u1eddi gian \u0111\u1ecdc\" \/>\n\t<meta name=\"twitter:data1\" content=\"2 ph\u00fat\" \/>\n<script type=\"application\/ld+json\" class=\"yoast-schema-graph\">{\"@context\":\"https:\/\/schema.org\",\"@graph\":[{\"@type\":\"WebPage\",\"@id\":\"https:\/\/lydaily.vn\/jp\/san-pham\/vien-uong-levante-nmn-premium-22050-nhat-ban-90-vien\/\",\"url\":\"https:\/\/lydaily.vn\/jp\/san-pham\/vien-uong-levante-nmn-premium-22050-nhat-ban-90-vien\/\",\"name\":\"Vi\u00ean u\u1ed1ng Levante NMN Premium 22050 Nh\u1eadt B\u1ea3n 90 vi\u00ean - Ly Daily\",\"isPartOf\":{\"@id\":\"https:\/\/lydaily.vn\/jp\/#website\"},\"primaryImageOfPage\":{\"@id\":\"https:\/\/lydaily.vn\/jp\/san-pham\/vien-uong-levante-nmn-premium-22050-nhat-ban-90-vien\/#primaryimage\"},\"image\":{\"@id\":\"https:\/\/lydaily.vn\/jp\/san-pham\/vien-uong-levante-nmn-premium-22050-nhat-ban-90-vien\/#primaryimage\"},\"thumbnailUrl\":\"https:\/\/lydaily.vn\/jp\/wp-content\/uploads\/2026\/02\/Vien-uong-Levante-NMN-Premium-22050-Nhat-Ban-90-vien.jpg\",\"datePublished\":\"2026-02-27T03:44:07+00:00\",\"dateModified\":\"2026-03-13T04:23:00+00:00\",\"breadcrumb\":{\"@id\":\"https:\/\/lydaily.vn\/jp\/san-pham\/vien-uong-levante-nmn-premium-22050-nhat-ban-90-vien\/#breadcrumb\"},\"inLanguage\":\"vi\",\"potentialAction\":[{\"@type\":\"ReadAction\",\"target\":[\"https:\/\/lydaily.vn\/jp\/san-pham\/vien-uong-levante-nmn-premium-22050-nhat-ban-90-vien\/\"]}]},{\"@type\":\"ImageObject\",\"inLanguage\":\"vi\",\"@id\":\"https:\/\/lydaily.vn\/jp\/san-pham\/vien-uong-levante-nmn-premium-22050-nhat-ban-90-vien\/#primaryimage\",\"url\":\"https:\/\/lydaily.vn\/jp\/wp-content\/uploads\/2026\/02\/Vien-uong-Levante-NMN-Premium-22050-Nhat-Ban-90-vien.jpg\",\"contentUrl\":\"https:\/\/lydaily.vn\/jp\/wp-content\/uploads\/2026\/02\/Vien-uong-Levante-NMN-Premium-22050-Nhat-Ban-90-vien.jpg\",\"width\":768,\"height\":768},{\"@type\":\"BreadcrumbList\",\"@id\":\"https:\/\/lydaily.vn\/jp\/san-pham\/vien-uong-levante-nmn-premium-22050-nhat-ban-90-vien\/#breadcrumb\",\"itemListElement\":[{\"@type\":\"ListItem\",\"position\":1,\"name\":\"Home\",\"item\":\"https:\/\/lydaily.vn\/jp\/\"},{\"@type\":\"ListItem\",\"position\":2,\"name\":\"S\u1ea3n ph\u1ea9m\",\"item\":\"https:\/\/lydaily.vn\/jp\/san-pham\/\"},{\"@type\":\"ListItem\",\"position\":3,\"name\":\"Vi\u00ean u\u1ed1ng Levante NMN Premium 22050 Nh\u1eadt B\u1ea3n 90 vi\u00ean\"}]},{\"@type\":\"WebSite\",\"@id\":\"https:\/\/lydaily.vn\/jp\/#website\",\"url\":\"https:\/\/lydaily.vn\/jp\/\",\"name\":\"Ly Daily\",\"description\":\"Th\u1ef1c Ph\u1ea9m Ch\u1ee9c N\u0103ng &amp; M\u1ef9 Ph\u1ea9m t\u1ea1i Nh\u1eadt B\u1ea3n v\u00e0 Vi\u1ec7t Nam\",\"potentialAction\":[{\"@type\":\"SearchAction\",\"target\":{\"@type\":\"EntryPoint\",\"urlTemplate\":\"https:\/\/lydaily.vn\/jp\/?s={search_term_string}\"},\"query-input\":{\"@type\":\"PropertyValueSpecification\",\"valueRequired\":true,\"valueName\":\"search_term_string\"}}],\"inLanguage\":\"vi\"}]}<\/script>\n<!-- \/ Yoast SEO Premium plugin. -->","yoast_head_json":{"title":"Vi\u00ean u\u1ed1ng Levante NMN Premium 22050 Nh\u1eadt B\u1ea3n 90 vi\u00ean - Ly Daily","robots":{"index":"index","follow":"follow","max-snippet":"max-snippet:-1","max-image-preview":"max-image-preview:large","max-video-preview":"max-video-preview:-1"},"canonical":"https:\/\/lydaily.vn\/jp\/san-pham\/vien-uong-levante-nmn-premium-22050-nhat-ban-90-vien\/","og_locale":"vi_VN","og_type":"article","og_title":"Vi\u00ean u\u1ed1ng Levante NMN Premium 22050 Nh\u1eadt B\u1ea3n 90 vi\u00ean","og_description":"Th\u01b0\u01a1ng hi\u1ec7u: Levante  Xu\u1ea5t x\u1ee9: Nh\u1eadt B\u1ea3n  Quy c\u00e1ch: 90 vi\u00ean","og_url":"https:\/\/lydaily.vn\/jp\/san-pham\/vien-uong-levante-nmn-premium-22050-nhat-ban-90-vien\/","og_site_name":"Ly Daily","article_modified_time":"2026-03-13T04:23:00+00:00","og_image":[{"width":768,"height":768,"url":"https:\/\/lydaily.vn\/jp\/wp-content\/uploads\/2026\/02\/Vien-uong-Levante-NMN-Premium-22050-Nhat-Ban-90-vien.jpg","type":"image\/jpeg"}],"twitter_card":"summary_large_image","twitter_misc":{"\u01af\u1edbc t\u00ednh th\u1eddi gian \u0111\u1ecdc":"2 ph\u00fat"},"schema":{"@context":"https:\/\/schema.org","@graph":[{"@type":"WebPage","@id":"https:\/\/lydaily.vn\/jp\/san-pham\/vien-uong-levante-nmn-premium-22050-nhat-ban-90-vien\/","url":"https:\/\/lydaily.vn\/jp\/san-pham\/vien-uong-levante-nmn-premium-22050-nhat-ban-90-vien\/","name":"Vi\u00ean u\u1ed1ng Levante NMN Premium 22050 Nh\u1eadt B\u1ea3n 90 vi\u00ean - Ly Daily","isPartOf":{"@id":"https:\/\/lydaily.vn\/jp\/#website"},"primaryImageOfPage":{"@id":"https:\/\/lydaily.vn\/jp\/san-pham\/vien-uong-levante-nmn-premium-22050-nhat-ban-90-vien\/#primaryimage"},"image":{"@id":"https:\/\/lydaily.vn\/jp\/san-pham\/vien-uong-levante-nmn-premium-22050-nhat-ban-90-vien\/#primaryimage"},"thumbnailUrl":"https:\/\/lydaily.vn\/jp\/wp-content\/uploads\/2026\/02\/Vien-uong-Levante-NMN-Premium-22050-Nhat-Ban-90-vien.jpg","datePublished":"2026-02-27T03:44:07+00:00","dateModified":"2026-03-13T04:23:00+00:00","breadcrumb":{"@id":"https:\/\/lydaily.vn\/jp\/san-pham\/vien-uong-levante-nmn-premium-22050-nhat-ban-90-vien\/#breadcrumb"},"inLanguage":"vi","potentialAction":[{"@type":"ReadAction","target":["https:\/\/lydaily.vn\/jp\/san-pham\/vien-uong-levante-nmn-premium-22050-nhat-ban-90-vien\/"]}]},{"@type":"ImageObject","inLanguage":"vi","@id":"https:\/\/lydaily.vn\/jp\/san-pham\/vien-uong-levante-nmn-premium-22050-nhat-ban-90-vien\/#primaryimage","url":"https:\/\/lydaily.vn\/jp\/wp-content\/uploads\/2026\/02\/Vien-uong-Levante-NMN-Premium-22050-Nhat-Ban-90-vien.jpg","contentUrl":"https:\/\/lydaily.vn\/jp\/wp-content\/uploads\/2026\/02\/Vien-uong-Levante-NMN-Premium-22050-Nhat-Ban-90-vien.jpg","width":768,"height":768},{"@type":"BreadcrumbList","@id":"https:\/\/lydaily.vn\/jp\/san-pham\/vien-uong-levante-nmn-premium-22050-nhat-ban-90-vien\/#breadcrumb","itemListElement":[{"@type":"ListItem","position":1,"name":"Home","item":"https:\/\/lydaily.vn\/jp\/"},{"@type":"ListItem","position":2,"name":"S\u1ea3n ph\u1ea9m","item":"https:\/\/lydaily.vn\/jp\/san-pham\/"},{"@type":"ListItem","position":3,"name":"Vi\u00ean u\u1ed1ng Levante NMN Premium 22050 Nh\u1eadt B\u1ea3n 90 vi\u00ean"}]},{"@type":"WebSite","@id":"https:\/\/lydaily.vn\/jp\/#website","url":"https:\/\/lydaily.vn\/jp\/","name":"Ly Daily","description":"Th\u1ef1c Ph\u1ea9m Ch\u1ee9c N\u0103ng &amp; M\u1ef9 Ph\u1ea9m t\u1ea1i Nh\u1eadt B\u1ea3n v\u00e0 Vi\u1ec7t Nam","potentialAction":[{"@type":"SearchAction","target":{"@type":"EntryPoint","urlTemplate":"https:\/\/lydaily.vn\/jp\/?s={search_term_string}"},"query-input":{"@type":"PropertyValueSpecification","valueRequired":true,"valueName":"search_term_string"}}],"inLanguage":"vi"}]}},"_links":{"self":[{"href":"https:\/\/lydaily.vn\/jp\/wp-json\/wp\/v2\/product\/147","targetHints":{"allow":["GET"]}}],"collection":[{"href":"https:\/\/lydaily.vn\/jp\/wp-json\/wp\/v2\/product"}],"about":[{"href":"https:\/\/lydaily.vn\/jp\/wp-json\/wp\/v2\/types\/product"}],"replies":[{"embeddable":true,"href":"https:\/\/lydaily.vn\/jp\/wp-json\/wp\/v2\/comments?post=147"}],"wp:featuredmedia":[{"embeddable":true,"href":"https:\/\/lydaily.vn\/jp\/wp-json\/wp\/v2\/media\/148"}],"wp:attachment":[{"href":"https:\/\/lydaily.vn\/jp\/wp-json\/wp\/v2\/media?parent=147"}],"wp:term":[{"taxonomy":"product_brand","embeddable":true,"href":"https:\/\/lydaily.vn\/jp\/wp-json\/wp\/v2\/product_brand?post=147"},{"taxonomy":"product_cat","embeddable":true,"href":"https:\/\/lydaily.vn\/jp\/wp-json\/wp\/v2\/product_cat?post=147"},{"taxonomy":"product_tag","embeddable":true,"href":"https:\/\/lydaily.vn\/jp\/wp-json\/wp\/v2\/product_tag?post=147"}],"curies":[{"name":"wp","href":"https:\/\/api.w.org\/{rel}","templated":true}]}}