{"id":137,"date":"2026-02-27T03:31:35","date_gmt":"2026-02-27T03:31:35","guid":{"rendered":"https:\/\/lydaily.qweb.com.vn\/?post_type=product&#038;p=137"},"modified":"2026-03-13T04:18:44","modified_gmt":"2026-03-13T04:18:44","slug":"vien-uong-bo-mat-qp-gold-a-kowa-90-ngay-180-vien","status":"publish","type":"product","link":"https:\/\/lydaily.vn\/jp\/san-pham\/vien-uong-bo-mat-qp-gold-a-kowa-90-ngay-180-vien\/","title":{"rendered":"Vi\u00ean u\u1ed1ng b\u1ed5 m\u1eaft Q&#038;P Gold &#8211; A Kowa 90 ng\u00e0y (180 vi\u00ean)"},"content":{"rendered":"<p>Vi\u00ean b\u1ed5 sung n\u0103ng l\u01b0\u1ee3ng Q&amp;P Gold A r\u1ea5t t\u1ed1t cho nh\u1eefng ng\u01b0\u1eddi c\u00f3 s\u1ee9c kh\u1ecfe y\u1ebfu, m\u1edbi \u1ed1m d\u1eady. Ho\u1eb7c ng\u01b0\u1eddi ch\u00e1n \u0103n, suy dinh d\u01b0\u1ee1ng, m\u1ec7t m\u1ecfi do l\u00e0m vi\u1ec7c, ho\u1ea1t \u0111\u1ed9ng c\u01b0\u1eddng \u0111\u1ed9 cao li\u00ean t\u1ee5c,\u2026 S\u1ea3n ph\u1ea9m an to\u00e0n cho ng\u01b0\u1eddi m\u1eafc b\u1ec7nh ho\u1eb7c thai ph\u1ee5 \u0111ang trong th\u1eddi k\u1ef3 mang thai v\u00e0 b\u00e0 m\u1eb9 cho con b\u00fa\u2026<\/p>\n<p><b>Th\u00e0nh ph\u1ea7n trong 2 vi\u00ean Q&amp;P Gold A bao g\u1ed3m<\/b><\/p>\n<ul>\n<li>L-arginine hydrochloride \u2013 50.0mg<\/li>\n<li>Gamma- orizanol \u2013 10.0mg<\/li>\n<li>Oxoamidin b\u1ed9t \u2013 50.0mg<\/li>\n<li>Thiamine nitrat (V.B1) \u2013 0mg<\/li>\n<li>Riboflavin (V.B2) \u2013 4.0mg<\/li>\n<li>Pyridoxin hydrochloride (V.B6) \u2013 0mg<\/li>\n<li>Tocopherol succinate canxi (VE) \u2013 20.7mg<\/li>\n<li>D\u1ea7u Vitamin A (VA) \u2013 0mg (2000 \u0111\u01a1n v\u1ecb Vitamin A)<\/li>\n<li>L- ascorbin Axit natri (VC) \u2013 112,6mg<\/li>\n<li>Axit nicotinic Amide \u2013 25,0mg<\/li>\n<li>Caffein khan \u2013 50,0mg<\/li>\n<li>C\u00f9ng m\u1ed9t s\u1ed1 th\u00e0nh ph\u1ea7n ph\u1ee5 gia bao g\u1ed3m Mg stearat, Ca silicat, d\u1ea7u \u0111\u00f3ng r\u1eafn, Xenluloza, hydroxypropyl xenluloza, tinh b\u1ed9t ng\u00f4, Tarku, hydroxypropylmethylcellulose, Ca cacbonat, sucrose, oxit titan, g\u00f4m arabic, gelatin, polyoxyetylen polyoxypropylene glycol, m\u00e0u v\u00e0ng s\u1ed1 5, natri hydro photphat, s\u00e1p carnauba.<\/li>\n<\/ul>\n<p><b>C\u00f4ng d\u1ee5ng<\/b><\/p>\n<p>Vi\u00ean b\u1ed5 sung n\u0103ng l\u01b0\u1ee3ng Q&amp;P Gold A c\u00f3 kh\u1ea3 n\u0103ng cung c\u1ea5p c\u00e1c d\u01b0\u1ee1ng ch\u1ea5t c\u1ea7n thi\u1ebft. \u0110\u1ed3ng th\u1eddi b\u1ed5 sung c\u00e1c nguy\u00ean t\u1ed1 vi l\u01b0\u1ee3ng.<\/p>\n<ul>\n<li>Gi\u00fap ch\u1ed1ng suy nh\u01b0\u1ee3c c\u01a1 th\u1ec3.<\/li>\n<li>T\u0103ng s\u1ee9c \u0111\u1ec1 kh\u00e1ng.<\/li>\n<li>Gi\u1ea3m c\u1ea3m gi\u00e1c m\u1ec7t m\u1ecfi, u\u1ec3 o\u1ea3i.<\/li>\n<li>Gi\u00fap c\u1ea3i thi\u1ec7n ch\u1ee9ng m\u1ecfi m\u1eaft<\/li>\n<li>Th\u00e0nh ph\u1ea7n th\u1ea3o d\u01b0\u1ee3c ch\u1ee9a nhi\u1ec1u ch\u1ea5t ch\u1ed1ng oxy h\u00f3a gi\u00fap c\u01a1 th\u1ec3 th\u01b0 gi\u00e3n. V\u00e0 \u0111em l\u1ea1i tinh th\u1ea7n s\u1ea3ng kho\u00e1i, tr\u00e0n \u0111\u1ea7y s\u1ee9c s\u1ed1ng.<\/li>\n<li>Q&amp;P Kowa Gold A r\u1ea5t t\u1ed1t cho nh\u1eefng ng\u01b0\u1eddi c\u00f3 s\u1ee9c kh\u1ecfe y\u1ebfu, m\u1edbi \u1ed1m d\u1eady. Ho\u1eb7c ng\u01b0\u1eddi ch\u00e1n \u0103n, suy dinh d\u01b0\u1ee1ng, m\u1ec7t m\u1ecfi do l\u00e0m vi\u1ec7c, ho\u1ea1t \u0111\u1ed9ng c\u01b0\u1eddng \u0111\u1ed9 cao li\u00ean t\u1ee5c,\u2026<\/li>\n<li>Vitamin Q&amp;P Gold A Nh\u1eadt B\u1ea3n an to\u00e0n cho ng\u01b0\u1eddi m\u1eafc b\u1ec7nh ho\u1eb7c thai ph\u1ee5 \u0111ang trong th\u1eddi k\u1ef3 mang thai v\u00e0 b\u00e0 m\u1eb9 cho con b\u00fa\u2026<\/li>\n<\/ul>\n<p><b>H\u01b0\u1edbng d\u1eabn s\u1eed d\u1ee5ng\u00a0<\/b><br \/>\n&#8211; S\u1eed d\u1ee5ng h\u1eb1ng ng\u00e0y \u0111\u1ec1u \u0111\u1eb7n trong kho\u1ea3ng 90 ng\u00e0y.<br \/>\n&#8211; M\u1ed7i l\u1ea7n s\u1eed d\u1ee5ng 1 vi\u00ean, u\u1ed1ng c\u00f9ng v\u1edbi nhi\u1ec1u n\u01b0\u1edbc \u1ea5m.<br \/>\n&#8211; S\u1eed d\u1ee5ng t\u1eeb 1-2 l\u1ea7n\/ng\u00e0y.<br \/>\n<b>L\u01b0u \u00fd<\/b><br \/>\n&#8211; Th\u1eddi \u0111i\u1ec3m th\u00edch h\u1ee3p \u0111\u1ec3 s\u1eed d\u1ee5ng l\u00e0 v\u00e0o bu\u1ed5i s\u00e1ng v\u00e0 tr\u01b0a.<br \/>\n&#8211; T\u1ed1t nh\u1ea5t n\u00ean u\u1ed1ng sau b\u1eefa \u0103n 30 ph\u00fat. \u0110\u1ec3 vi\u00ean u\u1ed1ng Q&amp;P Gold A Nh\u1eadt B\u1ea3n gi\u00fap h\u1ea5p thu dinh d\u01b0\u1ee1ng trong th\u1ee9c \u0103n t\u1ed1t nh\u1ea5t cho b\u1ea1n.<br \/>\n&#8211; S\u1ea3n ph\u1ea9m kh\u00f4ng gi\u00e0nh cho tr\u1ebb em d\u01b0\u1edbi 15 tu\u1ed5i. Vui l\u00f2ng xem k\u1ef9 th\u00e0nh ph\u1ea7n tr\u01b0\u1edbc khi s\u1eed d\u1ee5ng.<br \/>\n&#8211; M\u1eb7c d\u00f9 s\u1ea3n ph\u1ea9m d\u00f9ng \u0111\u01b0\u1ee3c cho ph\u1ee5 n\u1eef mang thai. Nh\u1eefng n\u1ebfu b\u1ea1n \u0111ang \u1edf th\u1eddi k\u1ef3 3 th\u00e1ng \u0111\u1ea7u ti\u00ean n\u00ean h\u1ecfi \u00fd ki\u1ebfn b\u00e1c s\u0129 tr\u01b0\u1edbc.<\/p>\n","protected":false},"excerpt":{"rendered":"<div class=\"product-desc\">\n<p><strong>Vi\u00ean t\u0103ng l\u1ef1c, ch\u1ed1ng m\u1ecfi m\u1ec7t, suy nh\u01b0\u1ee3c Q&amp;P Kowa\u00a0<\/strong>t\u0103ng s\u1ee9c \u0111\u1ec1 kh\u00e1ng, gi\u1ea3m m\u1ec7t m\u1ecfi,\u00a0gi\u00fap c\u01a1 th\u1ec3 th\u01b0 gi\u00e3n, tinh th\u1ea7n s\u1ea3ng kho\u00e1i, tr\u00e0n \u0111\u1ea7y s\u1ee9c s\u1ed1ng<\/p>\n<\/div>\n<div class=\"action product-desc\">\n<form id=\"AddToCartForm\" class=\"form-vertical\" action=\"https:\/\/shopnhat.vn\/cart\/add\" enctype=\"multipart\/form-data\" method=\"post\">\n<div class=\"select clearfix\"><\/div>\n<\/form>\n<\/div>\n","protected":false},"featured_media":138,"comment_status":"open","ping_status":"closed","template":"","meta":[],"product_brand":[],"product_cat":[21],"product_tag":[],"class_list":{"0":"post-137","1":"product","2":"type-product","3":"status-publish","4":"has-post-thumbnail","6":"product_cat-thuc-pham-chuc-nang","8":"first","9":"instock","10":"shipping-taxable","11":"purchasable","12":"product-type-simple"},"yoast_head":"<!-- This site is optimized with the Yoast SEO Premium plugin v22.3 (Yoast SEO v27.1.1) - https:\/\/yoast.com\/product\/yoast-seo-premium-wordpress\/ -->\n<title>Vi\u00ean u\u1ed1ng b\u1ed5 m\u1eaft Q&amp;P Gold - A Kowa 90 ng\u00e0y (180 vi\u00ean) - Ly Daily<\/title>\n<meta name=\"robots\" content=\"index, follow, max-snippet:-1, max-image-preview:large, max-video-preview:-1\" \/>\n<link rel=\"canonical\" href=\"https:\/\/lydaily.vn\/jp\/san-pham\/vien-uong-bo-mat-qp-gold-a-kowa-90-ngay-180-vien\/\" \/>\n<meta property=\"og:locale\" content=\"vi_VN\" \/>\n<meta property=\"og:type\" content=\"article\" \/>\n<meta property=\"og:title\" content=\"Vi\u00ean u\u1ed1ng b\u1ed5 m\u1eaft Q&amp;P Gold - A Kowa 90 ng\u00e0y (180 vi\u00ean)\" \/>\n<meta property=\"og:description\" content=\"Vi\u00ean t\u0103ng l\u1ef1c, ch\u1ed1ng m\u1ecfi m\u1ec7t, suy nh\u01b0\u1ee3c Q&amp;P Kowa\u00a0t\u0103ng s\u1ee9c \u0111\u1ec1 kh\u00e1ng, gi\u1ea3m m\u1ec7t m\u1ecfi,\u00a0gi\u00fap c\u01a1 th\u1ec3 th\u01b0 gi\u00e3n, tinh th\u1ea7n s\u1ea3ng kho\u00e1i, tr\u00e0n \u0111\u1ea7y s\u1ee9c s\u1ed1ng\" \/>\n<meta property=\"og:url\" content=\"https:\/\/lydaily.vn\/jp\/san-pham\/vien-uong-bo-mat-qp-gold-a-kowa-90-ngay-180-vien\/\" \/>\n<meta property=\"og:site_name\" content=\"Ly Daily\" \/>\n<meta property=\"article:modified_time\" content=\"2026-03-13T04:18:44+00:00\" \/>\n<meta property=\"og:image\" content=\"https:\/\/lydaily.vn\/jp\/wp-content\/uploads\/2026\/02\/Vien-uong-bo-mat-QP-Gold-A-Kowa-90-ngay-180-vien-Hang-Nhat-noi-dia.jpg\" \/>\n\t<meta property=\"og:image:width\" content=\"225\" \/>\n\t<meta property=\"og:image:height\" content=\"225\" \/>\n\t<meta property=\"og:image:type\" content=\"image\/jpeg\" \/>\n<meta name=\"twitter:card\" content=\"summary_large_image\" \/>\n<meta name=\"twitter:label1\" content=\"\u01af\u1edbc t\u00ednh th\u1eddi gian \u0111\u1ecdc\" \/>\n\t<meta name=\"twitter:data1\" content=\"3 ph\u00fat\" \/>\n<script type=\"application\/ld+json\" class=\"yoast-schema-graph\">{\"@context\":\"https:\/\/schema.org\",\"@graph\":[{\"@type\":\"WebPage\",\"@id\":\"https:\/\/lydaily.vn\/jp\/san-pham\/vien-uong-bo-mat-qp-gold-a-kowa-90-ngay-180-vien\/\",\"url\":\"https:\/\/lydaily.vn\/jp\/san-pham\/vien-uong-bo-mat-qp-gold-a-kowa-90-ngay-180-vien\/\",\"name\":\"Vi\u00ean u\u1ed1ng b\u1ed5 m\u1eaft Q&P Gold - A Kowa 90 ng\u00e0y (180 vi\u00ean) - Ly Daily\",\"isPartOf\":{\"@id\":\"https:\/\/lydaily.vn\/jp\/#website\"},\"primaryImageOfPage\":{\"@id\":\"https:\/\/lydaily.vn\/jp\/san-pham\/vien-uong-bo-mat-qp-gold-a-kowa-90-ngay-180-vien\/#primaryimage\"},\"image\":{\"@id\":\"https:\/\/lydaily.vn\/jp\/san-pham\/vien-uong-bo-mat-qp-gold-a-kowa-90-ngay-180-vien\/#primaryimage\"},\"thumbnailUrl\":\"https:\/\/lydaily.vn\/jp\/wp-content\/uploads\/2026\/02\/Vien-uong-bo-mat-QP-Gold-A-Kowa-90-ngay-180-vien-Hang-Nhat-noi-dia.jpg\",\"datePublished\":\"2026-02-27T03:31:35+00:00\",\"dateModified\":\"2026-03-13T04:18:44+00:00\",\"breadcrumb\":{\"@id\":\"https:\/\/lydaily.vn\/jp\/san-pham\/vien-uong-bo-mat-qp-gold-a-kowa-90-ngay-180-vien\/#breadcrumb\"},\"inLanguage\":\"vi\",\"potentialAction\":[{\"@type\":\"ReadAction\",\"target\":[\"https:\/\/lydaily.vn\/jp\/san-pham\/vien-uong-bo-mat-qp-gold-a-kowa-90-ngay-180-vien\/\"]}]},{\"@type\":\"ImageObject\",\"inLanguage\":\"vi\",\"@id\":\"https:\/\/lydaily.vn\/jp\/san-pham\/vien-uong-bo-mat-qp-gold-a-kowa-90-ngay-180-vien\/#primaryimage\",\"url\":\"https:\/\/lydaily.vn\/jp\/wp-content\/uploads\/2026\/02\/Vien-uong-bo-mat-QP-Gold-A-Kowa-90-ngay-180-vien-Hang-Nhat-noi-dia.jpg\",\"contentUrl\":\"https:\/\/lydaily.vn\/jp\/wp-content\/uploads\/2026\/02\/Vien-uong-bo-mat-QP-Gold-A-Kowa-90-ngay-180-vien-Hang-Nhat-noi-dia.jpg\",\"width\":225,\"height\":225},{\"@type\":\"BreadcrumbList\",\"@id\":\"https:\/\/lydaily.vn\/jp\/san-pham\/vien-uong-bo-mat-qp-gold-a-kowa-90-ngay-180-vien\/#breadcrumb\",\"itemListElement\":[{\"@type\":\"ListItem\",\"position\":1,\"name\":\"Home\",\"item\":\"https:\/\/lydaily.vn\/jp\/\"},{\"@type\":\"ListItem\",\"position\":2,\"name\":\"S\u1ea3n ph\u1ea9m\",\"item\":\"https:\/\/lydaily.vn\/jp\/san-pham\/\"},{\"@type\":\"ListItem\",\"position\":3,\"name\":\"Vi\u00ean u\u1ed1ng b\u1ed5 m\u1eaft Q&#038;P Gold &#8211; A Kowa 90 ng\u00e0y (180 vi\u00ean)\"}]},{\"@type\":\"WebSite\",\"@id\":\"https:\/\/lydaily.vn\/jp\/#website\",\"url\":\"https:\/\/lydaily.vn\/jp\/\",\"name\":\"Ly Daily\",\"description\":\"Th\u1ef1c Ph\u1ea9m Ch\u1ee9c N\u0103ng &amp; M\u1ef9 Ph\u1ea9m t\u1ea1i Nh\u1eadt B\u1ea3n v\u00e0 Vi\u1ec7t Nam\",\"potentialAction\":[{\"@type\":\"SearchAction\",\"target\":{\"@type\":\"EntryPoint\",\"urlTemplate\":\"https:\/\/lydaily.vn\/jp\/?s={search_term_string}\"},\"query-input\":{\"@type\":\"PropertyValueSpecification\",\"valueRequired\":true,\"valueName\":\"search_term_string\"}}],\"inLanguage\":\"vi\"}]}<\/script>\n<!-- \/ Yoast SEO Premium plugin. -->","yoast_head_json":{"title":"Vi\u00ean u\u1ed1ng b\u1ed5 m\u1eaft Q&P Gold - A Kowa 90 ng\u00e0y (180 vi\u00ean) - Ly Daily","robots":{"index":"index","follow":"follow","max-snippet":"max-snippet:-1","max-image-preview":"max-image-preview:large","max-video-preview":"max-video-preview:-1"},"canonical":"https:\/\/lydaily.vn\/jp\/san-pham\/vien-uong-bo-mat-qp-gold-a-kowa-90-ngay-180-vien\/","og_locale":"vi_VN","og_type":"article","og_title":"Vi\u00ean u\u1ed1ng b\u1ed5 m\u1eaft Q&P Gold - A Kowa 90 ng\u00e0y (180 vi\u00ean)","og_description":"Vi\u00ean t\u0103ng l\u1ef1c, ch\u1ed1ng m\u1ecfi m\u1ec7t, suy nh\u01b0\u1ee3c Q&amp;P Kowa\u00a0t\u0103ng s\u1ee9c \u0111\u1ec1 kh\u00e1ng, gi\u1ea3m m\u1ec7t m\u1ecfi,\u00a0gi\u00fap c\u01a1 th\u1ec3 th\u01b0 gi\u00e3n, tinh th\u1ea7n s\u1ea3ng kho\u00e1i, tr\u00e0n \u0111\u1ea7y s\u1ee9c s\u1ed1ng","og_url":"https:\/\/lydaily.vn\/jp\/san-pham\/vien-uong-bo-mat-qp-gold-a-kowa-90-ngay-180-vien\/","og_site_name":"Ly Daily","article_modified_time":"2026-03-13T04:18:44+00:00","og_image":[{"width":225,"height":225,"url":"https:\/\/lydaily.vn\/jp\/wp-content\/uploads\/2026\/02\/Vien-uong-bo-mat-QP-Gold-A-Kowa-90-ngay-180-vien-Hang-Nhat-noi-dia.jpg","type":"image\/jpeg"}],"twitter_card":"summary_large_image","twitter_misc":{"\u01af\u1edbc t\u00ednh th\u1eddi gian \u0111\u1ecdc":"3 ph\u00fat"},"schema":{"@context":"https:\/\/schema.org","@graph":[{"@type":"WebPage","@id":"https:\/\/lydaily.vn\/jp\/san-pham\/vien-uong-bo-mat-qp-gold-a-kowa-90-ngay-180-vien\/","url":"https:\/\/lydaily.vn\/jp\/san-pham\/vien-uong-bo-mat-qp-gold-a-kowa-90-ngay-180-vien\/","name":"Vi\u00ean u\u1ed1ng b\u1ed5 m\u1eaft Q&P Gold - A Kowa 90 ng\u00e0y (180 vi\u00ean) - Ly Daily","isPartOf":{"@id":"https:\/\/lydaily.vn\/jp\/#website"},"primaryImageOfPage":{"@id":"https:\/\/lydaily.vn\/jp\/san-pham\/vien-uong-bo-mat-qp-gold-a-kowa-90-ngay-180-vien\/#primaryimage"},"image":{"@id":"https:\/\/lydaily.vn\/jp\/san-pham\/vien-uong-bo-mat-qp-gold-a-kowa-90-ngay-180-vien\/#primaryimage"},"thumbnailUrl":"https:\/\/lydaily.vn\/jp\/wp-content\/uploads\/2026\/02\/Vien-uong-bo-mat-QP-Gold-A-Kowa-90-ngay-180-vien-Hang-Nhat-noi-dia.jpg","datePublished":"2026-02-27T03:31:35+00:00","dateModified":"2026-03-13T04:18:44+00:00","breadcrumb":{"@id":"https:\/\/lydaily.vn\/jp\/san-pham\/vien-uong-bo-mat-qp-gold-a-kowa-90-ngay-180-vien\/#breadcrumb"},"inLanguage":"vi","potentialAction":[{"@type":"ReadAction","target":["https:\/\/lydaily.vn\/jp\/san-pham\/vien-uong-bo-mat-qp-gold-a-kowa-90-ngay-180-vien\/"]}]},{"@type":"ImageObject","inLanguage":"vi","@id":"https:\/\/lydaily.vn\/jp\/san-pham\/vien-uong-bo-mat-qp-gold-a-kowa-90-ngay-180-vien\/#primaryimage","url":"https:\/\/lydaily.vn\/jp\/wp-content\/uploads\/2026\/02\/Vien-uong-bo-mat-QP-Gold-A-Kowa-90-ngay-180-vien-Hang-Nhat-noi-dia.jpg","contentUrl":"https:\/\/lydaily.vn\/jp\/wp-content\/uploads\/2026\/02\/Vien-uong-bo-mat-QP-Gold-A-Kowa-90-ngay-180-vien-Hang-Nhat-noi-dia.jpg","width":225,"height":225},{"@type":"BreadcrumbList","@id":"https:\/\/lydaily.vn\/jp\/san-pham\/vien-uong-bo-mat-qp-gold-a-kowa-90-ngay-180-vien\/#breadcrumb","itemListElement":[{"@type":"ListItem","position":1,"name":"Home","item":"https:\/\/lydaily.vn\/jp\/"},{"@type":"ListItem","position":2,"name":"S\u1ea3n ph\u1ea9m","item":"https:\/\/lydaily.vn\/jp\/san-pham\/"},{"@type":"ListItem","position":3,"name":"Vi\u00ean u\u1ed1ng b\u1ed5 m\u1eaft Q&#038;P Gold &#8211; A Kowa 90 ng\u00e0y (180 vi\u00ean)"}]},{"@type":"WebSite","@id":"https:\/\/lydaily.vn\/jp\/#website","url":"https:\/\/lydaily.vn\/jp\/","name":"Ly Daily","description":"Th\u1ef1c Ph\u1ea9m Ch\u1ee9c N\u0103ng &amp; M\u1ef9 Ph\u1ea9m t\u1ea1i Nh\u1eadt B\u1ea3n v\u00e0 Vi\u1ec7t Nam","potentialAction":[{"@type":"SearchAction","target":{"@type":"EntryPoint","urlTemplate":"https:\/\/lydaily.vn\/jp\/?s={search_term_string}"},"query-input":{"@type":"PropertyValueSpecification","valueRequired":true,"valueName":"search_term_string"}}],"inLanguage":"vi"}]}},"_links":{"self":[{"href":"https:\/\/lydaily.vn\/jp\/wp-json\/wp\/v2\/product\/137","targetHints":{"allow":["GET"]}}],"collection":[{"href":"https:\/\/lydaily.vn\/jp\/wp-json\/wp\/v2\/product"}],"about":[{"href":"https:\/\/lydaily.vn\/jp\/wp-json\/wp\/v2\/types\/product"}],"replies":[{"embeddable":true,"href":"https:\/\/lydaily.vn\/jp\/wp-json\/wp\/v2\/comments?post=137"}],"wp:featuredmedia":[{"embeddable":true,"href":"https:\/\/lydaily.vn\/jp\/wp-json\/wp\/v2\/media\/138"}],"wp:attachment":[{"href":"https:\/\/lydaily.vn\/jp\/wp-json\/wp\/v2\/media?parent=137"}],"wp:term":[{"taxonomy":"product_brand","embeddable":true,"href":"https:\/\/lydaily.vn\/jp\/wp-json\/wp\/v2\/product_brand?post=137"},{"taxonomy":"product_cat","embeddable":true,"href":"https:\/\/lydaily.vn\/jp\/wp-json\/wp\/v2\/product_cat?post=137"},{"taxonomy":"product_tag","embeddable":true,"href":"https:\/\/lydaily.vn\/jp\/wp-json\/wp\/v2\/product_tag?post=137"}],"curies":[{"name":"wp","href":"https:\/\/api.w.org\/{rel}","templated":true}]}}