{"id":130,"date":"2026-02-27T03:25:08","date_gmt":"2026-02-27T03:25:08","guid":{"rendered":"https:\/\/lydaily.qweb.com.vn\/?post_type=product&#038;p=130"},"modified":"2026-03-02T14:22:20","modified_gmt":"2026-03-02T14:22:20","slug":"vien-uong-phong-chong-xo-vua-dong-mach-maya-yomeijyo-170v","status":"publish","type":"product","link":"https:\/\/lydaily.vn\/jp\/san-pham\/vien-uong-phong-chong-xo-vua-dong-mach-maya-yomeijyo-170v\/","title":{"rendered":"Vi\u00ean u\u1ed1ng ph\u00f2ng ch\u1ed1ng x\u01a1 v\u1eefa \u0111\u1ed9ng m\u1ea1ch Maya Yomeijyo 170v"},"content":{"rendered":"<h2><span style=\"font-family: Calibri, sans-serif;\"><b>Th\u00f4ng tin vi\u00ean u\u1ed1ng \u0111i\u1ec1u h\u00f2a huy\u1ebft \u00e1p Maya Youmeijyo 170 vi\u00ean<\/b><\/span><\/h2>\n<p>Vi\u00ean u\u1ed1ng \u0111i\u1ec1u ho\u00e0 huy\u1ebft \u00e1p Maya Yomeijyo Nh\u1eadt B\u1ea3n \u0111\u01b0\u1ee3c s\u1ea3n xu\u1ea5t d\u1ef1a tr\u00ean c\u00f4ng th\u1ee9c th\u1ea3o d\u01b0\u1ee3c \u0111\u1ed9c quy\u1ec1n, \u0111\u00e3 \u0111\u01b0\u1ee3c ch\u1ee9ng minh l\u00e0 c\u00f3 t\u00e1c d\u1ee5ng b\u1ea3o v\u1ec7 th\u00e0nh \u0111\u1ed9ng m\u1ea1ch, gi\u1ea3m s\u1ef1 t\u00edch t\u1ee5 c\u1ee7a cholesterol v\u00e0 m\u1ee1 m\u00e1u, t\u1eeb \u0111\u00f3 gi\u1ea3m nguy c\u01a1 c\u00e1c v\u1ea5n \u0111\u1ec1 nh\u01b0 \u0111\u1ed9t qu\u1ef5, tai bi\u1ebfn, \u0111au tim v\u00e0 \u0111i\u1ec1u h\u00f2a huy\u1ebft \u00e1p.<\/p>\n<h2><strong>C\u00f4ng D\u1ee5ng vi\u00ean u\u1ed1ng ph\u00f2ng ch\u1ed1ng x\u01a1 v\u1eefa \u0111\u1ed9ng m\u1ea1ch Maya Yomeijyo (\u0111i\u1ec1u h\u00f2a huy\u1ebft \u00e1p)\u00a0<\/strong><\/h2>\n<ul>\n<li>Gi\u1ea3m cholesterol v\u00e0 m\u1ee1 m\u00e1u, gi\u1ea3m s\u1ef1 t\u00edch t\u1ee5 c\u1ee7a c\u00e1c m\u1ea3ng x\u01a1 v\u1eefa, l\u00e0m cho m\u00e1u l\u01b0u th\u00f4ng t\u1ed1t h\u01a1n.<\/li>\n<li>D\u01b0\u1ee1ng ch\u1ea5t nu\u00f4i d\u01b0\u1ee1ng v\u00e0 b\u1ea3o v\u1ec7 th\u00e0nh m\u1ea1ch, gi\u00fap ph\u00f2ng ch\u1ed1ng v\u00e0 ph\u1ee5c h\u1ed3i x\u01a1 v\u1eefa \u0111\u1ed9ng m\u1ea1ch.<\/li>\n<li>\u1ed4n \u0111\u1ecbnh huy\u1ebft \u00e1p, gi\u1ea3m nguy c\u01a1 \u0111\u1ed9t qu\u1ef5, \u0111au tim, tai bi\u1ebfn.<\/li>\n<li>Gi\u1ea3m c\u00e1c tri\u1ec7u ch\u1ee9ng nh\u01b0 \u0111au \u0111\u1ea7u, m\u1ea5t ng\u1ee7 do t\u1eafc ngh\u1ebdn m\u1ea1ch m\u00e1u l\u00ean n\u00e3o, v\u00e0 gi\u1ea3m kh\u00f3 th\u1edf, tim \u0111\u1eadp nhanh do t\u1eafc ngh\u1ebdn m\u1ea1ch \u0111\u1ebfn tim.<\/li>\n<li>Ch\u1ee9a ch\u1ea5t ch\u1ed1ng oxy h\u00f3a cao, b\u1ea3o v\u1ec7 tim m\u1ea1ch v\u00e0 s\u1ee9c kh\u1ecfe t\u1ed5ng th\u1ec3.<\/li>\n<\/ul>\n<p><b>Th\u00e0nh Ph\u1ea7n:<\/b>\u00a0Vi\u00ean u\u1ed1ng ph\u00f2ng ch\u1ed1ng x\u01a1 v\u1eefa \u0111\u1ed9ng m\u1ea1ch Maya Yomeijyo ch\u1ee9a c\u00e1c th\u00e0nh ph\u1ea7n t\u1ef1 nhi\u00ean \u0111\u01b0\u1ee3c nghi\u00ean c\u1ee9u v\u00e0 \u0111i\u1ec1u ch\u1ebf t\u1ea1i Nh\u1eadt B\u1ea3n.<\/p>\n<p>Diplophyllin 450.0mg, rutin hydrate 150.0mg, nicotinic Acid 75.0mg, este Chondroitin sulfate natri 200.0mg, incite 200.0mg.<\/p>\n<p>Chi\u1ebft xu\u1ea5t n\u01b0\u1edbc n\u00f3ng Mashu Saya Yang 3000.0mg<\/p>\n<h3><b>L\u01b0u \u00dd<\/b><\/h3>\n<ul>\n<li>Ph\u1ee5 n\u1eef mang thai v\u00e0 cho con b\u00fa, c\u0169ng nh\u01b0 tr\u1ebb em d\u01b0\u1edbi 18 tu\u1ed5i kh\u00f4ng n\u00ean s\u1eed d\u1ee5ng s\u1ea3n ph\u1ea9m n\u00e0y.<\/li>\n<li>Ng\u01b0\u1eddi \u0111ang \u0111i\u1ec1u tr\u1ecb b\u1ec7nh ho\u1eb7c \u0111ang s\u1eed d\u1ee5ng b\u1ea5t k\u1ef3 lo\u1ea1i thu\u1ed1c, th\u1ef1c ph\u1ea9m ch\u1ee9c n\u0103ng n\u00e0o (\u0111\u1eb7c bi\u1ec7t l\u00e0 thu\u1ed1c tim, thu\u1ed1c ch\u1ed1ng bu\u1ed3n ng\u1ee7, v\u00e0 thu\u1ed1c ch\u1ed1ng hen suy\u1ec5n) n\u00ean tham kh\u1ea3o \u00fd ki\u1ebfn b\u00e1c s\u0129 tr\u01b0\u1edbc khi s\u1eed d\u1ee5ng.<\/li>\n<\/ul>\n<h2><b>C\u00e1ch S\u1eed D\u1ee5ng<\/b><\/h2>\n<ul>\n<li>U\u1ed1ng m\u1ed7i ng\u00e0y t\u1eeb 3-5 vi\u00ean v\u00e0 c\u00f3 th\u1ec3 chia th\u00e0nh 2-3 l\u1ea7n u\u1ed1ng.<\/li>\n<li>Tu\u00e2n th\u1ee7 h\u01b0\u1edbng d\u1eabn s\u1eed d\u1ee5ng \u0111\u1ec3 \u0111\u1ea3m b\u1ea3o hi\u1ec7u qu\u1ea3 t\u1ed1t nh\u1ea5t.<\/li>\n<\/ul>\n<p>Vi\u00ean u\u1ed1ng ph\u00f2ng ch\u1ed1ng x\u01a1 v\u1eefa \u0111\u1ed9ng m\u1ea1ch Maya Yomeijyo kh\u00f4ng ch\u1ec9 l\u00e0 l\u1ef1a ch\u1ecdn ph\u1ed5 bi\u1ebfn t\u1ea1i Nh\u1eadt B\u1ea3n m\u00e0 c\u00f2n ng\u00e0y c\u00e0ng \u0111\u01b0\u1ee3c bi\u1ebft \u0111\u1ebfn v\u00e0 s\u1eed d\u1ee5ng r\u1ed9ng r\u00e3i tr\u00ean th\u1ecb tr\u01b0\u1eddng qu\u1ed1c t\u1ebf.<\/p>\n","protected":false},"excerpt":{"rendered":"<p>Vi\u00ean u\u1ed1ng \u0111i\u1ec1u ho\u00e0 huy\u1ebft \u00e1p Maya Yomeijyo Nh\u1eadt B\u1ea3n \u0111\u01b0\u1ee3c s\u1ea3n xu\u1ea5t d\u1ef1a tr\u00ean c\u00f4ng th\u1ee9c th\u1ea3o d\u01b0\u1ee3c \u0111\u1ed9c quy\u1ec1n, \u0111\u00e3 \u0111\u01b0\u1ee3c ch\u1ee9ng minh l\u00e0 c\u00f3 t\u00e1c d\u1ee5ng b\u1ea3o v\u1ec7 th\u00e0nh \u0111\u1ed9ng m\u1ea1ch, gi\u1ea3m s\u1ef1 t\u00edch t\u1ee5 c\u1ee7a cholesterol v\u00e0 m\u1ee1 m\u00e1u, t\u1eeb \u0111\u00f3 gi\u1ea3m nguy c\u01a1 c\u00e1c v\u1ea5n \u0111\u1ec1 nh\u01b0 \u0111\u1ed9t qu\u1ef5, tai bi\u1ebfn, \u0111au tim v\u00e0 \u0111i\u1ec1u h\u00f2a huy\u1ebft \u00e1p.<\/p>\n","protected":false},"featured_media":131,"comment_status":"open","ping_status":"closed","template":"","meta":[],"product_brand":[],"product_cat":[21],"product_tag":[],"class_list":{"0":"post-130","1":"product","2":"type-product","3":"status-publish","4":"has-post-thumbnail","6":"product_cat-thuc-pham-chuc-nang","8":"first","9":"instock","10":"shipping-taxable","11":"purchasable","12":"product-type-simple"},"yoast_head":"<!-- This site is optimized with the Yoast SEO Premium plugin v22.3 (Yoast SEO v27.1.1) - https:\/\/yoast.com\/product\/yoast-seo-premium-wordpress\/ -->\n<title>Vi\u00ean u\u1ed1ng ph\u00f2ng ch\u1ed1ng x\u01a1 v\u1eefa \u0111\u1ed9ng m\u1ea1ch Maya Yomeijyo 170v - Ly Daily<\/title>\n<meta name=\"robots\" content=\"index, follow, max-snippet:-1, max-image-preview:large, max-video-preview:-1\" \/>\n<link rel=\"canonical\" href=\"https:\/\/lydaily.vn\/jp\/san-pham\/vien-uong-phong-chong-xo-vua-dong-mach-maya-yomeijyo-170v\/\" \/>\n<meta property=\"og:locale\" content=\"vi_VN\" \/>\n<meta property=\"og:type\" content=\"article\" \/>\n<meta property=\"og:title\" content=\"Vi\u00ean u\u1ed1ng ph\u00f2ng ch\u1ed1ng x\u01a1 v\u1eefa \u0111\u1ed9ng m\u1ea1ch Maya Yomeijyo 170v\" \/>\n<meta property=\"og:description\" content=\"Vi\u00ean u\u1ed1ng \u0111i\u1ec1u ho\u00e0 huy\u1ebft \u00e1p Maya Yomeijyo Nh\u1eadt B\u1ea3n \u0111\u01b0\u1ee3c s\u1ea3n xu\u1ea5t d\u1ef1a tr\u00ean c\u00f4ng th\u1ee9c th\u1ea3o d\u01b0\u1ee3c \u0111\u1ed9c quy\u1ec1n, \u0111\u00e3 \u0111\u01b0\u1ee3c ch\u1ee9ng minh l\u00e0 c\u00f3 t\u00e1c d\u1ee5ng b\u1ea3o v\u1ec7 th\u00e0nh \u0111\u1ed9ng m\u1ea1ch, gi\u1ea3m s\u1ef1 t\u00edch t\u1ee5 c\u1ee7a cholesterol v\u00e0 m\u1ee1 m\u00e1u, t\u1eeb \u0111\u00f3 gi\u1ea3m nguy c\u01a1 c\u00e1c v\u1ea5n \u0111\u1ec1 nh\u01b0 \u0111\u1ed9t qu\u1ef5, tai bi\u1ebfn, \u0111au tim v\u00e0 \u0111i\u1ec1u h\u00f2a huy\u1ebft \u00e1p.\" \/>\n<meta property=\"og:url\" content=\"https:\/\/lydaily.vn\/jp\/san-pham\/vien-uong-phong-chong-xo-vua-dong-mach-maya-yomeijyo-170v\/\" \/>\n<meta property=\"og:site_name\" content=\"Ly Daily\" \/>\n<meta property=\"article:modified_time\" content=\"2026-03-02T14:22:20+00:00\" \/>\n<meta property=\"og:image\" content=\"https:\/\/lydaily.vn\/jp\/wp-content\/uploads\/2026\/02\/Thuc-pham-chuc-nang-Vien-uong-phong-chong-xo-vua-dong-mach-Maya-Yomeijyo-170v.webp\" \/>\n\t<meta property=\"og:image:width\" content=\"500\" \/>\n\t<meta property=\"og:image:height\" content=\"500\" \/>\n\t<meta property=\"og:image:type\" content=\"image\/webp\" \/>\n<meta name=\"twitter:card\" content=\"summary_large_image\" \/>\n<meta name=\"twitter:label1\" content=\"\u01af\u1edbc t\u00ednh th\u1eddi gian \u0111\u1ecdc\" \/>\n\t<meta name=\"twitter:data1\" content=\"3 ph\u00fat\" \/>\n<script type=\"application\/ld+json\" class=\"yoast-schema-graph\">{\"@context\":\"https:\/\/schema.org\",\"@graph\":[{\"@type\":\"WebPage\",\"@id\":\"https:\/\/lydaily.vn\/jp\/san-pham\/vien-uong-phong-chong-xo-vua-dong-mach-maya-yomeijyo-170v\/\",\"url\":\"https:\/\/lydaily.vn\/jp\/san-pham\/vien-uong-phong-chong-xo-vua-dong-mach-maya-yomeijyo-170v\/\",\"name\":\"Vi\u00ean u\u1ed1ng ph\u00f2ng ch\u1ed1ng x\u01a1 v\u1eefa \u0111\u1ed9ng m\u1ea1ch Maya Yomeijyo 170v - Ly Daily\",\"isPartOf\":{\"@id\":\"https:\/\/lydaily.vn\/jp\/#website\"},\"primaryImageOfPage\":{\"@id\":\"https:\/\/lydaily.vn\/jp\/san-pham\/vien-uong-phong-chong-xo-vua-dong-mach-maya-yomeijyo-170v\/#primaryimage\"},\"image\":{\"@id\":\"https:\/\/lydaily.vn\/jp\/san-pham\/vien-uong-phong-chong-xo-vua-dong-mach-maya-yomeijyo-170v\/#primaryimage\"},\"thumbnailUrl\":\"https:\/\/lydaily.vn\/jp\/wp-content\/uploads\/2026\/02\/Thuc-pham-chuc-nang-Vien-uong-phong-chong-xo-vua-dong-mach-Maya-Yomeijyo-170v.webp\",\"datePublished\":\"2026-02-27T03:25:08+00:00\",\"dateModified\":\"2026-03-02T14:22:20+00:00\",\"breadcrumb\":{\"@id\":\"https:\/\/lydaily.vn\/jp\/san-pham\/vien-uong-phong-chong-xo-vua-dong-mach-maya-yomeijyo-170v\/#breadcrumb\"},\"inLanguage\":\"vi\",\"potentialAction\":[{\"@type\":\"ReadAction\",\"target\":[\"https:\/\/lydaily.vn\/jp\/san-pham\/vien-uong-phong-chong-xo-vua-dong-mach-maya-yomeijyo-170v\/\"]}]},{\"@type\":\"ImageObject\",\"inLanguage\":\"vi\",\"@id\":\"https:\/\/lydaily.vn\/jp\/san-pham\/vien-uong-phong-chong-xo-vua-dong-mach-maya-yomeijyo-170v\/#primaryimage\",\"url\":\"https:\/\/lydaily.vn\/jp\/wp-content\/uploads\/2026\/02\/Thuc-pham-chuc-nang-Vien-uong-phong-chong-xo-vua-dong-mach-Maya-Yomeijyo-170v.webp\",\"contentUrl\":\"https:\/\/lydaily.vn\/jp\/wp-content\/uploads\/2026\/02\/Thuc-pham-chuc-nang-Vien-uong-phong-chong-xo-vua-dong-mach-Maya-Yomeijyo-170v.webp\",\"width\":500,\"height\":500},{\"@type\":\"BreadcrumbList\",\"@id\":\"https:\/\/lydaily.vn\/jp\/san-pham\/vien-uong-phong-chong-xo-vua-dong-mach-maya-yomeijyo-170v\/#breadcrumb\",\"itemListElement\":[{\"@type\":\"ListItem\",\"position\":1,\"name\":\"Home\",\"item\":\"https:\/\/lydaily.vn\/jp\/\"},{\"@type\":\"ListItem\",\"position\":2,\"name\":\"S\u1ea3n ph\u1ea9m\",\"item\":\"https:\/\/lydaily.vn\/jp\/san-pham\/\"},{\"@type\":\"ListItem\",\"position\":3,\"name\":\"Vi\u00ean u\u1ed1ng ph\u00f2ng ch\u1ed1ng x\u01a1 v\u1eefa \u0111\u1ed9ng m\u1ea1ch Maya Yomeijyo 170v\"}]},{\"@type\":\"WebSite\",\"@id\":\"https:\/\/lydaily.vn\/jp\/#website\",\"url\":\"https:\/\/lydaily.vn\/jp\/\",\"name\":\"Ly Daily\",\"description\":\"Th\u1ef1c Ph\u1ea9m Ch\u1ee9c N\u0103ng &amp; M\u1ef9 Ph\u1ea9m t\u1ea1i Nh\u1eadt B\u1ea3n v\u00e0 Vi\u1ec7t Nam\",\"potentialAction\":[{\"@type\":\"SearchAction\",\"target\":{\"@type\":\"EntryPoint\",\"urlTemplate\":\"https:\/\/lydaily.vn\/jp\/?s={search_term_string}\"},\"query-input\":{\"@type\":\"PropertyValueSpecification\",\"valueRequired\":true,\"valueName\":\"search_term_string\"}}],\"inLanguage\":\"vi\"}]}<\/script>\n<!-- \/ Yoast SEO Premium plugin. -->","yoast_head_json":{"title":"Vi\u00ean u\u1ed1ng ph\u00f2ng ch\u1ed1ng x\u01a1 v\u1eefa \u0111\u1ed9ng m\u1ea1ch Maya Yomeijyo 170v - Ly Daily","robots":{"index":"index","follow":"follow","max-snippet":"max-snippet:-1","max-image-preview":"max-image-preview:large","max-video-preview":"max-video-preview:-1"},"canonical":"https:\/\/lydaily.vn\/jp\/san-pham\/vien-uong-phong-chong-xo-vua-dong-mach-maya-yomeijyo-170v\/","og_locale":"vi_VN","og_type":"article","og_title":"Vi\u00ean u\u1ed1ng ph\u00f2ng ch\u1ed1ng x\u01a1 v\u1eefa \u0111\u1ed9ng m\u1ea1ch Maya Yomeijyo 170v","og_description":"Vi\u00ean u\u1ed1ng \u0111i\u1ec1u ho\u00e0 huy\u1ebft \u00e1p Maya Yomeijyo Nh\u1eadt B\u1ea3n \u0111\u01b0\u1ee3c s\u1ea3n xu\u1ea5t d\u1ef1a tr\u00ean c\u00f4ng th\u1ee9c th\u1ea3o d\u01b0\u1ee3c \u0111\u1ed9c quy\u1ec1n, \u0111\u00e3 \u0111\u01b0\u1ee3c ch\u1ee9ng minh l\u00e0 c\u00f3 t\u00e1c d\u1ee5ng b\u1ea3o v\u1ec7 th\u00e0nh \u0111\u1ed9ng m\u1ea1ch, gi\u1ea3m s\u1ef1 t\u00edch t\u1ee5 c\u1ee7a cholesterol v\u00e0 m\u1ee1 m\u00e1u, t\u1eeb \u0111\u00f3 gi\u1ea3m nguy c\u01a1 c\u00e1c v\u1ea5n \u0111\u1ec1 nh\u01b0 \u0111\u1ed9t qu\u1ef5, tai bi\u1ebfn, \u0111au tim v\u00e0 \u0111i\u1ec1u h\u00f2a huy\u1ebft \u00e1p.","og_url":"https:\/\/lydaily.vn\/jp\/san-pham\/vien-uong-phong-chong-xo-vua-dong-mach-maya-yomeijyo-170v\/","og_site_name":"Ly Daily","article_modified_time":"2026-03-02T14:22:20+00:00","og_image":[{"width":500,"height":500,"url":"https:\/\/lydaily.vn\/jp\/wp-content\/uploads\/2026\/02\/Thuc-pham-chuc-nang-Vien-uong-phong-chong-xo-vua-dong-mach-Maya-Yomeijyo-170v.webp","type":"image\/webp"}],"twitter_card":"summary_large_image","twitter_misc":{"\u01af\u1edbc t\u00ednh th\u1eddi gian \u0111\u1ecdc":"3 ph\u00fat"},"schema":{"@context":"https:\/\/schema.org","@graph":[{"@type":"WebPage","@id":"https:\/\/lydaily.vn\/jp\/san-pham\/vien-uong-phong-chong-xo-vua-dong-mach-maya-yomeijyo-170v\/","url":"https:\/\/lydaily.vn\/jp\/san-pham\/vien-uong-phong-chong-xo-vua-dong-mach-maya-yomeijyo-170v\/","name":"Vi\u00ean u\u1ed1ng ph\u00f2ng ch\u1ed1ng x\u01a1 v\u1eefa \u0111\u1ed9ng m\u1ea1ch Maya Yomeijyo 170v - Ly Daily","isPartOf":{"@id":"https:\/\/lydaily.vn\/jp\/#website"},"primaryImageOfPage":{"@id":"https:\/\/lydaily.vn\/jp\/san-pham\/vien-uong-phong-chong-xo-vua-dong-mach-maya-yomeijyo-170v\/#primaryimage"},"image":{"@id":"https:\/\/lydaily.vn\/jp\/san-pham\/vien-uong-phong-chong-xo-vua-dong-mach-maya-yomeijyo-170v\/#primaryimage"},"thumbnailUrl":"https:\/\/lydaily.vn\/jp\/wp-content\/uploads\/2026\/02\/Thuc-pham-chuc-nang-Vien-uong-phong-chong-xo-vua-dong-mach-Maya-Yomeijyo-170v.webp","datePublished":"2026-02-27T03:25:08+00:00","dateModified":"2026-03-02T14:22:20+00:00","breadcrumb":{"@id":"https:\/\/lydaily.vn\/jp\/san-pham\/vien-uong-phong-chong-xo-vua-dong-mach-maya-yomeijyo-170v\/#breadcrumb"},"inLanguage":"vi","potentialAction":[{"@type":"ReadAction","target":["https:\/\/lydaily.vn\/jp\/san-pham\/vien-uong-phong-chong-xo-vua-dong-mach-maya-yomeijyo-170v\/"]}]},{"@type":"ImageObject","inLanguage":"vi","@id":"https:\/\/lydaily.vn\/jp\/san-pham\/vien-uong-phong-chong-xo-vua-dong-mach-maya-yomeijyo-170v\/#primaryimage","url":"https:\/\/lydaily.vn\/jp\/wp-content\/uploads\/2026\/02\/Thuc-pham-chuc-nang-Vien-uong-phong-chong-xo-vua-dong-mach-Maya-Yomeijyo-170v.webp","contentUrl":"https:\/\/lydaily.vn\/jp\/wp-content\/uploads\/2026\/02\/Thuc-pham-chuc-nang-Vien-uong-phong-chong-xo-vua-dong-mach-Maya-Yomeijyo-170v.webp","width":500,"height":500},{"@type":"BreadcrumbList","@id":"https:\/\/lydaily.vn\/jp\/san-pham\/vien-uong-phong-chong-xo-vua-dong-mach-maya-yomeijyo-170v\/#breadcrumb","itemListElement":[{"@type":"ListItem","position":1,"name":"Home","item":"https:\/\/lydaily.vn\/jp\/"},{"@type":"ListItem","position":2,"name":"S\u1ea3n ph\u1ea9m","item":"https:\/\/lydaily.vn\/jp\/san-pham\/"},{"@type":"ListItem","position":3,"name":"Vi\u00ean u\u1ed1ng ph\u00f2ng ch\u1ed1ng x\u01a1 v\u1eefa \u0111\u1ed9ng m\u1ea1ch Maya Yomeijyo 170v"}]},{"@type":"WebSite","@id":"https:\/\/lydaily.vn\/jp\/#website","url":"https:\/\/lydaily.vn\/jp\/","name":"Ly Daily","description":"Th\u1ef1c Ph\u1ea9m Ch\u1ee9c N\u0103ng &amp; M\u1ef9 Ph\u1ea9m t\u1ea1i Nh\u1eadt B\u1ea3n v\u00e0 Vi\u1ec7t Nam","potentialAction":[{"@type":"SearchAction","target":{"@type":"EntryPoint","urlTemplate":"https:\/\/lydaily.vn\/jp\/?s={search_term_string}"},"query-input":{"@type":"PropertyValueSpecification","valueRequired":true,"valueName":"search_term_string"}}],"inLanguage":"vi"}]}},"_links":{"self":[{"href":"https:\/\/lydaily.vn\/jp\/wp-json\/wp\/v2\/product\/130","targetHints":{"allow":["GET"]}}],"collection":[{"href":"https:\/\/lydaily.vn\/jp\/wp-json\/wp\/v2\/product"}],"about":[{"href":"https:\/\/lydaily.vn\/jp\/wp-json\/wp\/v2\/types\/product"}],"replies":[{"embeddable":true,"href":"https:\/\/lydaily.vn\/jp\/wp-json\/wp\/v2\/comments?post=130"}],"wp:featuredmedia":[{"embeddable":true,"href":"https:\/\/lydaily.vn\/jp\/wp-json\/wp\/v2\/media\/131"}],"wp:attachment":[{"href":"https:\/\/lydaily.vn\/jp\/wp-json\/wp\/v2\/media?parent=130"}],"wp:term":[{"taxonomy":"product_brand","embeddable":true,"href":"https:\/\/lydaily.vn\/jp\/wp-json\/wp\/v2\/product_brand?post=130"},{"taxonomy":"product_cat","embeddable":true,"href":"https:\/\/lydaily.vn\/jp\/wp-json\/wp\/v2\/product_cat?post=130"},{"taxonomy":"product_tag","embeddable":true,"href":"https:\/\/lydaily.vn\/jp\/wp-json\/wp\/v2\/product_tag?post=130"}],"curies":[{"name":"wp","href":"https:\/\/api.w.org\/{rel}","templated":true}]}}