{"id":116,"date":"2026-02-27T03:09:11","date_gmt":"2026-02-27T03:09:11","guid":{"rendered":"https:\/\/lydaily.qweb.com.vn\/?post_type=product&#038;p=116"},"modified":"2026-03-13T04:13:10","modified_gmt":"2026-03-13T04:13:10","slug":"tinh-dau-thong-do-kwangdong-120-vien","status":"publish","type":"product","link":"https:\/\/lydaily.vn\/jp\/san-pham\/tinh-dau-thong-do-kwangdong-120-vien\/","title":{"rendered":"Tinh d\u1ea7u th\u00f4ng \u0111\u1ecf Kwangdong 120 vi\u00ean"},"content":{"rendered":"<p><strong>Tinh D\u1ea7u Th\u00f4ng \u0110\u1ecf Kwangdong 120 Vi\u00ean H\u00e0n Qu\u1ed1c<\/strong>\u00a0\u0111\u01b0\u1ee3c chi\u1ebft xu\u1ea5t\u00a0<strong>100% t\u1eeb l\u00e1 c\u00e2y\u00a0<\/strong><strong>th\u00f4ng \u0111\u1ecf<\/strong>\u00a0l\u00e0 lo\u1ea1i c\u00e2y \u0111\u01b0\u1ee3c c\u00e1c b\u00e1c s\u0129 \u0111\u00f4ng y \u0111\u00e1nh gi\u00e1 r\u1ea5t cao trong vi\u1ec7c h\u1ed7 tr\u1ee3\u00a0\u0111i\u1ec1u tr\u1ecb c\u00e1c b\u1ec7nh v\u1ec1 tim m\u1ea1ch, gan, suy th\u1eadn, huy\u1ebft \u00e1p, ti\u1ec3u \u0111\u01b0\u1eddng v\u00e0 ph\u00f2ng tr\u1eeb, h\u1ed7 tr\u1ee3 \u0111i\u1ec1u\u00a0tr\u1ecb c\u00e1c b\u1ec7nh nguy hi\u1ec3m nh\u01b0 ung th\u01b0.<\/p>\n","protected":false},"excerpt":{"rendered":"<ul>\n<li><strong>Quy c\u00e1ch:<\/strong>\u00a0\u0110\u00f3ng h\u1ed9p 120 vi\u00ean tinh d\u1ea7u th\u00f4ng \u0111\u1ecf d\u1ea1ng vi\u00ean nang. B\u00ean trong h\u1ed9p l\u1edbn c\u00f3 5 h\u1ed9p nh\u1ecf, m\u1ed7i h\u1ed9p c\u00f3 24 vi\u00ean tinh d\u1ea7u th\u00f4ng \u0111\u01b0\u1ee3c \u0111\u00f3ng trong 4 v\u1ec9 x 6 vi\u00ean.<\/li>\n<li><strong>Nh\u00e0 SX:<\/strong>\u00a0 Kwang Dong Pharmaceutical Co., Ltd.<\/li>\n<li><strong>Xu\u1ea5t x\u1ee9:<\/strong>\u00a0H\u00e0n Qu\u1ed1c.<\/li>\n<\/ul>\n","protected":false},"featured_media":117,"comment_status":"open","ping_status":"closed","template":"","meta":[],"product_brand":[],"product_cat":[21],"product_tag":[],"class_list":{"0":"post-116","1":"product","2":"type-product","3":"status-publish","4":"has-post-thumbnail","6":"product_cat-thuc-pham-chuc-nang","8":"first","9":"instock","10":"shipping-taxable","11":"purchasable","12":"product-type-simple"},"yoast_head":"<!-- This site is optimized with the Yoast SEO Premium plugin v22.3 (Yoast SEO v27.1.1) - https:\/\/yoast.com\/product\/yoast-seo-premium-wordpress\/ -->\n<title>Tinh d\u1ea7u th\u00f4ng \u0111\u1ecf Kwangdong 120 vi\u00ean - Ly Daily<\/title>\n<meta name=\"robots\" content=\"index, follow, max-snippet:-1, max-image-preview:large, max-video-preview:-1\" \/>\n<link rel=\"canonical\" href=\"https:\/\/lydaily.vn\/jp\/san-pham\/tinh-dau-thong-do-kwangdong-120-vien\/\" \/>\n<meta property=\"og:locale\" content=\"vi_VN\" \/>\n<meta property=\"og:type\" content=\"article\" \/>\n<meta property=\"og:title\" content=\"Tinh d\u1ea7u th\u00f4ng \u0111\u1ecf Kwangdong 120 vi\u00ean\" \/>\n<meta property=\"og:description\" content=\"Quy c\u00e1ch:\u00a0\u0110\u00f3ng h\u1ed9p 120 vi\u00ean tinh d\u1ea7u th\u00f4ng \u0111\u1ecf d\u1ea1ng vi\u00ean nang. B\u00ean trong h\u1ed9p l\u1edbn c\u00f3 5 h\u1ed9p nh\u1ecf, m\u1ed7i h\u1ed9p c\u00f3 24 vi\u00ean tinh d\u1ea7u th\u00f4ng \u0111\u01b0\u1ee3c \u0111\u00f3ng trong 4 v\u1ec9 x 6 vi\u00ean.  Nh\u00e0 SX:\u00a0 Kwang Dong Pharmaceutical Co., Ltd.  Xu\u1ea5t x\u1ee9:\u00a0H\u00e0n Qu\u1ed1c.\" \/>\n<meta property=\"og:url\" content=\"https:\/\/lydaily.vn\/jp\/san-pham\/tinh-dau-thong-do-kwangdong-120-vien\/\" \/>\n<meta property=\"og:site_name\" content=\"Ly Daily\" \/>\n<meta property=\"article:modified_time\" content=\"2026-03-13T04:13:10+00:00\" \/>\n<meta property=\"og:image\" content=\"https:\/\/lydaily.vn\/jp\/wp-content\/uploads\/2026\/02\/tinh-dau-thong-do.png\" \/>\n\t<meta property=\"og:image:width\" content=\"600\" \/>\n\t<meta property=\"og:image:height\" content=\"600\" \/>\n\t<meta property=\"og:image:type\" content=\"image\/png\" \/>\n<meta name=\"twitter:card\" content=\"summary_large_image\" \/>\n<meta name=\"twitter:label1\" content=\"\u01af\u1edbc t\u00ednh th\u1eddi gian \u0111\u1ecdc\" \/>\n\t<meta name=\"twitter:data1\" content=\"1 ph\u00fat\" \/>\n<script type=\"application\/ld+json\" class=\"yoast-schema-graph\">{\"@context\":\"https:\/\/schema.org\",\"@graph\":[{\"@type\":\"WebPage\",\"@id\":\"https:\/\/lydaily.vn\/jp\/san-pham\/tinh-dau-thong-do-kwangdong-120-vien\/\",\"url\":\"https:\/\/lydaily.vn\/jp\/san-pham\/tinh-dau-thong-do-kwangdong-120-vien\/\",\"name\":\"Tinh d\u1ea7u th\u00f4ng \u0111\u1ecf Kwangdong 120 vi\u00ean - Ly Daily\",\"isPartOf\":{\"@id\":\"https:\/\/lydaily.vn\/jp\/#website\"},\"primaryImageOfPage\":{\"@id\":\"https:\/\/lydaily.vn\/jp\/san-pham\/tinh-dau-thong-do-kwangdong-120-vien\/#primaryimage\"},\"image\":{\"@id\":\"https:\/\/lydaily.vn\/jp\/san-pham\/tinh-dau-thong-do-kwangdong-120-vien\/#primaryimage\"},\"thumbnailUrl\":\"https:\/\/lydaily.vn\/jp\/wp-content\/uploads\/2026\/02\/tinh-dau-thong-do.png\",\"datePublished\":\"2026-02-27T03:09:11+00:00\",\"dateModified\":\"2026-03-13T04:13:10+00:00\",\"breadcrumb\":{\"@id\":\"https:\/\/lydaily.vn\/jp\/san-pham\/tinh-dau-thong-do-kwangdong-120-vien\/#breadcrumb\"},\"inLanguage\":\"vi\",\"potentialAction\":[{\"@type\":\"ReadAction\",\"target\":[\"https:\/\/lydaily.vn\/jp\/san-pham\/tinh-dau-thong-do-kwangdong-120-vien\/\"]}]},{\"@type\":\"ImageObject\",\"inLanguage\":\"vi\",\"@id\":\"https:\/\/lydaily.vn\/jp\/san-pham\/tinh-dau-thong-do-kwangdong-120-vien\/#primaryimage\",\"url\":\"https:\/\/lydaily.vn\/jp\/wp-content\/uploads\/2026\/02\/tinh-dau-thong-do.png\",\"contentUrl\":\"https:\/\/lydaily.vn\/jp\/wp-content\/uploads\/2026\/02\/tinh-dau-thong-do.png\",\"width\":600,\"height\":600},{\"@type\":\"BreadcrumbList\",\"@id\":\"https:\/\/lydaily.vn\/jp\/san-pham\/tinh-dau-thong-do-kwangdong-120-vien\/#breadcrumb\",\"itemListElement\":[{\"@type\":\"ListItem\",\"position\":1,\"name\":\"Home\",\"item\":\"https:\/\/lydaily.vn\/jp\/\"},{\"@type\":\"ListItem\",\"position\":2,\"name\":\"S\u1ea3n ph\u1ea9m\",\"item\":\"https:\/\/lydaily.vn\/jp\/san-pham\/\"},{\"@type\":\"ListItem\",\"position\":3,\"name\":\"Tinh d\u1ea7u th\u00f4ng \u0111\u1ecf Kwangdong 120 vi\u00ean\"}]},{\"@type\":\"WebSite\",\"@id\":\"https:\/\/lydaily.vn\/jp\/#website\",\"url\":\"https:\/\/lydaily.vn\/jp\/\",\"name\":\"Ly Daily\",\"description\":\"Th\u1ef1c Ph\u1ea9m Ch\u1ee9c N\u0103ng &amp; M\u1ef9 Ph\u1ea9m t\u1ea1i Nh\u1eadt B\u1ea3n v\u00e0 Vi\u1ec7t Nam\",\"potentialAction\":[{\"@type\":\"SearchAction\",\"target\":{\"@type\":\"EntryPoint\",\"urlTemplate\":\"https:\/\/lydaily.vn\/jp\/?s={search_term_string}\"},\"query-input\":{\"@type\":\"PropertyValueSpecification\",\"valueRequired\":true,\"valueName\":\"search_term_string\"}}],\"inLanguage\":\"vi\"}]}<\/script>\n<!-- \/ Yoast SEO Premium plugin. -->","yoast_head_json":{"title":"Tinh d\u1ea7u th\u00f4ng \u0111\u1ecf Kwangdong 120 vi\u00ean - Ly Daily","robots":{"index":"index","follow":"follow","max-snippet":"max-snippet:-1","max-image-preview":"max-image-preview:large","max-video-preview":"max-video-preview:-1"},"canonical":"https:\/\/lydaily.vn\/jp\/san-pham\/tinh-dau-thong-do-kwangdong-120-vien\/","og_locale":"vi_VN","og_type":"article","og_title":"Tinh d\u1ea7u th\u00f4ng \u0111\u1ecf Kwangdong 120 vi\u00ean","og_description":"Quy c\u00e1ch:\u00a0\u0110\u00f3ng h\u1ed9p 120 vi\u00ean tinh d\u1ea7u th\u00f4ng \u0111\u1ecf d\u1ea1ng vi\u00ean nang. B\u00ean trong h\u1ed9p l\u1edbn c\u00f3 5 h\u1ed9p nh\u1ecf, m\u1ed7i h\u1ed9p c\u00f3 24 vi\u00ean tinh d\u1ea7u th\u00f4ng \u0111\u01b0\u1ee3c \u0111\u00f3ng trong 4 v\u1ec9 x 6 vi\u00ean.  Nh\u00e0 SX:\u00a0 Kwang Dong Pharmaceutical Co., Ltd.  Xu\u1ea5t x\u1ee9:\u00a0H\u00e0n Qu\u1ed1c.","og_url":"https:\/\/lydaily.vn\/jp\/san-pham\/tinh-dau-thong-do-kwangdong-120-vien\/","og_site_name":"Ly Daily","article_modified_time":"2026-03-13T04:13:10+00:00","og_image":[{"width":600,"height":600,"url":"https:\/\/lydaily.vn\/jp\/wp-content\/uploads\/2026\/02\/tinh-dau-thong-do.png","type":"image\/png"}],"twitter_card":"summary_large_image","twitter_misc":{"\u01af\u1edbc t\u00ednh th\u1eddi gian \u0111\u1ecdc":"1 ph\u00fat"},"schema":{"@context":"https:\/\/schema.org","@graph":[{"@type":"WebPage","@id":"https:\/\/lydaily.vn\/jp\/san-pham\/tinh-dau-thong-do-kwangdong-120-vien\/","url":"https:\/\/lydaily.vn\/jp\/san-pham\/tinh-dau-thong-do-kwangdong-120-vien\/","name":"Tinh d\u1ea7u th\u00f4ng \u0111\u1ecf Kwangdong 120 vi\u00ean - Ly Daily","isPartOf":{"@id":"https:\/\/lydaily.vn\/jp\/#website"},"primaryImageOfPage":{"@id":"https:\/\/lydaily.vn\/jp\/san-pham\/tinh-dau-thong-do-kwangdong-120-vien\/#primaryimage"},"image":{"@id":"https:\/\/lydaily.vn\/jp\/san-pham\/tinh-dau-thong-do-kwangdong-120-vien\/#primaryimage"},"thumbnailUrl":"https:\/\/lydaily.vn\/jp\/wp-content\/uploads\/2026\/02\/tinh-dau-thong-do.png","datePublished":"2026-02-27T03:09:11+00:00","dateModified":"2026-03-13T04:13:10+00:00","breadcrumb":{"@id":"https:\/\/lydaily.vn\/jp\/san-pham\/tinh-dau-thong-do-kwangdong-120-vien\/#breadcrumb"},"inLanguage":"vi","potentialAction":[{"@type":"ReadAction","target":["https:\/\/lydaily.vn\/jp\/san-pham\/tinh-dau-thong-do-kwangdong-120-vien\/"]}]},{"@type":"ImageObject","inLanguage":"vi","@id":"https:\/\/lydaily.vn\/jp\/san-pham\/tinh-dau-thong-do-kwangdong-120-vien\/#primaryimage","url":"https:\/\/lydaily.vn\/jp\/wp-content\/uploads\/2026\/02\/tinh-dau-thong-do.png","contentUrl":"https:\/\/lydaily.vn\/jp\/wp-content\/uploads\/2026\/02\/tinh-dau-thong-do.png","width":600,"height":600},{"@type":"BreadcrumbList","@id":"https:\/\/lydaily.vn\/jp\/san-pham\/tinh-dau-thong-do-kwangdong-120-vien\/#breadcrumb","itemListElement":[{"@type":"ListItem","position":1,"name":"Home","item":"https:\/\/lydaily.vn\/jp\/"},{"@type":"ListItem","position":2,"name":"S\u1ea3n ph\u1ea9m","item":"https:\/\/lydaily.vn\/jp\/san-pham\/"},{"@type":"ListItem","position":3,"name":"Tinh d\u1ea7u th\u00f4ng \u0111\u1ecf Kwangdong 120 vi\u00ean"}]},{"@type":"WebSite","@id":"https:\/\/lydaily.vn\/jp\/#website","url":"https:\/\/lydaily.vn\/jp\/","name":"Ly Daily","description":"Th\u1ef1c Ph\u1ea9m Ch\u1ee9c N\u0103ng &amp; M\u1ef9 Ph\u1ea9m t\u1ea1i Nh\u1eadt B\u1ea3n v\u00e0 Vi\u1ec7t Nam","potentialAction":[{"@type":"SearchAction","target":{"@type":"EntryPoint","urlTemplate":"https:\/\/lydaily.vn\/jp\/?s={search_term_string}"},"query-input":{"@type":"PropertyValueSpecification","valueRequired":true,"valueName":"search_term_string"}}],"inLanguage":"vi"}]}},"_links":{"self":[{"href":"https:\/\/lydaily.vn\/jp\/wp-json\/wp\/v2\/product\/116","targetHints":{"allow":["GET"]}}],"collection":[{"href":"https:\/\/lydaily.vn\/jp\/wp-json\/wp\/v2\/product"}],"about":[{"href":"https:\/\/lydaily.vn\/jp\/wp-json\/wp\/v2\/types\/product"}],"replies":[{"embeddable":true,"href":"https:\/\/lydaily.vn\/jp\/wp-json\/wp\/v2\/comments?post=116"}],"wp:featuredmedia":[{"embeddable":true,"href":"https:\/\/lydaily.vn\/jp\/wp-json\/wp\/v2\/media\/117"}],"wp:attachment":[{"href":"https:\/\/lydaily.vn\/jp\/wp-json\/wp\/v2\/media?parent=116"}],"wp:term":[{"taxonomy":"product_brand","embeddable":true,"href":"https:\/\/lydaily.vn\/jp\/wp-json\/wp\/v2\/product_brand?post=116"},{"taxonomy":"product_cat","embeddable":true,"href":"https:\/\/lydaily.vn\/jp\/wp-json\/wp\/v2\/product_cat?post=116"},{"taxonomy":"product_tag","embeddable":true,"href":"https:\/\/lydaily.vn\/jp\/wp-json\/wp\/v2\/product_tag?post=116"}],"curies":[{"name":"wp","href":"https:\/\/api.w.org\/{rel}","templated":true}]}}