{"id":112,"date":"2026-02-27T02:45:39","date_gmt":"2026-02-27T02:45:39","guid":{"rendered":"https:\/\/lydaily.qweb.com.vn\/?post_type=product&#038;p=112"},"modified":"2026-03-13T04:11:56","modified_gmt":"2026-03-13T04:11:56","slug":"vien-uong-ho-tro-tim-mach-coenzyme-q10-orihiro-90-vien-hang-nhat-noi-dia","status":"publish","type":"product","link":"https:\/\/lydaily.vn\/jp\/san-pham\/vien-uong-ho-tro-tim-mach-coenzyme-q10-orihiro-90-vien-hang-nhat-noi-dia\/","title":{"rendered":"Vi\u00ean u\u1ed1ng h\u1ed7 tr\u1ee3 tim m\u1ea1ch Coenzyme Q10 Orihiro 90 vi\u00ean- H\u00e0ng Nh\u1eadt n\u1ed9i \u0111\u1ecba"},"content":{"rendered":"<h2><strong>1. Th\u00f4ng tin s\u1ea3n ph\u1ea9m:<\/strong><\/h2>\n<ul>\n<li>Th\u01b0\u01a1ng hi\u1ec7u:\u00a0 Orihiro<\/li>\n<li>Ngu\u1ed3n g\u1ed1c: Nh\u1eadt B\u1ea3n<\/li>\n<li class=\"\">Quy c\u00e1ch: \u00a01 h\u1ed9p\/90 Vi\u00ean<\/li>\n<\/ul>\n<h3><strong>2. C\u00f4ng d\u1ee5ng ch\u00ednh<\/strong><\/h3>\n<ul>\n<li>Gi\u1ea3m nguy c\u01a1 tai bi\u1ebfn tim m\u1ea1ch, c\u1ea3i thi\u1ec7n s\u1ef1 h\u00f4 h\u1ea5p t\u1ebf b\u00e0o c\u01a1 tim, l\u00e0m m\u1ea1nh tim, ng\u0103n c\u1ea3n virus g\u00e2y vi\u00eam tim. Coenzyme Q10 l\u00e0 m\u1ed9t th\u00e0nh ph\u1ea7n quan tr\u1ecdng \u0111\u1ed1i v\u1edbi h\u1ec7 tim m\u1ea1ch, gi\u00fap k\u00edch th\u00edch ho\u1ea1t \u0111\u1ed9ng ch\u1ee9c n\u0103ng c\u1ee7a t\u1ebf b\u00e0o v\u00e0 t\u1ea1o n\u0103ng l\u01b0\u1ee3ng cho c\u01a1 th\u1ec3. Thi\u1ebfu h\u1ee5t CoQ10 c\u00f3 th\u1ec3 d\u1eabn \u0111\u1ebfn m\u1ec7t m\u1ecfi, suy y\u1ebfu mi\u1ec5n d\u1ecbch, t\u0103ng huy\u1ebft \u00e1p, suy tim, v\u00e0 t\u0103ng cholesterol trong m\u00e1u.<\/li>\n<li>K\u00edch th\u00edch h\u1ec7 th\u1ed1ng t\u1ebf b\u00e0o mi\u1ec5n d\u1ecbch, ch\u1ed1ng oxy h\u00f3a. Coenzyme c\u00f2n \u0111\u01b0\u1ee3c coi l\u00e0 &#8220;th\u1ea7n d\u01b0\u1ee3c c\u1ee7a tu\u1ed5i tr\u1ebb&#8221; v\u1edbi kh\u1ea3 n\u0103ng ch\u1ed1ng oxy h\u00f3a m\u1ea1nh, gi\u00fap c\u01a1 th\u1ec3 ch\u1ed1ng c\u00e1c g\u1ed1c t\u1ef1 do v\u00e0 t\u0103ng c\u01b0\u1eddng h\u1ec7 mi\u1ec5n d\u1ecbch.<\/li>\n<li>Gi\u1ea3m cholesterol, \u1ed5n \u0111\u1ecbnh huy\u1ebft \u00e1p. Th\u00e0nh ph\u1ea7n c\u1ee7a s\u1ea3n ph\u1ea9m gi\u00fap gi\u1ea3m cholesterol v\u00e0 \u1ed5n \u0111\u1ecbnh huy\u1ebft \u00e1p, gi\u00fap ng\u0103n ng\u1eeba c\u00e1c b\u1ec7nh tim m\u1ea1ch.<\/li>\n<li>Ph\u00f2ng ng\u1eeba ng\u1ed9 \u0111\u1ed9c do t\u00e1c \u0111\u1ed9ng c\u1ee7a c\u00e1c h\u00f3a ch\u1ea5t trong m\u00f4i tr\u01b0\u1eddng s\u1ed1ng. S\u1ea3n ph\u1ea9m c\u0169ng gi\u00fap gi\u1ea3i ph\u00f3ng n\u0103ng l\u01b0\u1ee3ng th\u1eeba, ng\u0103n ng\u1eeba b\u00e9o ph\u00ec v\u00e0 t\u00edch m\u1ee1 c\u00f3 h\u1ea1i cho ph\u1ee7 t\u1ea1ng.<\/li>\n<li>B\u1ea3o v\u1ec7 da, ng\u0103n ch\u1eb7n s\u1ef1 l\u00e3o h\u00f3a, v\u00e0 h\u1ed7 tr\u1ee3 \u0111i\u1ec1u tr\u1ecb ung th\u01b0. Coenzyme Q10 l\u00e0 m\u1ed9t th\u00e0nh ph\u1ea7n vitamin h\u1eefu \u00edch, c\u00f3 t\u00e1c d\u1ee5ng b\u1ea3o v\u1ec7 c\u01a1 th\u1ec3 kh\u1ecfi c\u00e1c g\u1ed1c t\u1ef1 do g\u00e2y h\u1ea1i, gi\u00fap da kh\u1ecfe m\u1ea1nh h\u01a1n v\u00e0 ng\u0103n ch\u1eb7n s\u1ef1 l\u00e3o h\u00f3a. Nghi\u00ean c\u1ee9u c\u0169ng ch\u1ec9 ra r\u1eb1ng s\u1ea3n ph\u1ea9m c\u00f3 th\u1ec3 ng\u0103n ch\u1eb7n s\u1ef1 ph\u00e1t tri\u1ec3n c\u1ee7a c\u00e1c kh\u1ed1i u ung th\u01b0.<\/li>\n<\/ul>\n<h3><strong>3. Th\u00e0nh ph\u1ea7n ch\u00ednh<\/strong><\/h3>\n<ul>\n<li>Coenzyme Q10 (CoQ10)<\/li>\n<li>Chi\u1ebft xu\u1ea5t h\u1ea1t ti\u00eau \u0111en (Bioperin\u00ae)<\/li>\n<li>\u03b2-carotene<\/li>\n<li>K\u1ebdm<\/li>\n<li>Vitamin E, Vitamin C, Vitamin B1, Vitamin B2, Vitamin B6, Niacin<\/li>\n<\/ul>\n<h3><strong>4. C\u00e1ch s\u1eed d\u1ee5ng<\/strong><\/h3>\n<ul>\n<li>U\u1ed1ng 3 vi\u00ean m\u1ed7i ng\u00e0y, m\u1ed7i l\u1ea7n sau b\u1eefa \u0103n, kh\u00f4ng u\u1ed1ng v\u1edbi n\u01b0\u1edbc l\u1ea1nh.<\/li>\n<li>Ng\u01b0\u1eddi s\u1eed d\u1ee5ng l\u1ea7n \u0111\u1ea7u ti\u00ean c\u00f3 th\u1ec3 gi\u1ea3m xu\u1ed1ng u\u1ed1ng t\u1eeb 1-2 vi\u00ean trong ng\u00e0y.<\/li>\n<li>Kh\u00f4ng u\u1ed1ng qu\u00e1 li\u1ec1u l\u01b0\u1ee3ng trong m\u1ed9t ng\u00e0y.<\/li>\n<li>B\u1ea3o qu\u1ea3n n\u01a1i kh\u00f4 r\u00e1o tr\u00e1nh \u00e1nh n\u1eafng tr\u1ef1c ti\u1ebfp.<\/li>\n<\/ul>\n<h3><strong>5. \u0110\u1ed1i t\u01b0\u1ee3ng s\u1eed d\u1ee5ng<\/strong><\/h3>\n<ul>\n<li>Nh\u1eefng ng\u01b0\u1eddi m\u1eafc c\u00e1c b\u1ec7nh v\u1ec1 tim m\u1ea1ch, r\u1ed1i lo\u1ea1n th\u1ea7n kinh, suy tim, ti\u1ec3u \u0111\u01b0\u1eddng.<\/li>\n<li>Nh\u1eefng ng\u01b0\u1eddi c\u1ea7n tr\u1ebb h\u00f3a l\u00e0n da, ng\u0103n ch\u1eb7n s\u1ef1 oxy h\u00f3a t\u1eeb c\u00e1c g\u1ed1c t\u1ef1 do gi\u00fap da kh\u1ecfe m\u1ea1nh h\u01a1n.<\/li>\n<li>Nh\u1eefng ng\u01b0\u1eddi c\u00f3 l\u01b0\u1ee3ng cholesterol trong m\u00e1u cao, h\u1ec7 th\u1ed1ng mi\u1ec5n d\u1ecbch k\u00e9m.<\/li>\n<li>Ng\u01b0\u1eddi b\u1ecb cao huy\u1ebft \u00e1p, m\u1ee1 m\u00e1u, gan nhi\u1ec5m m\u1ee1, m\u1ee1 n\u1ed9i t\u1ea1ng, m\u1ee1 d\u01b0\u1edbi da, b\u00e9o ph\u00ec, m\u1ee1 th\u1eeba c\u00f3 h\u1ea1i cho ph\u1ee7 t\u1ea1ng.<\/li>\n<li>Nh\u1eefng ng\u01b0\u1eddi \u0111ang \u0111i\u1ec1u tr\u1ecb c\u00e1c b\u1ec7nh nh\u01b0 Alzheimer, Parkinson, \u0111a x\u01a1 c\u1ee9ng (MS), \u0111au c\u01a1 x\u01a1 h\u00f3a, \u0111au n\u1eeda \u0111\u1ea7u, Peyronie (d\u01b0\u01a1ng v\u1eadt cong), v\u00e0 nh\u1eefng ng\u01b0\u1eddi trong t\u00ecnh tr\u1ea1ng tho\u00e1i h\u00f3a \u0111i\u1ec3m v\u00e0ng do tu\u1ed5i t\u00e1c.<\/li>\n<\/ul>\n","protected":false},"excerpt":{"rendered":"<ul>\n<li>Th\u01b0\u01a1ng hi\u1ec7u:\u00a0 Orihiro<\/li>\n<li>Ngu\u1ed3n g\u1ed1c: Nh\u1eadt B\u1ea3n<\/li>\n<li>Quy c\u00e1ch: \u00a01 h\u1ed9p\/90 Vi\u00ean<\/li>\n<\/ul>\n","protected":false},"featured_media":113,"comment_status":"open","ping_status":"closed","template":"","meta":[],"product_brand":[],"product_cat":[21],"product_tag":[],"class_list":{"0":"post-112","1":"product","2":"type-product","3":"status-publish","4":"has-post-thumbnail","6":"product_cat-thuc-pham-chuc-nang","8":"first","9":"instock","10":"shipping-taxable","11":"purchasable","12":"product-type-simple"},"yoast_head":"<!-- This site is optimized with the Yoast SEO Premium plugin v22.3 (Yoast SEO v27.1.1) - https:\/\/yoast.com\/product\/yoast-seo-premium-wordpress\/ -->\n<title>Vi\u00ean u\u1ed1ng h\u1ed7 tr\u1ee3 tim m\u1ea1ch Coenzyme Q10 Orihiro 90 vi\u00ean- H\u00e0ng Nh\u1eadt n\u1ed9i \u0111\u1ecba - Ly Daily<\/title>\n<meta name=\"robots\" content=\"index, follow, max-snippet:-1, max-image-preview:large, max-video-preview:-1\" \/>\n<link rel=\"canonical\" href=\"https:\/\/lydaily.vn\/jp\/san-pham\/vien-uong-ho-tro-tim-mach-coenzyme-q10-orihiro-90-vien-hang-nhat-noi-dia\/\" \/>\n<meta property=\"og:locale\" content=\"vi_VN\" \/>\n<meta property=\"og:type\" content=\"article\" \/>\n<meta property=\"og:title\" content=\"Vi\u00ean u\u1ed1ng h\u1ed7 tr\u1ee3 tim m\u1ea1ch Coenzyme Q10 Orihiro 90 vi\u00ean- H\u00e0ng Nh\u1eadt n\u1ed9i \u0111\u1ecba\" \/>\n<meta property=\"og:description\" content=\"Th\u01b0\u01a1ng hi\u1ec7u:\u00a0 Orihiro  Ngu\u1ed3n g\u1ed1c: Nh\u1eadt B\u1ea3n  Quy c\u00e1ch: \u00a01 h\u1ed9p\/90 Vi\u00ean\" \/>\n<meta property=\"og:url\" content=\"https:\/\/lydaily.vn\/jp\/san-pham\/vien-uong-ho-tro-tim-mach-coenzyme-q10-orihiro-90-vien-hang-nhat-noi-dia\/\" \/>\n<meta property=\"og:site_name\" content=\"Ly Daily\" \/>\n<meta property=\"article:modified_time\" content=\"2026-03-13T04:11:56+00:00\" \/>\n<meta property=\"og:image\" content=\"https:\/\/lydaily.vn\/jp\/wp-content\/uploads\/2026\/02\/Vien-uong-ho-tro-tim-mach-Coenzyme-Q10-Orihiro-90-vien-Hang-Nhat-noi-dia.webp\" \/>\n\t<meta property=\"og:image:width\" content=\"1000\" \/>\n\t<meta property=\"og:image:height\" content=\"1000\" \/>\n\t<meta property=\"og:image:type\" content=\"image\/webp\" \/>\n<meta name=\"twitter:card\" content=\"summary_large_image\" \/>\n<meta name=\"twitter:label1\" content=\"\u01af\u1edbc t\u00ednh th\u1eddi gian \u0111\u1ecdc\" \/>\n\t<meta name=\"twitter:data1\" content=\"3 ph\u00fat\" \/>\n<script type=\"application\/ld+json\" class=\"yoast-schema-graph\">{\"@context\":\"https:\/\/schema.org\",\"@graph\":[{\"@type\":\"WebPage\",\"@id\":\"https:\/\/lydaily.vn\/jp\/san-pham\/vien-uong-ho-tro-tim-mach-coenzyme-q10-orihiro-90-vien-hang-nhat-noi-dia\/\",\"url\":\"https:\/\/lydaily.vn\/jp\/san-pham\/vien-uong-ho-tro-tim-mach-coenzyme-q10-orihiro-90-vien-hang-nhat-noi-dia\/\",\"name\":\"Vi\u00ean u\u1ed1ng h\u1ed7 tr\u1ee3 tim m\u1ea1ch Coenzyme Q10 Orihiro 90 vi\u00ean- H\u00e0ng Nh\u1eadt n\u1ed9i \u0111\u1ecba - Ly Daily\",\"isPartOf\":{\"@id\":\"https:\/\/lydaily.vn\/jp\/#website\"},\"primaryImageOfPage\":{\"@id\":\"https:\/\/lydaily.vn\/jp\/san-pham\/vien-uong-ho-tro-tim-mach-coenzyme-q10-orihiro-90-vien-hang-nhat-noi-dia\/#primaryimage\"},\"image\":{\"@id\":\"https:\/\/lydaily.vn\/jp\/san-pham\/vien-uong-ho-tro-tim-mach-coenzyme-q10-orihiro-90-vien-hang-nhat-noi-dia\/#primaryimage\"},\"thumbnailUrl\":\"https:\/\/lydaily.vn\/jp\/wp-content\/uploads\/2026\/02\/Vien-uong-ho-tro-tim-mach-Coenzyme-Q10-Orihiro-90-vien-Hang-Nhat-noi-dia.webp\",\"datePublished\":\"2026-02-27T02:45:39+00:00\",\"dateModified\":\"2026-03-13T04:11:56+00:00\",\"breadcrumb\":{\"@id\":\"https:\/\/lydaily.vn\/jp\/san-pham\/vien-uong-ho-tro-tim-mach-coenzyme-q10-orihiro-90-vien-hang-nhat-noi-dia\/#breadcrumb\"},\"inLanguage\":\"vi\",\"potentialAction\":[{\"@type\":\"ReadAction\",\"target\":[\"https:\/\/lydaily.vn\/jp\/san-pham\/vien-uong-ho-tro-tim-mach-coenzyme-q10-orihiro-90-vien-hang-nhat-noi-dia\/\"]}]},{\"@type\":\"ImageObject\",\"inLanguage\":\"vi\",\"@id\":\"https:\/\/lydaily.vn\/jp\/san-pham\/vien-uong-ho-tro-tim-mach-coenzyme-q10-orihiro-90-vien-hang-nhat-noi-dia\/#primaryimage\",\"url\":\"https:\/\/lydaily.vn\/jp\/wp-content\/uploads\/2026\/02\/Vien-uong-ho-tro-tim-mach-Coenzyme-Q10-Orihiro-90-vien-Hang-Nhat-noi-dia.webp\",\"contentUrl\":\"https:\/\/lydaily.vn\/jp\/wp-content\/uploads\/2026\/02\/Vien-uong-ho-tro-tim-mach-Coenzyme-Q10-Orihiro-90-vien-Hang-Nhat-noi-dia.webp\",\"width\":1000,\"height\":1000},{\"@type\":\"BreadcrumbList\",\"@id\":\"https:\/\/lydaily.vn\/jp\/san-pham\/vien-uong-ho-tro-tim-mach-coenzyme-q10-orihiro-90-vien-hang-nhat-noi-dia\/#breadcrumb\",\"itemListElement\":[{\"@type\":\"ListItem\",\"position\":1,\"name\":\"Home\",\"item\":\"https:\/\/lydaily.vn\/jp\/\"},{\"@type\":\"ListItem\",\"position\":2,\"name\":\"S\u1ea3n ph\u1ea9m\",\"item\":\"https:\/\/lydaily.vn\/jp\/san-pham\/\"},{\"@type\":\"ListItem\",\"position\":3,\"name\":\"Vi\u00ean u\u1ed1ng h\u1ed7 tr\u1ee3 tim m\u1ea1ch Coenzyme Q10 Orihiro 90 vi\u00ean- H\u00e0ng Nh\u1eadt n\u1ed9i \u0111\u1ecba\"}]},{\"@type\":\"WebSite\",\"@id\":\"https:\/\/lydaily.vn\/jp\/#website\",\"url\":\"https:\/\/lydaily.vn\/jp\/\",\"name\":\"Ly Daily\",\"description\":\"Th\u1ef1c Ph\u1ea9m Ch\u1ee9c N\u0103ng &amp; M\u1ef9 Ph\u1ea9m t\u1ea1i Nh\u1eadt B\u1ea3n v\u00e0 Vi\u1ec7t Nam\",\"potentialAction\":[{\"@type\":\"SearchAction\",\"target\":{\"@type\":\"EntryPoint\",\"urlTemplate\":\"https:\/\/lydaily.vn\/jp\/?s={search_term_string}\"},\"query-input\":{\"@type\":\"PropertyValueSpecification\",\"valueRequired\":true,\"valueName\":\"search_term_string\"}}],\"inLanguage\":\"vi\"}]}<\/script>\n<!-- \/ Yoast SEO Premium plugin. -->","yoast_head_json":{"title":"Vi\u00ean u\u1ed1ng h\u1ed7 tr\u1ee3 tim m\u1ea1ch Coenzyme Q10 Orihiro 90 vi\u00ean- H\u00e0ng Nh\u1eadt n\u1ed9i \u0111\u1ecba - Ly Daily","robots":{"index":"index","follow":"follow","max-snippet":"max-snippet:-1","max-image-preview":"max-image-preview:large","max-video-preview":"max-video-preview:-1"},"canonical":"https:\/\/lydaily.vn\/jp\/san-pham\/vien-uong-ho-tro-tim-mach-coenzyme-q10-orihiro-90-vien-hang-nhat-noi-dia\/","og_locale":"vi_VN","og_type":"article","og_title":"Vi\u00ean u\u1ed1ng h\u1ed7 tr\u1ee3 tim m\u1ea1ch Coenzyme Q10 Orihiro 90 vi\u00ean- H\u00e0ng Nh\u1eadt n\u1ed9i \u0111\u1ecba","og_description":"Th\u01b0\u01a1ng hi\u1ec7u:\u00a0 Orihiro  Ngu\u1ed3n g\u1ed1c: Nh\u1eadt B\u1ea3n  Quy c\u00e1ch: \u00a01 h\u1ed9p\/90 Vi\u00ean","og_url":"https:\/\/lydaily.vn\/jp\/san-pham\/vien-uong-ho-tro-tim-mach-coenzyme-q10-orihiro-90-vien-hang-nhat-noi-dia\/","og_site_name":"Ly Daily","article_modified_time":"2026-03-13T04:11:56+00:00","og_image":[{"width":1000,"height":1000,"url":"https:\/\/lydaily.vn\/jp\/wp-content\/uploads\/2026\/02\/Vien-uong-ho-tro-tim-mach-Coenzyme-Q10-Orihiro-90-vien-Hang-Nhat-noi-dia.webp","type":"image\/webp"}],"twitter_card":"summary_large_image","twitter_misc":{"\u01af\u1edbc t\u00ednh th\u1eddi gian \u0111\u1ecdc":"3 ph\u00fat"},"schema":{"@context":"https:\/\/schema.org","@graph":[{"@type":"WebPage","@id":"https:\/\/lydaily.vn\/jp\/san-pham\/vien-uong-ho-tro-tim-mach-coenzyme-q10-orihiro-90-vien-hang-nhat-noi-dia\/","url":"https:\/\/lydaily.vn\/jp\/san-pham\/vien-uong-ho-tro-tim-mach-coenzyme-q10-orihiro-90-vien-hang-nhat-noi-dia\/","name":"Vi\u00ean u\u1ed1ng h\u1ed7 tr\u1ee3 tim m\u1ea1ch Coenzyme Q10 Orihiro 90 vi\u00ean- H\u00e0ng Nh\u1eadt n\u1ed9i \u0111\u1ecba - Ly Daily","isPartOf":{"@id":"https:\/\/lydaily.vn\/jp\/#website"},"primaryImageOfPage":{"@id":"https:\/\/lydaily.vn\/jp\/san-pham\/vien-uong-ho-tro-tim-mach-coenzyme-q10-orihiro-90-vien-hang-nhat-noi-dia\/#primaryimage"},"image":{"@id":"https:\/\/lydaily.vn\/jp\/san-pham\/vien-uong-ho-tro-tim-mach-coenzyme-q10-orihiro-90-vien-hang-nhat-noi-dia\/#primaryimage"},"thumbnailUrl":"https:\/\/lydaily.vn\/jp\/wp-content\/uploads\/2026\/02\/Vien-uong-ho-tro-tim-mach-Coenzyme-Q10-Orihiro-90-vien-Hang-Nhat-noi-dia.webp","datePublished":"2026-02-27T02:45:39+00:00","dateModified":"2026-03-13T04:11:56+00:00","breadcrumb":{"@id":"https:\/\/lydaily.vn\/jp\/san-pham\/vien-uong-ho-tro-tim-mach-coenzyme-q10-orihiro-90-vien-hang-nhat-noi-dia\/#breadcrumb"},"inLanguage":"vi","potentialAction":[{"@type":"ReadAction","target":["https:\/\/lydaily.vn\/jp\/san-pham\/vien-uong-ho-tro-tim-mach-coenzyme-q10-orihiro-90-vien-hang-nhat-noi-dia\/"]}]},{"@type":"ImageObject","inLanguage":"vi","@id":"https:\/\/lydaily.vn\/jp\/san-pham\/vien-uong-ho-tro-tim-mach-coenzyme-q10-orihiro-90-vien-hang-nhat-noi-dia\/#primaryimage","url":"https:\/\/lydaily.vn\/jp\/wp-content\/uploads\/2026\/02\/Vien-uong-ho-tro-tim-mach-Coenzyme-Q10-Orihiro-90-vien-Hang-Nhat-noi-dia.webp","contentUrl":"https:\/\/lydaily.vn\/jp\/wp-content\/uploads\/2026\/02\/Vien-uong-ho-tro-tim-mach-Coenzyme-Q10-Orihiro-90-vien-Hang-Nhat-noi-dia.webp","width":1000,"height":1000},{"@type":"BreadcrumbList","@id":"https:\/\/lydaily.vn\/jp\/san-pham\/vien-uong-ho-tro-tim-mach-coenzyme-q10-orihiro-90-vien-hang-nhat-noi-dia\/#breadcrumb","itemListElement":[{"@type":"ListItem","position":1,"name":"Home","item":"https:\/\/lydaily.vn\/jp\/"},{"@type":"ListItem","position":2,"name":"S\u1ea3n ph\u1ea9m","item":"https:\/\/lydaily.vn\/jp\/san-pham\/"},{"@type":"ListItem","position":3,"name":"Vi\u00ean u\u1ed1ng h\u1ed7 tr\u1ee3 tim m\u1ea1ch Coenzyme Q10 Orihiro 90 vi\u00ean- H\u00e0ng Nh\u1eadt n\u1ed9i \u0111\u1ecba"}]},{"@type":"WebSite","@id":"https:\/\/lydaily.vn\/jp\/#website","url":"https:\/\/lydaily.vn\/jp\/","name":"Ly Daily","description":"Th\u1ef1c Ph\u1ea9m Ch\u1ee9c N\u0103ng &amp; M\u1ef9 Ph\u1ea9m t\u1ea1i Nh\u1eadt B\u1ea3n v\u00e0 Vi\u1ec7t Nam","potentialAction":[{"@type":"SearchAction","target":{"@type":"EntryPoint","urlTemplate":"https:\/\/lydaily.vn\/jp\/?s={search_term_string}"},"query-input":{"@type":"PropertyValueSpecification","valueRequired":true,"valueName":"search_term_string"}}],"inLanguage":"vi"}]}},"_links":{"self":[{"href":"https:\/\/lydaily.vn\/jp\/wp-json\/wp\/v2\/product\/112","targetHints":{"allow":["GET"]}}],"collection":[{"href":"https:\/\/lydaily.vn\/jp\/wp-json\/wp\/v2\/product"}],"about":[{"href":"https:\/\/lydaily.vn\/jp\/wp-json\/wp\/v2\/types\/product"}],"replies":[{"embeddable":true,"href":"https:\/\/lydaily.vn\/jp\/wp-json\/wp\/v2\/comments?post=112"}],"wp:featuredmedia":[{"embeddable":true,"href":"https:\/\/lydaily.vn\/jp\/wp-json\/wp\/v2\/media\/113"}],"wp:attachment":[{"href":"https:\/\/lydaily.vn\/jp\/wp-json\/wp\/v2\/media?parent=112"}],"wp:term":[{"taxonomy":"product_brand","embeddable":true,"href":"https:\/\/lydaily.vn\/jp\/wp-json\/wp\/v2\/product_brand?post=112"},{"taxonomy":"product_cat","embeddable":true,"href":"https:\/\/lydaily.vn\/jp\/wp-json\/wp\/v2\/product_cat?post=112"},{"taxonomy":"product_tag","embeddable":true,"href":"https:\/\/lydaily.vn\/jp\/wp-json\/wp\/v2\/product_tag?post=112"}],"curies":[{"name":"wp","href":"https:\/\/api.w.org\/{rel}","templated":true}]}}